{"id":8299,"date":"2023-02-27T15:47:44","date_gmt":"2023-02-27T13:47:44","guid":{"rendered":"https:\/\/emplonet.lt\/recruitment-agency-in-vilnius\/"},"modified":"2025-02-19T11:47:40","modified_gmt":"2025-02-19T09:47:40","slug":"recruitment-agency-in-vilnius","status":"publish","type":"page","link":"https:\/\/emplonet.lt\/en\/recruitment-agency-in-vilnius\/","title":{"rendered":"Recruitment agency in Vilnius"},"content":{"rendered":"<div class=\"wpb-content-wrapper\"><p>[vc_row row_height_percent=&#8221;20&#8243; back_color=&#8221;color-xsdn&#8221; back_image=&#8221;5923&#8243; overlay_alpha=&#8221;50&#8243; gutter_size=&#8221;3&#8243; column_width_percent=&#8221;100&#8243; shift_y=&#8221;0&#8243; z_index=&#8221;0&#8243; uncode_shortcode_id=&#8221;933365&#8243; back_color_type=&#8221;uncode-palette&#8221;][vc_column column_width_percent=&#8221;100&#8243; gutter_size=&#8221;3&#8243; back_color=&#8221;color-703045&#8243; overlay_alpha=&#8221;50&#8243; shift_x=&#8221;0&#8243; shift_y=&#8221;0&#8243; shift_y_down=&#8221;0&#8243; z_index=&#8221;0&#8243; medium_width=&#8221;0&#8243; mobile_width=&#8221;0&#8243; width=&#8221;1\/2&#8243; uncode_shortcode_id=&#8221;672085&#8243; back_color_type=&#8221;uncode-palette&#8221;][vc_custom_heading heading_semantic=&#8221;h1&#8243; text_size=&#8221;h1&#8243; uncode_shortcode_id=&#8221;208226&#8243;]<\/p>\n<h2>Recruitment agency in Vilnius<\/h2>\n<p>[\/vc_custom_heading][vc_column_text uncode_shortcode_id=&#8221;946900&#8243;]As the capital of Lithuania and an important economic centre, Vilnius offers a wealth of employment opportunities in a wide range of fields. Thanks to its dynamic business environment, Vilnius is home to a wide range of international and local organizations that are constantly on the lookout for talented professionals.[\/vc_column_text][vc_button button_color=&#8221;color-145278&#8243; border_width=&#8221;0&#8243; button_color_type=&#8221;uncode-palette&#8221; uncode_shortcode_id=&#8221;111300&#8243; link=&#8221;url:https%3A%2F%2Femplonet.lt%2Fen%2Fcontacts%2F%23susisiekite|title:Contacts|&#8221;]Contact us[\/vc_button][\/vc_column][vc_column width=&#8221;1\/2&#8243;][\/vc_column][\/vc_row][vc_row][vc_column width=&#8221;1\/1&#8243;][vc_column_text uncode_shortcode_id=&#8221;605678&#8243;]<\/p>\n<h2><b><strong>Executive recruitment in Vilnius<\/strong><\/b><\/h2>\n<p>We professionally conduct headhunting. This is an important part of the recruitment process, which we use when it comes to attracting the most desirable highly skilled professionals and managers at different levels.<\/p>\n<p>&#8220;During a headhunt, we only target specific candidates who are not actively looking for work. Getting them interested in a new job offer takes time, special knowledge, skills and techniques that we know and can apply to save your organisation&#8217;s HR resources. By entrusting us with the process of executive recruitment in Vilnius, you will avoid the potential inconvenience that can arise when an organisation tries to attract employees on its own.<\/p>\n<h2><b><strong>Partial recruitment in Vilnius<\/strong><\/b><\/h2>\n<p>The recruitment process involves many steps and companies looking for new team members don&#8217;t always have the resources to carry out them all themselves. It is convenient to outsource part of the recruitment process to a recruitment agency &#8211; this is known as partial recruitment.<\/p>\n<p>In Vilnius, partial recruitment is particularly useful to save time, financial and human resources that need to be devoted to finding and attracting candidates.<\/p>\n<h2><b><strong>IT recruitment in Vilnius<\/strong><\/b><\/h2>\n<p>Competition in the IT sector in Vilnius is fierce, and it requires in-depth knowledge, skills and experience to attract professionals to new career opportunities. Emplonet has been recruiting IT professionals in Vilnius for many years &#8211; with a strong team, we established our IT recruitment division in 2021, and our professional staff helps organisations to effectively find and attract talented IT professionals.<\/p>\n<h2><b><strong>Candidate testing in Vilnius<\/strong><\/b><\/h2>\n<p>Our recruitment solutions use reliable psychological tests that increase the accuracy of candidate assessments by up to 15%. Candidate testing in Vilnius or any other city in Lithuania is carried out remotely without any obstacles.<\/p>\n<p>Our specialists are ready to provide advice on interpreting the results of the texts and comparing scores. It is important that candidate testing is carried out by professionals, as misinterpreting results or making decisions based solely on tests can reduce the success of a selection.[\/vc_column_text][\/vc_column][\/vc_row][vc_row row_height_percent=&#8221;0&#8243; back_color=&#8221;color-703045&#8243; overlay_alpha=&#8221;50&#8243; gutter_size=&#8221;3&#8243; column_width_percent=&#8221;100&#8243; shift_y=&#8221;0&#8243; z_index=&#8221;0&#8243; uncode_shortcode_id=&#8221;623397&#8243; back_color_type=&#8221;uncode-palette&#8221;][vc_column width=&#8221;1\/1&#8243;][vc_column_text uncode_shortcode_id=&#8221;234024&#8243;]<\/p>\n<h2>Frequently asked questions<\/h2>\n<h3><b><strong>What testing services are available in Vilnius?<\/strong><\/b><\/h3>\n<p>Emplonet provides the following testing services in Vilnius:<\/p>\n<ul>\n<li>Personal characteristics questionnaire NEO-TRI\/2;<\/li>\n<li>Executive Personality Inventory MPI;<\/li>\n<li>Mental Ability Test VVS\/7;<\/li>\n<li>Visual Information Perception, Speed and Accuracy Test (VKT);<\/li>\n<li>Spatial Aptitude Test RVS;<\/li>\n<li>Manager&#8217;s Mental Ability Test MMAS.<\/li>\n<\/ul>\n<p>The personality tests are administered remotely, so you can take them at any location convenient to you. The Mental Ability Tests need to be administered under the supervision of a consultant &#8211; this can be done remotely or in person at our offices in Vilnius, Kaunas and Klaip\u0117da.<\/p>\n<p>We also carry out research and surveys for organisations.<\/p>\n<h3><b><strong>How is recruitment in Vilnius conducted?<\/strong><\/b><\/h3>\n<p>To find out how recruitment in Vilnius is carried out, please contact our consultants. We will assign a specialist to help you identify your recruitment needs, clarify your expectations and develop an effective recruitment strategy.<\/p>\n<p>Emplonet&#8217;s mission is to help employers and employees achieve their goals by ensuring an efficient and smooth recruitment process.[\/vc_column_text][vc_button button_color=&#8221;color-145278&#8243; border_width=&#8221;0&#8243; button_color_type=&#8221;uncode-palette&#8221; uncode_shortcode_id=&#8221;111300&#8243; link=&#8221;url:https%3A%2F%2Femplonet.lt%2Fen%2Fcontacts%2F%23susisiekite|title:Contacts|&#8221;]Contact us[\/vc_button][\/vc_column][\/vc_row][vc_row][vc_column width=&#8221;1\/1&#8243;][vc_custom_heading uncode_shortcode_id=&#8221;559111&#8243;]Other services[\/vc_custom_heading][vc_row_inner][vc_column_inner width=&#8221;1\/4&#8243;][vc_button button_color=&#8221;color-145278&#8243; border_width=&#8221;0&#8243; link=&#8221;url:https%3A%2F%2Femplonet.lt%2Fen%2Fit-specialist-recruitment-and-selection%2F|&#8221; button_color_type=&#8221;uncode-palette&#8221; uncode_shortcode_id=&#8221;313254&#8243;]IT recruitment[\/vc_button][\/vc_column_inner][vc_column_inner width=&#8221;1\/4&#8243;][vc_button button_color=&#8221;color-145278&#8243; border_width=&#8221;0&#8243; link=&#8221;url:https%3A%2F%2Femplonet.lt%2Fen%2Ffor-clients%2Ftripod-test%2F&#8221; button_color_type=&#8221;uncode-palette&#8221; uncode_shortcode_id=&#8221;372853&#8243;]Tripod tests[\/vc_button][\/vc_column_inner][vc_column_inner width=&#8221;1\/4&#8243;][vc_button button_color=&#8221;color-145278&#8243; border_width=&#8221;0&#8243; link=&#8221;url:https%3A%2F%2Femplonet.lt%2Fen%2Fspecialist-recruitment%2F|&#8221; button_color_type=&#8221;uncode-palette&#8221; uncode_shortcode_id=&#8221;214476&#8243;]Specialist recruitment[\/vc_button][\/vc_column_inner][vc_column_inner width=&#8221;1\/4&#8243;][vc_button button_color=&#8221;color-145278&#8243; border_width=&#8221;0&#8243; link=&#8221;url:https%3A%2F%2Femplonet.lt%2Fen%2Fexecutive-recruitment%2F|&#8221; button_color_type=&#8221;uncode-palette&#8221; uncode_shortcode_id=&#8221;586245&#8243;]Executive search[\/vc_button][\/vc_column_inner][\/vc_row_inner][\/vc_column][\/vc_row][vc_row][vc_column width=&#8221;1\/1&#8243;][uncode_block id=&#8221;74&#8243;][\/vc_column][\/vc_row]<\/p>\n<\/div>","protected":false},"excerpt":{"rendered":"<p>[vc_row row_height_percent=&#8221;20&#8243; back_color=&#8221;color-xsdn&#8221; back_image=&#8221;5923&#8243; overlay_alpha=&#8221;50&#8243; gutter_size=&#8221;3&#8243; column_width_percent=&#8221;100&#8243; shift_y=&#8221;0&#8243; z_index=&#8221;0&#8243; uncode_shortcode_id=&#8221;933365&#8243; back_color_type=&#8221;uncode-palette&#8221;][vc_column column_width_percent=&#8221;100&#8243; gutter_size=&#8221;3&#8243; back_color=&#8221;color-703045&#8243; overlay_alpha=&#8221;50&#8243; shift_x=&#8221;0&#8243; shift_y=&#8221;0&#8243; shift_y_down=&#8221;0&#8243; z_index=&#8221;0&#8243; medium_width=&#8221;0&#8243; [&hellip;]<\/p>\n","protected":false},"author":18,"featured_media":1189,"parent":0,"menu_order":0,"comment_status":"closed","ping_status":"closed","template":"","meta":{"footnotes":""},"class_list":["post-8299","page","type-page","status-publish","has-post-thumbnail","hentry"],"yoast_head":"<!-- This site is optimized with the Yoast SEO plugin v23.0 - https:\/\/yoast.com\/wordpress\/plugins\/seo\/ -->\n<title>Recruitment agency in Vilnius - Emplonet<\/title>\n<meta name=\"description\" content=\"Recruitment agency in Vilnius \u2611\ufe0f Emplonet.lt. Highly qualified talent and executive attraction and recruitment services. Contact us!\" \/>\n<meta name=\"robots\" content=\"index, follow, max-snippet:-1, max-image-preview:large, max-video-preview:-1\" \/>\n<link rel=\"canonical\" href=\"https:\/\/emplonet.lt\/en\/recruitment-agency-in-vilnius\/\" \/>\n<meta property=\"og:locale\" content=\"en_US\" \/>\n<meta property=\"og:type\" content=\"article\" \/>\n<meta property=\"og:title\" content=\"Recruitment agency in Vilnius\" \/>\n<meta property=\"og:description\" content=\"Hiring the right person reduces staff turnover, saves time and money, and enables teams to achieve long-term goals.\" \/>\n<meta property=\"og:url\" content=\"https:\/\/emplonet.lt\/en\/recruitment-agency-in-vilnius\/\" \/>\n<meta property=\"og:site_name\" content=\"Emplonet\" \/>\n<meta property=\"article:modified_time\" content=\"2025-02-19T09:47:40+00:00\" \/>\n<meta property=\"og:image\" content=\"https:\/\/emplonet.lt\/wp-content\/uploads\/2021\/12\/logo_template.jpg\" \/>\n<meta name=\"twitter:card\" content=\"summary_large_image\" \/>\n<meta name=\"twitter:title\" content=\"Recruitment agency in Vilnius\" \/>\n<meta name=\"twitter:description\" content=\"Hiring the right person reduces staff turnover, saves time and money, and enables teams to achieve long-term goals.\" \/>\n<meta name=\"twitter:image\" content=\"https:\/\/emplonet.lt\/wp-content\/uploads\/2021\/12\/logo_template.jpg\" \/>\n<meta name=\"twitter:label1\" content=\"Est. reading time\" \/>\n\t<meta name=\"twitter:data1\" content=\"4 minutes\" \/>\n<script type=\"application\/ld+json\" class=\"yoast-schema-graph\">{\"@context\":\"https:\/\/schema.org\",\"@graph\":[{\"@type\":\"WebPage\",\"@id\":\"https:\/\/emplonet.lt\/en\/recruitment-agency-in-vilnius\/\",\"url\":\"https:\/\/emplonet.lt\/en\/recruitment-agency-in-vilnius\/\",\"name\":\"Recruitment agency in Vilnius - Emplonet\",\"isPartOf\":{\"@id\":\"https:\/\/emplonet.lt\/#website\"},\"primaryImageOfPage\":{\"@id\":\"https:\/\/emplonet.lt\/en\/recruitment-agency-in-vilnius\/#primaryimage\"},\"image\":{\"@id\":\"https:\/\/emplonet.lt\/en\/recruitment-agency-in-vilnius\/#primaryimage\"},\"thumbnailUrl\":\"https:\/\/emplonet.lt\/wp-content\/uploads\/2021\/12\/logo_template.jpg\",\"datePublished\":\"2023-02-27T13:47:44+00:00\",\"dateModified\":\"2025-02-19T09:47:40+00:00\",\"description\":\"Recruitment agency in Vilnius \u2611\ufe0f Emplonet.lt. Highly qualified talent and executive attraction and recruitment services. Contact us!\",\"breadcrumb\":{\"@id\":\"https:\/\/emplonet.lt\/en\/recruitment-agency-in-vilnius\/#breadcrumb\"},\"inLanguage\":\"en-US\",\"potentialAction\":[{\"@type\":\"ReadAction\",\"target\":[\"https:\/\/emplonet.lt\/en\/recruitment-agency-in-vilnius\/\"]}]},{\"@type\":\"ImageObject\",\"inLanguage\":\"en-US\",\"@id\":\"https:\/\/emplonet.lt\/en\/recruitment-agency-in-vilnius\/#primaryimage\",\"url\":\"https:\/\/emplonet.lt\/wp-content\/uploads\/2021\/12\/logo_template.jpg\",\"contentUrl\":\"https:\/\/emplonet.lt\/wp-content\/uploads\/2021\/12\/logo_template.jpg\",\"width\":600,\"height\":600},{\"@type\":\"BreadcrumbList\",\"@id\":\"https:\/\/emplonet.lt\/en\/recruitment-agency-in-vilnius\/#breadcrumb\",\"itemListElement\":[{\"@type\":\"ListItem\",\"position\":1,\"name\":\"Home\",\"item\":\"https:\/\/emplonet.lt\/en\/home\/\"},{\"@type\":\"ListItem\",\"position\":2,\"name\":\"Recruitment agency in Vilnius\"}]},{\"@type\":\"WebSite\",\"@id\":\"https:\/\/emplonet.lt\/#website\",\"url\":\"https:\/\/emplonet.lt\/\",\"name\":\"Emplonet\",\"description\":\"Erdv\u0117 augti verslams ir \u017emon\u0117ms\",\"potentialAction\":[{\"@type\":\"SearchAction\",\"target\":{\"@type\":\"EntryPoint\",\"urlTemplate\":\"https:\/\/emplonet.lt\/?s={search_term_string}\"},\"query-input\":\"required name=search_term_string\"}],\"inLanguage\":\"en-US\"}]}<\/script>\n<!-- \/ Yoast SEO plugin. -->","yoast_head_json":{"title":"Recruitment agency in Vilnius - Emplonet","description":"Recruitment agency in Vilnius \u2611\ufe0f Emplonet.lt. Highly qualified talent and executive attraction and recruitment services. Contact us!","robots":{"index":"index","follow":"follow","max-snippet":"max-snippet:-1","max-image-preview":"max-image-preview:large","max-video-preview":"max-video-preview:-1"},"canonical":"https:\/\/emplonet.lt\/en\/recruitment-agency-in-vilnius\/","og_locale":"en_US","og_type":"article","og_title":"Recruitment agency in Vilnius","og_description":"Hiring the right person reduces staff turnover, saves time and money, and enables teams to achieve long-term goals.","og_url":"https:\/\/emplonet.lt\/en\/recruitment-agency-in-vilnius\/","og_site_name":"Emplonet","article_modified_time":"2025-02-19T09:47:40+00:00","og_image":[{"url":"https:\/\/emplonet.lt\/wp-content\/uploads\/2021\/12\/logo_template.jpg"}],"twitter_card":"summary_large_image","twitter_title":"Recruitment agency in Vilnius","twitter_description":"Hiring the right person reduces staff turnover, saves time and money, and enables teams to achieve long-term goals.","twitter_image":"https:\/\/emplonet.lt\/wp-content\/uploads\/2021\/12\/logo_template.jpg","twitter_misc":{"Est. reading time":"4 minutes"},"schema":{"@context":"https:\/\/schema.org","@graph":[{"@type":"WebPage","@id":"https:\/\/emplonet.lt\/en\/recruitment-agency-in-vilnius\/","url":"https:\/\/emplonet.lt\/en\/recruitment-agency-in-vilnius\/","name":"Recruitment agency in Vilnius - Emplonet","isPartOf":{"@id":"https:\/\/emplonet.lt\/#website"},"primaryImageOfPage":{"@id":"https:\/\/emplonet.lt\/en\/recruitment-agency-in-vilnius\/#primaryimage"},"image":{"@id":"https:\/\/emplonet.lt\/en\/recruitment-agency-in-vilnius\/#primaryimage"},"thumbnailUrl":"https:\/\/emplonet.lt\/wp-content\/uploads\/2021\/12\/logo_template.jpg","datePublished":"2023-02-27T13:47:44+00:00","dateModified":"2025-02-19T09:47:40+00:00","description":"Recruitment agency in Vilnius \u2611\ufe0f Emplonet.lt. Highly qualified talent and executive attraction and recruitment services. Contact us!","breadcrumb":{"@id":"https:\/\/emplonet.lt\/en\/recruitment-agency-in-vilnius\/#breadcrumb"},"inLanguage":"en-US","potentialAction":[{"@type":"ReadAction","target":["https:\/\/emplonet.lt\/en\/recruitment-agency-in-vilnius\/"]}]},{"@type":"ImageObject","inLanguage":"en-US","@id":"https:\/\/emplonet.lt\/en\/recruitment-agency-in-vilnius\/#primaryimage","url":"https:\/\/emplonet.lt\/wp-content\/uploads\/2021\/12\/logo_template.jpg","contentUrl":"https:\/\/emplonet.lt\/wp-content\/uploads\/2021\/12\/logo_template.jpg","width":600,"height":600},{"@type":"BreadcrumbList","@id":"https:\/\/emplonet.lt\/en\/recruitment-agency-in-vilnius\/#breadcrumb","itemListElement":[{"@type":"ListItem","position":1,"name":"Home","item":"https:\/\/emplonet.lt\/en\/home\/"},{"@type":"ListItem","position":2,"name":"Recruitment agency in Vilnius"}]},{"@type":"WebSite","@id":"https:\/\/emplonet.lt\/#website","url":"https:\/\/emplonet.lt\/","name":"Emplonet","description":"Erdv\u0117 augti verslams ir \u017emon\u0117ms","potentialAction":[{"@type":"SearchAction","target":{"@type":"EntryPoint","urlTemplate":"https:\/\/emplonet.lt\/?s={search_term_string}"},"query-input":"required name=search_term_string"}],"inLanguage":"en-US"}]}},"_links":{"self":[{"href":"https:\/\/emplonet.lt\/en\/wp-json\/wp\/v2\/pages\/8299"}],"collection":[{"href":"https:\/\/emplonet.lt\/en\/wp-json\/wp\/v2\/pages"}],"about":[{"href":"https:\/\/emplonet.lt\/en\/wp-json\/wp\/v2\/types\/page"}],"author":[{"embeddable":true,"href":"https:\/\/emplonet.lt\/en\/wp-json\/wp\/v2\/users\/18"}],"replies":[{"embeddable":true,"href":"https:\/\/emplonet.lt\/en\/wp-json\/wp\/v2\/comments?post=8299"}],"version-history":[{"count":5,"href":"https:\/\/emplonet.lt\/en\/wp-json\/wp\/v2\/pages\/8299\/revisions"}],"predecessor-version":[{"id":8304,"href":"https:\/\/emplonet.lt\/en\/wp-json\/wp\/v2\/pages\/8299\/revisions\/8304"}],"wp:featuredmedia":[{"embeddable":true,"href":"https:\/\/emplonet.lt\/en\/wp-json\/wp\/v2\/media\/1189"}],"wp:attachment":[{"href":"https:\/\/emplonet.lt\/en\/wp-json\/wp\/v2\/media?parent=8299"}],"curies":[{"name":"wp","href":"https:\/\/api.w.org\/{rel}","templated":true}]}}