{"id":7946,"date":"2021-11-20T11:29:39","date_gmt":"2021-11-20T09:29:39","guid":{"rendered":"https:\/\/emplonet.lt\/for-candidates\/"},"modified":"2025-01-30T17:16:56","modified_gmt":"2025-01-30T15:16:56","slug":"for-candidates","status":"publish","type":"page","link":"https:\/\/emplonet.lt\/en\/for-candidates\/","title":{"rendered":"For Candidates"},"content":{"rendered":"<div class=\"wpb-content-wrapper\"><p>[vc_row unlock_row_content=&#8221;yes&#8221; row_height_percent=&#8221;0&#8243; back_color=&#8221;color-xsdn&#8221; overlay_alpha=&#8221;50&#8243; gutter_size=&#8221;3&#8243; column_width_percent=&#8221;100&#8243; shift_y=&#8221;0&#8243; z_index=&#8221;0&#8243; uncode_shortcode_id=&#8221;971820&#8243; back_color_type=&#8221;uncode-palette&#8221;][vc_column column_width_percent=&#8221;100&#8243; position_vertical=&#8221;middle&#8221; gutter_size=&#8221;3&#8243; overlay_alpha=&#8221;50&#8243; shift_x=&#8221;0&#8243; shift_y=&#8221;0&#8243; shift_y_down=&#8221;0&#8243; z_index=&#8221;0&#8243; medium_width=&#8221;0&#8243; mobile_width=&#8221;0&#8243; width=&#8221;2\/3&#8243; uncode_shortcode_id=&#8221;140286&#8243;][vc_accordion][vc_accordion_tab gutter_size=&#8221;2&#8243; column_padding=&#8221;2&#8243; title=&#8221;Job offers&#8221; tab_id=&#8221;1705669931-1-68864-49e1&#8243;][vc_row_inner limit_content=&#8221;&#8221;][vc_column_inner width=&#8221;1\/1&#8243;][vc_custom_heading text_weight=&#8221;700&#8243; desktop_visibility=&#8221;yes&#8221; medium_visibility=&#8221;yes&#8221; mobile_visibility=&#8221;yes&#8221; uncode_shortcode_id=&#8221;283693&#8243;]Job offers[\/vc_custom_heading][vc_custom_heading heading_semantic=&#8221;p&#8221; text_size=&#8221;h3&#8243; uncode_shortcode_id=&#8221;167533&#8243;]Your expectation is to channel your personal and professional qualities in the best possible direction. Our aim is to find the best place for you to develop your competences, grow professionally, realise your strengths and create the greatest added value for yourself and your workplace.[\/vc_custom_heading][vc_column_text uncode_shortcode_id=&#8221;131859&#8243;]During an individual interview, we will professionally assess your expectations and opportunities. Once your needs have been clarified, we will help you find the company that best fits your values.<\/p>\n<p>Our Clients are employers from a wide range of business sectors: traditional businesses, start-ups and unique projects; IT, finance, commerce, sales, procurement and trade, marketing, logistics, administration, customer service, human resources, law, industry, engineering, real estate, energy. So we can offer jobs to professionals in a wide range of fields.<\/p>\n<p>With us, your job search will be smoother and faster than if you were to look for a job on your own.[\/vc_column_text][vc_button button_color=&#8221;color-145278&#8243; border_width=&#8221;0&#8243; uncode_shortcode_id=&#8221;196220&#8243; button_color_type=&#8221;uncode-palette&#8221; link=&#8221;url:https%3A%2F%2Femplonet.lt%2Fen%2Fjob-ads%2F|&#8221;]Job offers[\/vc_button][\/vc_column_inner][\/vc_row_inner][\/vc_accordion_tab][vc_accordion_tab gutter_size=&#8221;2&#8243; column_padding=&#8221;2&#8243; title=&#8221;Career consultations&#8221; tab_id=&#8221;1705669931-2-838864-49e1&#8243;][vc_row_inner limit_content=&#8221;&#8221;][vc_column_inner width=&#8221;1\/1&#8243;][vc_custom_heading text_weight=&#8221;700&#8243; desktop_visibility=&#8221;yes&#8221; medium_visibility=&#8221;yes&#8221; mobile_visibility=&#8221;yes&#8221; uncode_shortcode_id=&#8221;686420&#8243;]Career consultations[\/vc_custom_heading][vc_custom_heading heading_semantic=&#8221;p&#8221; text_size=&#8221;h3&#8243; uncode_shortcode_id=&#8221;139360&#8243;]Starting your career, taking a career break or changing jobs? Our specialist consultations will give you confidence and direction.[\/vc_custom_heading][vc_column_text uncode_shortcode_id=&#8221;520171&#8243;]The consultation will empower you to find your dream job more smoothly and quickly, increasing your chances of finding the job that best matches your values, skills and motivation.<\/p>\n<p>We will inform you about the current situation of the labour market, help you assess your expectations and experience, clarify your professional needs, motivation and opportunities. Based on the results of the Tripod Personality and Mental Ability Test, we will list the professional activities in which you would have the most and the least potential and, if possible, suggest you to employers for suitable positions.<\/p>\n<p>We will help you prepare a professional CV and enhance your professional image on the labour market and social networks.<\/p>\n<p>We will advise you on any other job search issues you may have.[\/vc_column_text][vc_button button_color=&#8221;color-145278&#8243; border_width=&#8221;0&#8243; uncode_shortcode_id=&#8221;140998&#8243; button_color_type=&#8221;uncode-palette&#8221; link=&#8221;url:https%3A%2F%2Femplonet.lt%2Fen%2Ffor-candidates%2Fcareer-consultations%2F&#8221;]More[\/vc_button][\/vc_column_inner][\/vc_row_inner][\/vc_accordion_tab][vc_accordion_tab gutter_size=&#8221;2&#8243; column_padding=&#8221;2&#8243; title=&#8221;Competence assessment (TRIPOD tests)&#8221; tab_id=&#8221;1705670532386-2-58864-49e1&#8243;][vc_row_inner limit_content=&#8221;&#8221;][vc_column_inner width=&#8221;1\/1&#8243;][vc_custom_heading text_weight=&#8221;700&#8243; desktop_visibility=&#8221;yes&#8221; medium_visibility=&#8221;yes&#8221; mobile_visibility=&#8221;yes&#8221; uncode_shortcode_id=&#8221;147008&#8243;]Competence assessment (TRIPOD tests)[\/vc_custom_heading][vc_custom_heading heading_semantic=&#8221;p&#8221; text_size=&#8221;h3&#8243; uncode_shortcode_id=&#8221;191168&#8243;]To help you find the positions that best match your skills, expectations and values, we offer Tripod&#8217;s personal trait and mental ability assessment service.[\/vc_custom_heading][vc_column_text uncode_shortcode_id=&#8221;209104&#8243;]Tripod personal trait and mental ability tests are objective, standardised methods that measure fundamental human qualities that remain constant over time.<\/p>\n<p>These tests assess personal traits, mental ability, motivation, results and teamwork orientation, stress tolerance, and leadership competences. The tests help to determine whether you are suitable for a particular job position much more accurately than an interview alone.<\/p>\n<p>Once you have taken the test, you will receive a detailed analysis of the results with recommendations. We will give you in-person advice on how to interpret the results. This will help you to assess yourself more constructively and consciously, and to anticipate the professional activities with the highest and lowest potential. It will also help you to justify your opinion about yourself in a job interview.[\/vc_column_text][vc_button button_color=&#8221;color-145278&#8243; border_width=&#8221;0&#8243; uncode_shortcode_id=&#8221;211541&#8243; button_color_type=&#8221;uncode-palette&#8221; link=&#8221;url:https%3A%2F%2Femplonet.lt%2Fen%2Ffor-candidates%2Fcompetence-assessment%2F&#8221;]More[\/vc_button][\/vc_column_inner][\/vc_row_inner][\/vc_accordion_tab][vc_accordion_tab gutter_size=&#8221;2&#8243; column_padding=&#8221;2&#8243; title=&#8221;One-to-one coaching sessions&#8221; tab_id=&#8221;1717501418112-3-1&#8243;][vc_row_inner limit_content=&#8221;&#8221;][vc_column_inner column_width_percent=&#8221;100&#8243; gutter_size=&#8221;3&#8243; overlay_alpha=&#8221;50&#8243; shift_x=&#8221;0&#8243; shift_y=&#8221;0&#8243; shift_y_down=&#8221;0&#8243; z_index=&#8221;0&#8243; medium_width=&#8221;0&#8243; mobile_width=&#8221;0&#8243; width=&#8221;1\/1&#8243; uncode_shortcode_id=&#8221;785498&#8243;][vc_custom_heading text_weight=&#8221;700&#8243; desktop_visibility=&#8221;yes&#8221; medium_visibility=&#8221;yes&#8221; mobile_visibility=&#8221;yes&#8221; uncode_shortcode_id=&#8221;117863&#8243;]One-to-one coaching sessions[\/vc_custom_heading][vc_custom_heading heading_semantic=&#8221;p&#8221; text_size=&#8221;h3&#8243; uncode_shortcode_id=&#8221;116169&#8243;]Are you motivated, eager for change, and know your goals, yet hesitant to start? Or perhaps you lack guidance or an action plan to get you moving towards your goal?<\/p>\n<p>We suggest you try one-to-one coaching sessions.[\/vc_custom_heading][vc_column_text uncode_shortcode_id=&#8221;210488&#8243;]<strong>Coaching<\/strong> is the empowerment of personal potential based on different methodologies, leading to positive change, like achieving one\u2019s goals, transforming habits and beliefs, and crystallising core values.<\/p>\n<p>A coach will not try to teach you or give you advice. Instead, they will believe in your potential and help you start believing in it yourself. They will encourage you to take a good look at your values and determine your life goals, or what kind of quality of life you would like to have, and help you prepare an action plan to achieve your goals.<\/p>\n<p><strong>A coach<\/strong> is a professional who uses specific questioning techniques to maximise a person\u2019s potential, encourages them to set ambitious goals, and maps out the steps they need to take to achieve them at work and in their personal life.<\/p>\n<p><strong>A coaching session<\/strong> is a confidential conversation between the client and the coach aimed at finding answers to relevant questions.<\/p>\n<p>During a coaching session, you will overcome inner conflicts and take more confident steps forward.[\/vc_column_text][vc_button button_color=&#8221;color-145278&#8243; border_width=&#8221;0&#8243; uncode_shortcode_id=&#8221;586786&#8243; button_color_type=&#8221;uncode-palette&#8221; link=&#8221;url:https%3A%2F%2Femplonet.lt%2Fen%2Ffor-candidates%2Fone-to-one-coaching-sessions%2F&#8221;]More[\/vc_button][\/vc_column_inner][\/vc_row_inner][\/vc_accordion_tab][\/vc_accordion][\/vc_column][vc_column column_width_percent=&#8221;100&#8243; gutter_size=&#8221;3&#8243; expand_height=&#8221;yes&#8221; back_color=&#8221;color-703045&#8243; back_image=&#8221;5928&#8243; overlay_alpha=&#8221;50&#8243; shift_x=&#8221;0&#8243; shift_y=&#8221;0&#8243; shift_y_down=&#8221;0&#8243; z_index=&#8221;0&#8243; medium_width=&#8221;0&#8243; mobile_width=&#8221;0&#8243; width=&#8221;1\/3&#8243; uncode_shortcode_id=&#8221;158952&#8243; back_color_type=&#8221;uncode-palette&#8221;][vc_row_inner row_inner_height_percent=&#8221;0&#8243; overlay_alpha=&#8221;50&#8243; gutter_size=&#8221;3&#8243; shift_y=&#8221;0&#8243; z_index=&#8221;0&#8243; uncode_shortcode_id=&#8221;802305&#8243; css=&#8221;.vc_custom_1705676304449{padding-top: 150px !important;}&#8221; limit_content=&#8221;&#8221;][vc_column_inner column_width_percent=&#8221;100&#8243; gutter_size=&#8221;3&#8243; override_padding=&#8221;yes&#8221; column_padding=&#8221;2&#8243; overlay_alpha=&#8221;50&#8243; shift_x=&#8221;0&#8243; shift_y=&#8221;0&#8243; shift_y_down=&#8221;0&#8243; z_index=&#8221;0&#8243; medium_visibility=&#8221;yes&#8221; medium_width=&#8221;0&#8243; mobile_visibility=&#8221;yes&#8221; mobile_width=&#8221;0&#8243; width=&#8221;1\/1&#8243; uncode_shortcode_id=&#8221;521985&#8243; css=&#8221;.vc_custom_1717393009106{padding-top: 0px !important;}&#8221;][vc_custom_heading heading_semantic=&#8221;h1&#8243; text_size=&#8221;h1&#8243; text_weight=&#8221;700&#8243; uncode_shortcode_id=&#8221;204806&#8243;]Services for Candidates[\/vc_custom_heading][\/vc_column_inner][\/vc_row_inner][vc_row_inner row_inner_height_percent=&#8221;0&#8243; overlay_alpha=&#8221;50&#8243; gutter_size=&#8221;3&#8243; shift_y=&#8221;0&#8243; z_index=&#8221;0&#8243; uncode_shortcode_id=&#8221;802305&#8243; css=&#8221;.vc_custom_1705676304449{padding-top: 150px !important;}&#8221; limit_content=&#8221;&#8221;][vc_column_inner column_width_percent=&#8221;100&#8243; gutter_size=&#8221;3&#8243; override_padding=&#8221;yes&#8221; column_padding=&#8221;2&#8243; overlay_alpha=&#8221;50&#8243; shift_x=&#8221;0&#8243; shift_y=&#8221;0&#8243; shift_y_down=&#8221;0&#8243; z_index=&#8221;0&#8243; desktop_visibility=&#8221;yes&#8221; medium_width=&#8221;0&#8243; mobile_width=&#8221;0&#8243; width=&#8221;1\/1&#8243; uncode_shortcode_id=&#8221;980418&#8243; css=&#8221;.vc_custom_1712239903560{padding-top: 20px !important;}&#8221;][vc_custom_heading text_color=&#8221;color-xsdn&#8221; heading_semantic=&#8221;p&#8221; text_size=&#8221;h1&#8243; text_weight=&#8221;700&#8243; uncode_shortcode_id=&#8221;183966&#8243; text_color_type=&#8221;uncode-palette&#8221;]Services for Candidates[\/vc_custom_heading][\/vc_column_inner][\/vc_row_inner][\/vc_column][\/vc_row][vc_row][vc_column width=&#8221;1\/1&#8243;][uncode_block id=&#8221;74&#8243;][\/vc_column][\/vc_row]<\/p>\n<\/div>","protected":false},"excerpt":{"rendered":"<p>[vc_row unlock_row_content=&#8221;yes&#8221; row_height_percent=&#8221;0&#8243; back_color=&#8221;color-xsdn&#8221; overlay_alpha=&#8221;50&#8243; gutter_size=&#8221;3&#8243; column_width_percent=&#8221;100&#8243; shift_y=&#8221;0&#8243; z_index=&#8221;0&#8243; uncode_shortcode_id=&#8221;971820&#8243; back_color_type=&#8221;uncode-palette&#8221;][vc_column column_width_percent=&#8221;100&#8243; position_vertical=&#8221;middle&#8221; gutter_size=&#8221;3&#8243; overlay_alpha=&#8221;50&#8243; shift_x=&#8221;0&#8243; shift_y=&#8221;0&#8243; shift_y_down=&#8221;0&#8243; z_index=&#8221;0&#8243; medium_width=&#8221;0&#8243; [&hellip;]<\/p>\n","protected":false},"author":1,"featured_media":1188,"parent":0,"menu_order":0,"comment_status":"closed","ping_status":"closed","template":"","meta":{"footnotes":""},"class_list":["post-7946","page","type-page","status-publish","has-post-thumbnail","hentry"],"yoast_head":"<!-- This site is optimized with the Yoast SEO plugin v23.0 - https:\/\/yoast.com\/wordpress\/plugins\/seo\/ -->\n<title>For Candidates - Emplonet<\/title>\n<meta name=\"description\" content=\"Our goal is to find the best place for you to develop your competences and grow professionally.\" \/>\n<meta name=\"robots\" content=\"index, follow, max-snippet:-1, max-image-preview:large, max-video-preview:-1\" \/>\n<link rel=\"canonical\" href=\"https:\/\/emplonet.lt\/en\/for-candidates\/\" \/>\n<meta property=\"og:locale\" content=\"en_US\" \/>\n<meta property=\"og:type\" content=\"article\" \/>\n<meta property=\"og:title\" content=\"For Candidates - Emplonet\" \/>\n<meta property=\"og:description\" content=\"Our goal is to find the best place for you to develop your competences and grow professionally.\" \/>\n<meta property=\"og:url\" content=\"https:\/\/emplonet.lt\/en\/for-candidates\/\" \/>\n<meta property=\"og:site_name\" content=\"Emplonet\" \/>\n<meta property=\"article:modified_time\" content=\"2025-01-30T15:16:56+00:00\" \/>\n<meta property=\"og:image\" content=\"https:\/\/emplonet.lt\/wp-content\/uploads\/2021\/12\/logo_template.jpg\" \/>\n\t<meta property=\"og:image:width\" content=\"600\" \/>\n\t<meta property=\"og:image:height\" content=\"600\" \/>\n\t<meta property=\"og:image:type\" content=\"image\/jpeg\" \/>\n<meta name=\"twitter:card\" content=\"summary_large_image\" \/>\n<meta name=\"twitter:title\" content=\"For candidates\" \/>\n<meta name=\"twitter:description\" content=\"Our goal is to find the best place for you to develop your competences and grow professionally.\" \/>\n<meta name=\"twitter:label1\" content=\"Est. reading time\" \/>\n\t<meta name=\"twitter:data1\" content=\"5 minutes\" \/>\n<script type=\"application\/ld+json\" class=\"yoast-schema-graph\">{\"@context\":\"https:\/\/schema.org\",\"@graph\":[{\"@type\":\"WebPage\",\"@id\":\"https:\/\/emplonet.lt\/en\/for-candidates\/\",\"url\":\"https:\/\/emplonet.lt\/en\/for-candidates\/\",\"name\":\"For Candidates - Emplonet\",\"isPartOf\":{\"@id\":\"https:\/\/emplonet.lt\/#website\"},\"primaryImageOfPage\":{\"@id\":\"https:\/\/emplonet.lt\/en\/for-candidates\/#primaryimage\"},\"image\":{\"@id\":\"https:\/\/emplonet.lt\/en\/for-candidates\/#primaryimage\"},\"thumbnailUrl\":\"https:\/\/emplonet.lt\/wp-content\/uploads\/2021\/12\/logo_template.jpg\",\"datePublished\":\"2021-11-20T09:29:39+00:00\",\"dateModified\":\"2025-01-30T15:16:56+00:00\",\"description\":\"Our goal is to find the best place for you to develop your competences and grow professionally.\",\"breadcrumb\":{\"@id\":\"https:\/\/emplonet.lt\/en\/for-candidates\/#breadcrumb\"},\"inLanguage\":\"en-US\",\"potentialAction\":[{\"@type\":\"ReadAction\",\"target\":[\"https:\/\/emplonet.lt\/en\/for-candidates\/\"]}]},{\"@type\":\"ImageObject\",\"inLanguage\":\"en-US\",\"@id\":\"https:\/\/emplonet.lt\/en\/for-candidates\/#primaryimage\",\"url\":\"https:\/\/emplonet.lt\/wp-content\/uploads\/2021\/12\/logo_template.jpg\",\"contentUrl\":\"https:\/\/emplonet.lt\/wp-content\/uploads\/2021\/12\/logo_template.jpg\",\"width\":600,\"height\":600},{\"@type\":\"BreadcrumbList\",\"@id\":\"https:\/\/emplonet.lt\/en\/for-candidates\/#breadcrumb\",\"itemListElement\":[{\"@type\":\"ListItem\",\"position\":1,\"name\":\"Home\",\"item\":\"https:\/\/emplonet.lt\/en\/home\/\"},{\"@type\":\"ListItem\",\"position\":2,\"name\":\"For Candidates\"}]},{\"@type\":\"WebSite\",\"@id\":\"https:\/\/emplonet.lt\/#website\",\"url\":\"https:\/\/emplonet.lt\/\",\"name\":\"Emplonet\",\"description\":\"Erdv\u0117 augti verslams ir \u017emon\u0117ms\",\"potentialAction\":[{\"@type\":\"SearchAction\",\"target\":{\"@type\":\"EntryPoint\",\"urlTemplate\":\"https:\/\/emplonet.lt\/?s={search_term_string}\"},\"query-input\":\"required name=search_term_string\"}],\"inLanguage\":\"en-US\"}]}<\/script>\n<!-- \/ Yoast SEO plugin. -->","yoast_head_json":{"title":"For Candidates - Emplonet","description":"Our goal is to find the best place for you to develop your competences and grow professionally.","robots":{"index":"index","follow":"follow","max-snippet":"max-snippet:-1","max-image-preview":"max-image-preview:large","max-video-preview":"max-video-preview:-1"},"canonical":"https:\/\/emplonet.lt\/en\/for-candidates\/","og_locale":"en_US","og_type":"article","og_title":"For Candidates - Emplonet","og_description":"Our goal is to find the best place for you to develop your competences and grow professionally.","og_url":"https:\/\/emplonet.lt\/en\/for-candidates\/","og_site_name":"Emplonet","article_modified_time":"2025-01-30T15:16:56+00:00","og_image":[{"width":600,"height":600,"url":"https:\/\/emplonet.lt\/wp-content\/uploads\/2021\/12\/logo_template.jpg","type":"image\/jpeg"}],"twitter_card":"summary_large_image","twitter_title":"For candidates","twitter_description":"Our goal is to find the best place for you to develop your competences and grow professionally.","twitter_misc":{"Est. reading time":"5 minutes"},"schema":{"@context":"https:\/\/schema.org","@graph":[{"@type":"WebPage","@id":"https:\/\/emplonet.lt\/en\/for-candidates\/","url":"https:\/\/emplonet.lt\/en\/for-candidates\/","name":"For Candidates - Emplonet","isPartOf":{"@id":"https:\/\/emplonet.lt\/#website"},"primaryImageOfPage":{"@id":"https:\/\/emplonet.lt\/en\/for-candidates\/#primaryimage"},"image":{"@id":"https:\/\/emplonet.lt\/en\/for-candidates\/#primaryimage"},"thumbnailUrl":"https:\/\/emplonet.lt\/wp-content\/uploads\/2021\/12\/logo_template.jpg","datePublished":"2021-11-20T09:29:39+00:00","dateModified":"2025-01-30T15:16:56+00:00","description":"Our goal is to find the best place for you to develop your competences and grow professionally.","breadcrumb":{"@id":"https:\/\/emplonet.lt\/en\/for-candidates\/#breadcrumb"},"inLanguage":"en-US","potentialAction":[{"@type":"ReadAction","target":["https:\/\/emplonet.lt\/en\/for-candidates\/"]}]},{"@type":"ImageObject","inLanguage":"en-US","@id":"https:\/\/emplonet.lt\/en\/for-candidates\/#primaryimage","url":"https:\/\/emplonet.lt\/wp-content\/uploads\/2021\/12\/logo_template.jpg","contentUrl":"https:\/\/emplonet.lt\/wp-content\/uploads\/2021\/12\/logo_template.jpg","width":600,"height":600},{"@type":"BreadcrumbList","@id":"https:\/\/emplonet.lt\/en\/for-candidates\/#breadcrumb","itemListElement":[{"@type":"ListItem","position":1,"name":"Home","item":"https:\/\/emplonet.lt\/en\/home\/"},{"@type":"ListItem","position":2,"name":"For Candidates"}]},{"@type":"WebSite","@id":"https:\/\/emplonet.lt\/#website","url":"https:\/\/emplonet.lt\/","name":"Emplonet","description":"Erdv\u0117 augti verslams ir \u017emon\u0117ms","potentialAction":[{"@type":"SearchAction","target":{"@type":"EntryPoint","urlTemplate":"https:\/\/emplonet.lt\/?s={search_term_string}"},"query-input":"required name=search_term_string"}],"inLanguage":"en-US"}]}},"_links":{"self":[{"href":"https:\/\/emplonet.lt\/en\/wp-json\/wp\/v2\/pages\/7946"}],"collection":[{"href":"https:\/\/emplonet.lt\/en\/wp-json\/wp\/v2\/pages"}],"about":[{"href":"https:\/\/emplonet.lt\/en\/wp-json\/wp\/v2\/types\/page"}],"author":[{"embeddable":true,"href":"https:\/\/emplonet.lt\/en\/wp-json\/wp\/v2\/users\/1"}],"replies":[{"embeddable":true,"href":"https:\/\/emplonet.lt\/en\/wp-json\/wp\/v2\/comments?post=7946"}],"version-history":[{"count":6,"href":"https:\/\/emplonet.lt\/en\/wp-json\/wp\/v2\/pages\/7946\/revisions"}],"predecessor-version":[{"id":8173,"href":"https:\/\/emplonet.lt\/en\/wp-json\/wp\/v2\/pages\/7946\/revisions\/8173"}],"wp:featuredmedia":[{"embeddable":true,"href":"https:\/\/emplonet.lt\/en\/wp-json\/wp\/v2\/media\/1188"}],"wp:attachment":[{"href":"https:\/\/emplonet.lt\/en\/wp-json\/wp\/v2\/media?parent=7946"}],"curies":[{"name":"wp","href":"https:\/\/api.w.org\/{rel}","templated":true}]}}