{"id":7933,"date":"2021-11-20T14:33:05","date_gmt":"2021-11-20T12:33:05","guid":{"rendered":"https:\/\/emplonet.lt\/job-ads\/"},"modified":"2025-01-03T11:08:35","modified_gmt":"2025-01-03T09:08:35","slug":"job-ads","status":"publish","type":"page","link":"https:\/\/emplonet.lt\/en\/job-ads\/","title":{"rendered":"Job ads"},"content":{"rendered":"","protected":false},"excerpt":{"rendered":"","protected":false},"author":1,"featured_media":1188,"parent":0,"menu_order":0,"comment_status":"closed","ping_status":"closed","template":"","meta":{"footnotes":""},"class_list":["post-7933","page","type-page","status-publish","has-post-thumbnail","hentry"],"yoast_head":"<!-- This site is optimized with the Yoast SEO plugin v23.0 - https:\/\/yoast.com\/wordpress\/plugins\/seo\/ -->\n<title>Job ads - Emplonet<\/title>\n<meta name=\"description\" content=\"Your expectation is to channel your personal and professional qualities in the right direction. Our aim is to find the best place for your competences\" \/>\n<meta name=\"robots\" content=\"index, follow, max-snippet:-1, max-image-preview:large, max-video-preview:-1\" \/>\n<link rel=\"canonical\" href=\"https:\/\/emplonet.lt\/en\/job-ads\/\" \/>\n<meta property=\"og:locale\" content=\"en_US\" \/>\n<meta property=\"og:type\" content=\"article\" \/>\n<meta property=\"og:title\" content=\"Job ads - Emplonet\" \/>\n<meta property=\"og:description\" content=\"Your expectation is to channel your personal and professional qualities in the right direction. Our aim is to find the best place for your competences\" \/>\n<meta property=\"og:url\" content=\"https:\/\/emplonet.lt\/en\/job-ads\/\" \/>\n<meta property=\"og:site_name\" content=\"Emplonet\" \/>\n<meta property=\"article:modified_time\" content=\"2025-01-03T09:08:35+00:00\" \/>\n<meta property=\"og:image\" content=\"https:\/\/emplonet.lt\/wp-content\/uploads\/2021\/12\/logo_template.jpg\" \/>\n\t<meta property=\"og:image:width\" content=\"600\" \/>\n\t<meta property=\"og:image:height\" content=\"600\" \/>\n\t<meta property=\"og:image:type\" content=\"image\/jpeg\" \/>\n<meta name=\"twitter:card\" content=\"summary_large_image\" \/>\n<meta name=\"twitter:title\" content=\"Job ads\" \/>\n<meta name=\"twitter:description\" content=\"Your expectation is to channel your personal and professional qualities in the right direction. Our aim is to find the best place for your competences\" \/>\n<meta name=\"twitter:label1\" content=\"Est. reading time\" \/>\n\t<meta name=\"twitter:data1\" content=\"1 minute\" \/>\n<script type=\"application\/ld+json\" class=\"yoast-schema-graph\">{\"@context\":\"https:\/\/schema.org\",\"@graph\":[{\"@type\":\"WebPage\",\"@id\":\"https:\/\/emplonet.lt\/en\/job-ads\/\",\"url\":\"https:\/\/emplonet.lt\/en\/job-ads\/\",\"name\":\"Job ads - Emplonet\",\"isPartOf\":{\"@id\":\"https:\/\/emplonet.lt\/#website\"},\"primaryImageOfPage\":{\"@id\":\"https:\/\/emplonet.lt\/en\/job-ads\/#primaryimage\"},\"image\":{\"@id\":\"https:\/\/emplonet.lt\/en\/job-ads\/#primaryimage\"},\"thumbnailUrl\":\"https:\/\/emplonet.lt\/wp-content\/uploads\/2021\/12\/logo_template.jpg\",\"datePublished\":\"2021-11-20T12:33:05+00:00\",\"dateModified\":\"2025-01-03T09:08:35+00:00\",\"description\":\"Your expectation is to channel your personal and professional qualities in the right direction. Our aim is to find the best place for your competences\",\"breadcrumb\":{\"@id\":\"https:\/\/emplonet.lt\/en\/job-ads\/#breadcrumb\"},\"inLanguage\":\"en-US\",\"potentialAction\":[{\"@type\":\"ReadAction\",\"target\":[\"https:\/\/emplonet.lt\/en\/job-ads\/\"]}]},{\"@type\":\"ImageObject\",\"inLanguage\":\"en-US\",\"@id\":\"https:\/\/emplonet.lt\/en\/job-ads\/#primaryimage\",\"url\":\"https:\/\/emplonet.lt\/wp-content\/uploads\/2021\/12\/logo_template.jpg\",\"contentUrl\":\"https:\/\/emplonet.lt\/wp-content\/uploads\/2021\/12\/logo_template.jpg\",\"width\":600,\"height\":600},{\"@type\":\"BreadcrumbList\",\"@id\":\"https:\/\/emplonet.lt\/en\/job-ads\/#breadcrumb\",\"itemListElement\":[{\"@type\":\"ListItem\",\"position\":1,\"name\":\"Home\",\"item\":\"https:\/\/emplonet.lt\/en\/home\/\"},{\"@type\":\"ListItem\",\"position\":2,\"name\":\"Job ads\"}]},{\"@type\":\"WebSite\",\"@id\":\"https:\/\/emplonet.lt\/#website\",\"url\":\"https:\/\/emplonet.lt\/\",\"name\":\"Emplonet\",\"description\":\"Erdv\u0117 augti verslams ir \u017emon\u0117ms\",\"potentialAction\":[{\"@type\":\"SearchAction\",\"target\":{\"@type\":\"EntryPoint\",\"urlTemplate\":\"https:\/\/emplonet.lt\/?s={search_term_string}\"},\"query-input\":\"required name=search_term_string\"}],\"inLanguage\":\"en-US\"}]}<\/script>\n<!-- \/ Yoast SEO plugin. -->","yoast_head_json":{"title":"Job ads - Emplonet","description":"Your expectation is to channel your personal and professional qualities in the right direction. Our aim is to find the best place for your competences","robots":{"index":"index","follow":"follow","max-snippet":"max-snippet:-1","max-image-preview":"max-image-preview:large","max-video-preview":"max-video-preview:-1"},"canonical":"https:\/\/emplonet.lt\/en\/job-ads\/","og_locale":"en_US","og_type":"article","og_title":"Job ads - Emplonet","og_description":"Your expectation is to channel your personal and professional qualities in the right direction. Our aim is to find the best place for your competences","og_url":"https:\/\/emplonet.lt\/en\/job-ads\/","og_site_name":"Emplonet","article_modified_time":"2025-01-03T09:08:35+00:00","og_image":[{"width":600,"height":600,"url":"https:\/\/emplonet.lt\/wp-content\/uploads\/2021\/12\/logo_template.jpg","type":"image\/jpeg"}],"twitter_card":"summary_large_image","twitter_title":"Job ads","twitter_description":"Your expectation is to channel your personal and professional qualities in the right direction. Our aim is to find the best place for your competences","twitter_misc":{"Est. reading time":"1 minute"},"schema":{"@context":"https:\/\/schema.org","@graph":[{"@type":"WebPage","@id":"https:\/\/emplonet.lt\/en\/job-ads\/","url":"https:\/\/emplonet.lt\/en\/job-ads\/","name":"Job ads - Emplonet","isPartOf":{"@id":"https:\/\/emplonet.lt\/#website"},"primaryImageOfPage":{"@id":"https:\/\/emplonet.lt\/en\/job-ads\/#primaryimage"},"image":{"@id":"https:\/\/emplonet.lt\/en\/job-ads\/#primaryimage"},"thumbnailUrl":"https:\/\/emplonet.lt\/wp-content\/uploads\/2021\/12\/logo_template.jpg","datePublished":"2021-11-20T12:33:05+00:00","dateModified":"2025-01-03T09:08:35+00:00","description":"Your expectation is to channel your personal and professional qualities in the right direction. Our aim is to find the best place for your competences","breadcrumb":{"@id":"https:\/\/emplonet.lt\/en\/job-ads\/#breadcrumb"},"inLanguage":"en-US","potentialAction":[{"@type":"ReadAction","target":["https:\/\/emplonet.lt\/en\/job-ads\/"]}]},{"@type":"ImageObject","inLanguage":"en-US","@id":"https:\/\/emplonet.lt\/en\/job-ads\/#primaryimage","url":"https:\/\/emplonet.lt\/wp-content\/uploads\/2021\/12\/logo_template.jpg","contentUrl":"https:\/\/emplonet.lt\/wp-content\/uploads\/2021\/12\/logo_template.jpg","width":600,"height":600},{"@type":"BreadcrumbList","@id":"https:\/\/emplonet.lt\/en\/job-ads\/#breadcrumb","itemListElement":[{"@type":"ListItem","position":1,"name":"Home","item":"https:\/\/emplonet.lt\/en\/home\/"},{"@type":"ListItem","position":2,"name":"Job ads"}]},{"@type":"WebSite","@id":"https:\/\/emplonet.lt\/#website","url":"https:\/\/emplonet.lt\/","name":"Emplonet","description":"Erdv\u0117 augti verslams ir \u017emon\u0117ms","potentialAction":[{"@type":"SearchAction","target":{"@type":"EntryPoint","urlTemplate":"https:\/\/emplonet.lt\/?s={search_term_string}"},"query-input":"required name=search_term_string"}],"inLanguage":"en-US"}]}},"_links":{"self":[{"href":"https:\/\/emplonet.lt\/en\/wp-json\/wp\/v2\/pages\/7933"}],"collection":[{"href":"https:\/\/emplonet.lt\/en\/wp-json\/wp\/v2\/pages"}],"about":[{"href":"https:\/\/emplonet.lt\/en\/wp-json\/wp\/v2\/types\/page"}],"author":[{"embeddable":true,"href":"https:\/\/emplonet.lt\/en\/wp-json\/wp\/v2\/users\/1"}],"replies":[{"embeddable":true,"href":"https:\/\/emplonet.lt\/en\/wp-json\/wp\/v2\/comments?post=7933"}],"version-history":[{"count":1,"href":"https:\/\/emplonet.lt\/en\/wp-json\/wp\/v2\/pages\/7933\/revisions"}],"predecessor-version":[{"id":8025,"href":"https:\/\/emplonet.lt\/en\/wp-json\/wp\/v2\/pages\/7933\/revisions\/8025"}],"wp:featuredmedia":[{"embeddable":true,"href":"https:\/\/emplonet.lt\/en\/wp-json\/wp\/v2\/media\/1188"}],"wp:attachment":[{"href":"https:\/\/emplonet.lt\/en\/wp-json\/wp\/v2\/media?parent=7933"}],"curies":[{"name":"wp","href":"https:\/\/api.w.org\/{rel}","templated":true}]}}