{"id":7909,"date":"2022-02-24T14:49:44","date_gmt":"2022-02-24T12:49:44","guid":{"rendered":"https:\/\/emplonet.lt\/human-resource-management\/"},"modified":"2025-02-19T14:57:51","modified_gmt":"2025-02-19T12:57:51","slug":"human-resource-management","status":"publish","type":"page","link":"https:\/\/emplonet.lt\/en\/for-clients\/human-resource-management\/","title":{"rendered":"Human resource management"},"content":{"rendered":"<div class=\"wpb-content-wrapper\"><p>[vc_row row_height_percent=&#8221;20&#8243; overlay_alpha=&#8221;50&#8243; gutter_size=&#8221;3&#8243; column_width_percent=&#8221;100&#8243; shift_y=&#8221;0&#8243; z_index=&#8221;0&#8243; uncode_shortcode_id=&#8221;885475&#8243; css=&#8221;.vc_custom_1713447846493{margin-top: -36px !important;}&#8221;][vc_column column_width_percent=&#8221;100&#8243; gutter_size=&#8221;3&#8243; overlay_alpha=&#8221;50&#8243; shift_x=&#8221;0&#8243; shift_y=&#8221;0&#8243; shift_y_down=&#8221;0&#8243; z_index=&#8221;0&#8243; medium_width=&#8221;0&#8243; mobile_width=&#8221;0&#8243; width=&#8221;1\/1&#8243; uncode_shortcode_id=&#8221;172388&#8243; el_id=&#8221;prilipes&#8221; el_class=&#8221;prilipes&#8221;][vc_single_image media=&#8221;6142&#8243; media_width_percent=&#8221;100&#8243; uncode_shortcode_id=&#8221;173662&#8243;][vc_custom_heading heading_semantic=&#8221;h1&#8243; text_size=&#8221;h1&#8243; text_weight=&#8221;700&#8243; uncode_shortcode_id=&#8221;133194&#8243;]Top talent management[\/vc_custom_heading][vc_column_text uncode_shortcode_id=&#8221;619275&#8243;]To thrive in today\u2019s dynamic labour market, an organisation must be flexible and always ready for change. Emplonet\u2019s personnel administration services are designed to provide your organisation with a wide range of professionals (from entry-level to top talent) and help you to adapt quickly to changing workforce needs.[\/vc_column_text][\/vc_column][\/vc_row][vc_row][vc_column width=&#8221;1\/1&#8243;][vc_custom_heading text_color=&#8221;color-145278&#8243; text_weight=&#8221;700&#8243; uncode_shortcode_id=&#8221;139698&#8243; text_color_type=&#8221;uncode-palette&#8221;]Top talent management[\/vc_custom_heading][vc_column_text uncode_shortcode_id=&#8221;176163&#8243;]<span class=\"TextRun SCXW267377265 BCX0\" lang=\"LT\" xml:lang=\"LT\" data-contrast=\"none\"><span class=\"NormalTextRun SCXW267377265 BCX0\">Recruiting a new team member is just one of the functions of personnel administration, and following this, there are many more steps to follow along the employee\u2019s journey. Personnel administration is a continuous process involving many technical tasks that must be carried out in a timely and careful manner. Managing day-to-day personnel matters includes tasks like:<\/span><\/span><span class=\"EOP SCXW267377265 BCX0\" data-ccp-props=\"{&quot;201341983&quot;:0,&quot;335557856&quot;:16777215,&quot;335559740&quot;:276}\">\u00a0<\/span><\/p>\n<ul>\n<li data-leveltext=\"\u25cf\" data-font=\"Roboto\" data-listid=\"2\" data-list-defn-props=\"{&quot;335551500&quot;:7829367,&quot;335552541&quot;:1,&quot;335559685&quot;:720,&quot;335559991&quot;:360,&quot;469769226&quot;:&quot;Roboto&quot;,&quot;469769242&quot;:[8226],&quot;469777803&quot;:&quot;left&quot;,&quot;469777804&quot;:&quot;\u25cf&quot;,&quot;469777815&quot;:&quot;multilevel&quot;}\" aria-setsize=\"-1\" data-aria-posinset=\"1\" data-aria-level=\"1\"><span data-contrast=\"none\">Preparing work schedules and timesheets;<\/span><span data-ccp-props=\"{&quot;201341983&quot;:0,&quot;335557856&quot;:16777215,&quot;335559738&quot;:280,&quot;335559740&quot;:276}\">\u00a0<\/span><\/li>\n<li data-leveltext=\"\u25cf\" data-font=\"Roboto\" data-listid=\"2\" data-list-defn-props=\"{&quot;335551500&quot;:7829367,&quot;335552541&quot;:1,&quot;335559685&quot;:720,&quot;335559991&quot;:360,&quot;469769226&quot;:&quot;Roboto&quot;,&quot;469769242&quot;:[8226],&quot;469777803&quot;:&quot;left&quot;,&quot;469777804&quot;:&quot;\u25cf&quot;,&quot;469777815&quot;:&quot;multilevel&quot;}\" aria-setsize=\"-1\" data-aria-posinset=\"2\" data-aria-level=\"1\"><span data-contrast=\"none\">Calculating salaries and paying the employees;<\/span><span data-ccp-props=\"{&quot;201341983&quot;:0,&quot;335557856&quot;:16777215,&quot;335559738&quot;:280,&quot;335559740&quot;:276}\">\u00a0<\/span><\/li>\n<li data-leveltext=\"\u25cf\" data-font=\"Roboto\" data-listid=\"2\" data-list-defn-props=\"{&quot;335551500&quot;:7829367,&quot;335552541&quot;:1,&quot;335559685&quot;:720,&quot;335559991&quot;:360,&quot;469769226&quot;:&quot;Roboto&quot;,&quot;469769242&quot;:[8226],&quot;469777803&quot;:&quot;left&quot;,&quot;469777804&quot;:&quot;\u25cf&quot;,&quot;469777815&quot;:&quot;multilevel&quot;}\" aria-setsize=\"-1\" data-aria-posinset=\"3\" data-aria-level=\"1\"><span data-contrast=\"none\">Organising and monitoring periodic compulsory health checks;<\/span><span data-ccp-props=\"{&quot;201341983&quot;:0,&quot;335557856&quot;:16777215,&quot;335559740&quot;:276}\">\u00a0<\/span><\/li>\n<li data-leveltext=\"\u25cf\" data-font=\"Roboto\" data-listid=\"2\" data-list-defn-props=\"{&quot;335551500&quot;:7829367,&quot;335552541&quot;:1,&quot;335559685&quot;:720,&quot;335559991&quot;:360,&quot;469769226&quot;:&quot;Roboto&quot;,&quot;469769242&quot;:[8226],&quot;469777803&quot;:&quot;left&quot;,&quot;469777804&quot;:&quot;\u25cf&quot;,&quot;469777815&quot;:&quot;multilevel&quot;}\" aria-setsize=\"-1\" data-aria-posinset=\"4\" data-aria-level=\"1\"><span data-contrast=\"none\">Drafting various orders relating to labour relations;<\/span><span data-ccp-props=\"{&quot;201341983&quot;:0,&quot;335557856&quot;:16777215,&quot;335559740&quot;:276}\">\u00a0<\/span><\/li>\n<li data-leveltext=\"\u25cf\" data-font=\"Roboto\" data-listid=\"2\" data-list-defn-props=\"{&quot;335551500&quot;:7829367,&quot;335552541&quot;:1,&quot;335559685&quot;:720,&quot;335559991&quot;:360,&quot;469769226&quot;:&quot;Roboto&quot;,&quot;469769242&quot;:[8226],&quot;469777803&quot;:&quot;left&quot;,&quot;469777804&quot;:&quot;\u25cf&quot;,&quot;469777815&quot;:&quot;multilevel&quot;}\" aria-setsize=\"-1\" data-aria-posinset=\"5\" data-aria-level=\"1\"><span data-contrast=\"none\">Managing personnel files;<\/span><span data-ccp-props=\"{&quot;201341983&quot;:0,&quot;335557856&quot;:16777215,&quot;335559740&quot;:276}\">\u00a0<\/span><\/li>\n<li data-leveltext=\"\u25cf\" data-font=\"Roboto\" data-listid=\"2\" data-list-defn-props=\"{&quot;335551500&quot;:7829367,&quot;335552541&quot;:1,&quot;335559685&quot;:720,&quot;335559991&quot;:360,&quot;469769226&quot;:&quot;Roboto&quot;,&quot;469769242&quot;:[8226],&quot;469777803&quot;:&quot;left&quot;,&quot;469777804&quot;:&quot;\u25cf&quot;,&quot;469777815&quot;:&quot;multilevel&quot;}\" aria-setsize=\"-1\" data-aria-posinset=\"6\" data-aria-level=\"1\"><span data-contrast=\"none\">Reporting to SoDra, etc;<\/span><span data-ccp-props=\"{&quot;201341983&quot;:0,&quot;335557856&quot;:16777215,&quot;335559740&quot;:276}\">\u00a0<\/span><\/li>\n<li data-leveltext=\"\u25cf\" data-font=\"Roboto\" data-listid=\"2\" data-list-defn-props=\"{&quot;335551500&quot;:7829367,&quot;335552541&quot;:1,&quot;335559685&quot;:720,&quot;335559991&quot;:360,&quot;469769226&quot;:&quot;Roboto&quot;,&quot;469769242&quot;:[8226],&quot;469777803&quot;:&quot;left&quot;,&quot;469777804&quot;:&quot;\u25cf&quot;,&quot;469777815&quot;:&quot;multilevel&quot;}\" aria-setsize=\"-1\" data-aria-posinset=\"7\" data-aria-level=\"1\"><span data-contrast=\"none\">Resolving a wide range of employment-related issues the employees may face.<\/span><span data-ccp-props=\"{&quot;201341983&quot;:0,&quot;335557856&quot;:16777215,&quot;335559740&quot;:276}\">\u00a0<\/span><\/li>\n<\/ul>\n<p><span data-contrast=\"none\">We will take all tasks related to personnel administration off your hands so that your company\u2019s HR professionals can focus on the higher-level aspects of HR management: Motivation, training, performance improvement proposals, and so on.<\/span><span data-ccp-props=\"{&quot;201341983&quot;:0,&quot;335557856&quot;:16777215,&quot;335559738&quot;:280,&quot;335559740&quot;:276}\">\u00a0<\/span>[\/vc_column_text][vc_button button_color=&#8221;color-145278&#8243; border_width=&#8221;0&#8243; link=&#8221;url:https%3A%2F%2Femplonet.lt%2Fen%2Fcontacts%2F&#8221; button_color_type=&#8221;uncode-palette&#8221; uncode_shortcode_id=&#8221;716433&#8243;]Contact us![\/vc_button][\/vc_column][\/vc_row][vc_row row_height_percent=&#8221;0&#8243; back_color=&#8221;color-145278&#8243; overlay_alpha=&#8221;50&#8243; gutter_size=&#8221;3&#8243; column_width_percent=&#8221;100&#8243; shift_y=&#8221;0&#8243; z_index=&#8221;0&#8243; uncode_shortcode_id=&#8221;298652&#8243; back_color_type=&#8221;uncode-palette&#8221;][vc_column width=&#8221;1\/1&#8243;][vc_custom_heading text_color=&#8221;color-xsdn&#8221; uncode_shortcode_id=&#8221;287666&#8243; text_color_type=&#8221;uncode-palette&#8221;]How does personnel administration work? If Emplonet becomes your external personnel administrator, we will take professional care of:[\/vc_custom_heading][uncode_list icon=&#8221;fa fa-check&#8221; icon_color=&#8221;color-142510&#8243; uncode_shortcode_id=&#8221;326875&#8243; icon_color_type=&#8221;uncode-palette&#8221; el_class=&#8221;.baltastekstas&#8221;]<\/p>\n<ul>\n<li><span data-contrast=\"none\">Administrating documents relating to recruitment, changes to employment contracts, and employment termination;<\/span><span data-ccp-props=\"{&quot;201341983&quot;:0,&quot;335557856&quot;:16777215,&quot;335559738&quot;:280,&quot;335559740&quot;:276}\">\u00a0<\/span><\/li>\n<li><span data-contrast=\"none\">Building personnel files;<\/span><span data-ccp-props=\"{&quot;201341983&quot;:0,&quot;335557856&quot;:16777215,&quot;335559740&quot;:276}\">\u00a0<\/span><\/li>\n<li><span data-contrast=\"none\">Introducing employees to the client\u2019s standard operating procedures;<\/span><span data-ccp-props=\"{&quot;201341983&quot;:0,&quot;335557856&quot;:16777215,&quot;335559740&quot;:276}\">\u00a0<\/span><\/li>\n<li><span data-contrast=\"none\">Drafting orders relating to employment relations;<\/span><\/li>\n<li><span data-contrast=\"none\">Drafting documents relating to disciplinary penalties;<\/span><\/li>\n<li><span data-contrast=\"none\">Managing periodic compulsory health checks;<\/span><span data-ccp-props=\"{&quot;201341983&quot;:0,&quot;335557856&quot;:16777215,&quot;335559740&quot;:276}\">\u00a0<\/span><\/li>\n<li><span data-contrast=\"none\">Preparing work schedules and timesheets;<\/span><span data-ccp-props=\"{&quot;201341983&quot;:0,&quot;335557856&quot;:16777215,&quot;335559740&quot;:276}\">\u00a0<\/span><\/li>\n<li><span data-contrast=\"none\">Providing advice on personnel administration issues;<\/span><span data-ccp-props=\"{&quot;201341983&quot;:0,&quot;335557856&quot;:16777215,&quot;335559740&quot;:276}\">\u00a0<\/span><\/li>\n<li><span data-contrast=\"none\">Reporting to SoDra;<\/span><span data-ccp-props=\"{&quot;201341983&quot;:0,&quot;335557856&quot;:16777215,&quot;335559740&quot;:276}\">\u00a0<\/span><\/li>\n<li><span data-contrast=\"none\">Communicating with the State Labour Inspectorate (as needed);<\/span><\/li>\n<li><span data-contrast=\"none\">Delivering the required documents to the client\u2019s address.<\/span><span data-ccp-props=\"{&quot;201341983&quot;:0,&quot;335557856&quot;:16777215,&quot;335559740&quot;:276}\">\u00a0<\/span><\/li>\n<li style=\"list-style-type: none;\"><\/li>\n<\/ul>\n<p>[\/uncode_list][\/vc_column][\/vc_row][vc_row][vc_column column_width_percent=&#8221;100&#8243; gutter_size=&#8221;3&#8243; overlay_alpha=&#8221;50&#8243; shift_x=&#8221;0&#8243; shift_y=&#8221;0&#8243; shift_y_down=&#8221;0&#8243; z_index=&#8221;0&#8243; medium_width=&#8221;0&#8243; mobile_width=&#8221;0&#8243; width=&#8221;1\/1&#8243; uncode_shortcode_id=&#8221;193682&#8243; css=&#8221;.vc_custom_1688549283343{border-bottom-width: 0px !important;padding-bottom: 0px !important;}&#8221;][vc_separator sep_color=&#8221;color-145278&#8243; uncode_shortcode_id=&#8221;987048&#8243; sep_color_type=&#8221;uncode-palette&#8221;][\/vc_column][\/vc_row][vc_row row_height_percent=&#8221;0&#8243; back_color=&#8221;color-703045&#8243; overlay_alpha=&#8221;50&#8243; gutter_size=&#8221;3&#8243; column_width_percent=&#8221;100&#8243; shift_y=&#8221;0&#8243; z_index=&#8221;0&#8243; uncode_shortcode_id=&#8221;713003&#8243; back_color_type=&#8221;uncode-palette&#8221;][vc_column width=&#8221;1\/1&#8243;][vc_custom_heading text_color=&#8221;color-145278&#8243; text_weight=&#8221;700&#8243; uncode_shortcode_id=&#8221;111174&#8243; text_color_type=&#8221;uncode-palette&#8221;]Frequently asked questions[\/vc_custom_heading][vc_column_text uncode_shortcode_id=&#8221;150429&#8243;]<\/p>\n<h3>Where to find us?<\/h3>\n<p>If you are interested in our HR management service, please contact us! We will be happy to provide you with more information and advise you on the best solutions for you. We are available at our offices in Vilnius, Kaunas and Klaip\u0117da or virtually, and we provide our services throughout Lithuania and the Baltic States.<\/p>\n<h3>What does the cost of HR management services depend on?<\/h3>\n<p><span style=\"font-weight: 400;\">The cost of the service depends on the amount of time spent, the number of employee files to be administered, and the period of management.<\/span><\/p>\n<h3>Why choose Emplonet?<\/h3>\n<p><span style=\"font-weight: 400;\">More than 80% of our partners have a long-standing relationship with us and over 85% of companies are more than satisfied with our services. 90% of our selected Candidates continue with the company after 3 months and 92% have been with the company for more than 2 years. We follow the most efficient processes that we have refined over a decade of operation. We specialise in the recruitment of highly qualified specialists, managers at various levels, in the fields of IT, finance, sales, industry, engineering, real estate, energy, logistics, administration, customer service, human resources, law, marketing. We are a team of competent, empathetic, client-oriented consultants.<\/span>[\/vc_column_text][vc_button button_color=&#8221;color-145278&#8243; border_width=&#8221;0&#8243; link=&#8221;url:https%3A%2F%2Femplonet.lt%2Fen%2Fcontacts%2F&#8221; button_color_type=&#8221;uncode-palette&#8221; uncode_shortcode_id=&#8221;716433&#8243;]Contact us![\/vc_button][\/vc_column][\/vc_row][vc_row][vc_column width=&#8221;1\/1&#8243;][vc_custom_heading text_color=&#8221;color-145278&#8243; text_weight=&#8221;700&#8243; uncode_shortcode_id=&#8221;209837&#8243; text_color_type=&#8221;uncode-palette&#8221;]Other services:[\/vc_custom_heading][vc_row_inner][vc_column_inner column_width_percent=&#8221;100&#8243; align_horizontal=&#8221;align_center&#8221; gutter_size=&#8221;3&#8243; overlay_alpha=&#8221;50&#8243; shift_x=&#8221;0&#8243; shift_y=&#8221;0&#8243; shift_y_down=&#8221;0&#8243; z_index=&#8221;0&#8243; medium_width=&#8221;0&#8243; mobile_width=&#8221;0&#8243; width=&#8221;1\/4&#8243; uncode_shortcode_id=&#8221;184983&#8243;][vc_button button_color=&#8221;color-145278&#8243; border_width=&#8221;0&#8243; link=&#8221;url:https%3A%2F%2Femplonet.lt%2Fen%2Ffor-clients%2Ftop-talent-personnel-leasing%2F&#8221; button_color_type=&#8221;uncode-palette&#8221; uncode_shortcode_id=&#8221;876301&#8243;]Top talent personnel leasing[\/vc_button][\/vc_column_inner][vc_column_inner column_width_percent=&#8221;100&#8243; align_horizontal=&#8221;align_center&#8221; gutter_size=&#8221;3&#8243; overlay_alpha=&#8221;50&#8243; shift_x=&#8221;0&#8243; shift_y=&#8221;0&#8243; shift_y_down=&#8221;0&#8243; z_index=&#8221;0&#8243; medium_width=&#8221;0&#8243; mobile_width=&#8221;0&#8243; width=&#8221;1\/4&#8243; uncode_shortcode_id=&#8221;102242&#8243;][vc_button button_color=&#8221;color-145278&#8243; border_width=&#8221;0&#8243; link=&#8221;url:https%3A%2F%2Femplonet.lt%2Fen%2Fexecutive-recruitment%2F|&#8221; button_color_type=&#8221;uncode-palette&#8221; uncode_shortcode_id=&#8221;166730&#8243;]Executive recruitment[\/vc_button][\/vc_column_inner][vc_column_inner column_width_percent=&#8221;100&#8243; align_horizontal=&#8221;align_center&#8221; gutter_size=&#8221;3&#8243; overlay_alpha=&#8221;50&#8243; shift_x=&#8221;0&#8243; shift_y=&#8221;0&#8243; shift_y_down=&#8221;0&#8243; z_index=&#8221;0&#8243; medium_width=&#8221;0&#8243; mobile_width=&#8221;0&#8243; width=&#8221;1\/4&#8243; uncode_shortcode_id=&#8221;192713&#8243;][vc_button button_color=&#8221;color-145278&#8243; border_width=&#8221;0&#8243; link=&#8221;url:https%3A%2F%2Femplonet.lt%2Fen%2Fspecialist-recruitment%2F|&#8221; button_color_type=&#8221;uncode-palette&#8221; uncode_shortcode_id=&#8221;574905&#8243;]Specialist recruitment[\/vc_button][\/vc_column_inner][vc_column_inner column_width_percent=&#8221;100&#8243; align_horizontal=&#8221;align_center&#8221; gutter_size=&#8221;3&#8243; overlay_alpha=&#8221;50&#8243; shift_x=&#8221;0&#8243; shift_y=&#8221;0&#8243; shift_y_down=&#8221;0&#8243; z_index=&#8221;0&#8243; medium_width=&#8221;0&#8243; mobile_width=&#8221;0&#8243; width=&#8221;1\/4&#8243; uncode_shortcode_id=&#8221;142290&#8243;][\/vc_column_inner][\/vc_row_inner][\/vc_column][\/vc_row][vc_row][vc_column width=&#8221;1\/1&#8243;][uncode_block id=&#8221;74&#8243;][\/vc_column][\/vc_row]<\/p>\n<\/div>","protected":false},"excerpt":{"rendered":"<p>[vc_row row_height_percent=&#8221;20&#8243; overlay_alpha=&#8221;50&#8243; gutter_size=&#8221;3&#8243; column_width_percent=&#8221;100&#8243; shift_y=&#8221;0&#8243; z_index=&#8221;0&#8243; uncode_shortcode_id=&#8221;885475&#8243; css=&#8221;.vc_custom_1713447846493{margin-top: -36px !important;}&#8221;][vc_column column_width_percent=&#8221;100&#8243; gutter_size=&#8221;3&#8243; overlay_alpha=&#8221;50&#8243; shift_x=&#8221;0&#8243; shift_y=&#8221;0&#8243; shift_y_down=&#8221;0&#8243; z_index=&#8221;0&#8243; medium_width=&#8221;0&#8243; mobile_width=&#8221;0&#8243; [&hellip;]<\/p>\n","protected":false},"author":18,"featured_media":1189,"parent":7934,"menu_order":0,"comment_status":"closed","ping_status":"closed","template":"","meta":{"footnotes":""},"class_list":["post-7909","page","type-page","status-publish","has-post-thumbnail","hentry"],"yoast_head":"<!-- This site is optimized with the Yoast SEO plugin v23.0 - https:\/\/yoast.com\/wordpress\/plugins\/seo\/ -->\n<title>Human resource management, document management - Emplonet<\/title>\n<meta name=\"description\" content=\"Human resource management \u27a4 We provide highly qualified HR management and document management services. Contact us \u2709!\" \/>\n<meta name=\"robots\" content=\"index, follow, max-snippet:-1, max-image-preview:large, max-video-preview:-1\" \/>\n<link rel=\"canonical\" href=\"https:\/\/emplonet.lt\/en\/for-clients\/human-resource-management\/\" \/>\n<meta property=\"og:locale\" content=\"en_US\" \/>\n<meta property=\"og:type\" content=\"article\" \/>\n<meta property=\"og:title\" content=\"Human resource management, document management - Emplonet\" \/>\n<meta property=\"og:description\" content=\"Hiring the right person reduces staff turnover, saves time and money, and enables teams to achieve long-term goals.\" \/>\n<meta property=\"og:url\" content=\"https:\/\/emplonet.lt\/en\/for-clients\/human-resource-management\/\" \/>\n<meta property=\"og:site_name\" content=\"Emplonet\" \/>\n<meta property=\"article:modified_time\" content=\"2025-02-19T12:57:51+00:00\" \/>\n<meta property=\"og:image\" content=\"https:\/\/emplonet.lt\/wp-content\/uploads\/2021\/12\/logo_template.jpg\" \/>\n\t<meta property=\"og:image:width\" content=\"600\" \/>\n\t<meta property=\"og:image:height\" content=\"600\" \/>\n\t<meta property=\"og:image:type\" content=\"image\/jpeg\" \/>\n<meta name=\"twitter:card\" content=\"summary_large_image\" \/>\n<meta name=\"twitter:title\" content=\"For clients\" \/>\n<meta name=\"twitter:description\" content=\"Hiring the right person reduces staff turnover, saves time and money, and enables teams to achieve long-term goals.\" \/>\n<meta name=\"twitter:label1\" content=\"Est. reading time\" \/>\n\t<meta name=\"twitter:data1\" content=\"4 minutes\" \/>\n<script type=\"application\/ld+json\" class=\"yoast-schema-graph\">{\"@context\":\"https:\/\/schema.org\",\"@graph\":[{\"@type\":\"WebPage\",\"@id\":\"https:\/\/emplonet.lt\/en\/for-clients\/human-resource-management\/\",\"url\":\"https:\/\/emplonet.lt\/en\/for-clients\/human-resource-management\/\",\"name\":\"Human resource management, document management - Emplonet\",\"isPartOf\":{\"@id\":\"https:\/\/emplonet.lt\/#website\"},\"primaryImageOfPage\":{\"@id\":\"https:\/\/emplonet.lt\/en\/for-clients\/human-resource-management\/#primaryimage\"},\"image\":{\"@id\":\"https:\/\/emplonet.lt\/en\/for-clients\/human-resource-management\/#primaryimage\"},\"thumbnailUrl\":\"https:\/\/emplonet.lt\/wp-content\/uploads\/2021\/12\/logo_template.jpg\",\"datePublished\":\"2022-02-24T12:49:44+00:00\",\"dateModified\":\"2025-02-19T12:57:51+00:00\",\"description\":\"Human resource management \u27a4 We provide highly qualified HR management and document management services. Contact us \u2709!\",\"breadcrumb\":{\"@id\":\"https:\/\/emplonet.lt\/en\/for-clients\/human-resource-management\/#breadcrumb\"},\"inLanguage\":\"en-US\",\"potentialAction\":[{\"@type\":\"ReadAction\",\"target\":[\"https:\/\/emplonet.lt\/en\/for-clients\/human-resource-management\/\"]}]},{\"@type\":\"ImageObject\",\"inLanguage\":\"en-US\",\"@id\":\"https:\/\/emplonet.lt\/en\/for-clients\/human-resource-management\/#primaryimage\",\"url\":\"https:\/\/emplonet.lt\/wp-content\/uploads\/2021\/12\/logo_template.jpg\",\"contentUrl\":\"https:\/\/emplonet.lt\/wp-content\/uploads\/2021\/12\/logo_template.jpg\",\"width\":600,\"height\":600},{\"@type\":\"BreadcrumbList\",\"@id\":\"https:\/\/emplonet.lt\/en\/for-clients\/human-resource-management\/#breadcrumb\",\"itemListElement\":[{\"@type\":\"ListItem\",\"position\":1,\"name\":\"Home\",\"item\":\"https:\/\/emplonet.lt\/en\/home\/\"},{\"@type\":\"ListItem\",\"position\":2,\"name\":\"For Clients\",\"item\":\"https:\/\/emplonet.lt\/en\/for-clients\/\"},{\"@type\":\"ListItem\",\"position\":3,\"name\":\"Human resource management\"}]},{\"@type\":\"WebSite\",\"@id\":\"https:\/\/emplonet.lt\/#website\",\"url\":\"https:\/\/emplonet.lt\/\",\"name\":\"Emplonet\",\"description\":\"Erdv\u0117 augti verslams ir \u017emon\u0117ms\",\"potentialAction\":[{\"@type\":\"SearchAction\",\"target\":{\"@type\":\"EntryPoint\",\"urlTemplate\":\"https:\/\/emplonet.lt\/?s={search_term_string}\"},\"query-input\":\"required name=search_term_string\"}],\"inLanguage\":\"en-US\"}]}<\/script>\n<!-- \/ Yoast SEO plugin. -->","yoast_head_json":{"title":"Human resource management, document management - Emplonet","description":"Human resource management \u27a4 We provide highly qualified HR management and document management services. Contact us \u2709!","robots":{"index":"index","follow":"follow","max-snippet":"max-snippet:-1","max-image-preview":"max-image-preview:large","max-video-preview":"max-video-preview:-1"},"canonical":"https:\/\/emplonet.lt\/en\/for-clients\/human-resource-management\/","og_locale":"en_US","og_type":"article","og_title":"Human resource management, document management - Emplonet","og_description":"Hiring the right person reduces staff turnover, saves time and money, and enables teams to achieve long-term goals.","og_url":"https:\/\/emplonet.lt\/en\/for-clients\/human-resource-management\/","og_site_name":"Emplonet","article_modified_time":"2025-02-19T12:57:51+00:00","og_image":[{"width":600,"height":600,"url":"https:\/\/emplonet.lt\/wp-content\/uploads\/2021\/12\/logo_template.jpg","type":"image\/jpeg"}],"twitter_card":"summary_large_image","twitter_title":"For clients","twitter_description":"Hiring the right person reduces staff turnover, saves time and money, and enables teams to achieve long-term goals.","twitter_misc":{"Est. reading time":"4 minutes"},"schema":{"@context":"https:\/\/schema.org","@graph":[{"@type":"WebPage","@id":"https:\/\/emplonet.lt\/en\/for-clients\/human-resource-management\/","url":"https:\/\/emplonet.lt\/en\/for-clients\/human-resource-management\/","name":"Human resource management, document management - Emplonet","isPartOf":{"@id":"https:\/\/emplonet.lt\/#website"},"primaryImageOfPage":{"@id":"https:\/\/emplonet.lt\/en\/for-clients\/human-resource-management\/#primaryimage"},"image":{"@id":"https:\/\/emplonet.lt\/en\/for-clients\/human-resource-management\/#primaryimage"},"thumbnailUrl":"https:\/\/emplonet.lt\/wp-content\/uploads\/2021\/12\/logo_template.jpg","datePublished":"2022-02-24T12:49:44+00:00","dateModified":"2025-02-19T12:57:51+00:00","description":"Human resource management \u27a4 We provide highly qualified HR management and document management services. Contact us \u2709!","breadcrumb":{"@id":"https:\/\/emplonet.lt\/en\/for-clients\/human-resource-management\/#breadcrumb"},"inLanguage":"en-US","potentialAction":[{"@type":"ReadAction","target":["https:\/\/emplonet.lt\/en\/for-clients\/human-resource-management\/"]}]},{"@type":"ImageObject","inLanguage":"en-US","@id":"https:\/\/emplonet.lt\/en\/for-clients\/human-resource-management\/#primaryimage","url":"https:\/\/emplonet.lt\/wp-content\/uploads\/2021\/12\/logo_template.jpg","contentUrl":"https:\/\/emplonet.lt\/wp-content\/uploads\/2021\/12\/logo_template.jpg","width":600,"height":600},{"@type":"BreadcrumbList","@id":"https:\/\/emplonet.lt\/en\/for-clients\/human-resource-management\/#breadcrumb","itemListElement":[{"@type":"ListItem","position":1,"name":"Home","item":"https:\/\/emplonet.lt\/en\/home\/"},{"@type":"ListItem","position":2,"name":"For Clients","item":"https:\/\/emplonet.lt\/en\/for-clients\/"},{"@type":"ListItem","position":3,"name":"Human resource management"}]},{"@type":"WebSite","@id":"https:\/\/emplonet.lt\/#website","url":"https:\/\/emplonet.lt\/","name":"Emplonet","description":"Erdv\u0117 augti verslams ir \u017emon\u0117ms","potentialAction":[{"@type":"SearchAction","target":{"@type":"EntryPoint","urlTemplate":"https:\/\/emplonet.lt\/?s={search_term_string}"},"query-input":"required name=search_term_string"}],"inLanguage":"en-US"}]}},"_links":{"self":[{"href":"https:\/\/emplonet.lt\/en\/wp-json\/wp\/v2\/pages\/7909"}],"collection":[{"href":"https:\/\/emplonet.lt\/en\/wp-json\/wp\/v2\/pages"}],"about":[{"href":"https:\/\/emplonet.lt\/en\/wp-json\/wp\/v2\/types\/page"}],"author":[{"embeddable":true,"href":"https:\/\/emplonet.lt\/en\/wp-json\/wp\/v2\/users\/18"}],"replies":[{"embeddable":true,"href":"https:\/\/emplonet.lt\/en\/wp-json\/wp\/v2\/comments?post=7909"}],"version-history":[{"count":6,"href":"https:\/\/emplonet.lt\/en\/wp-json\/wp\/v2\/pages\/7909\/revisions"}],"predecessor-version":[{"id":8345,"href":"https:\/\/emplonet.lt\/en\/wp-json\/wp\/v2\/pages\/7909\/revisions\/8345"}],"up":[{"embeddable":true,"href":"https:\/\/emplonet.lt\/en\/wp-json\/wp\/v2\/pages\/7934"}],"wp:featuredmedia":[{"embeddable":true,"href":"https:\/\/emplonet.lt\/en\/wp-json\/wp\/v2\/media\/1189"}],"wp:attachment":[{"href":"https:\/\/emplonet.lt\/en\/wp-json\/wp\/v2\/media?parent=7909"}],"curies":[{"name":"wp","href":"https:\/\/api.w.org\/{rel}","templated":true}]}}