{"id":7903,"date":"2022-02-24T15:05:02","date_gmt":"2022-02-24T13:05:02","guid":{"rendered":"https:\/\/emplonet.lt\/organizational-research\/"},"modified":"2026-04-28T11:10:20","modified_gmt":"2026-04-28T08:10:20","slug":"organizational-research","status":"publish","type":"page","link":"https:\/\/emplonet.lt\/en\/for-clients\/organizational-research\/","title":{"rendered":"Organizational research"},"content":{"rendered":"<div class=\"wpb-content-wrapper\"><p>[vc_row row_height_percent=&#8221;20&#8243; back_color=&#8221;color-xsdn&#8221; back_image=&#8221;5923&#8243; overlay_alpha=&#8221;50&#8243; gutter_size=&#8221;3&#8243; column_width_percent=&#8221;100&#8243; shift_y=&#8221;0&#8243; z_index=&#8221;0&#8243; uncode_shortcode_id=&#8221;172235&#8243; back_color_type=&#8221;uncode-palette&#8221;][vc_column column_width_percent=&#8221;100&#8243; gutter_size=&#8221;3&#8243; back_color=&#8221;color-703045&#8243; overlay_alpha=&#8221;50&#8243; shift_x=&#8221;0&#8243; shift_y=&#8221;0&#8243; shift_y_down=&#8221;0&#8243; z_index=&#8221;0&#8243; medium_width=&#8221;0&#8243; mobile_width=&#8221;0&#8243; width=&#8221;1\/2&#8243; uncode_shortcode_id=&#8221;847887&#8243; back_color_type=&#8221;uncode-palette&#8221;][vc_custom_heading heading_semantic=&#8221;h1&#8243; text_size=&#8221;h1&#8243; text_weight=&#8221;700&#8243; uncode_shortcode_id=&#8221;122030&#8243;]Organizational Research | INLOCUS survey[\/vc_custom_heading][vc_column_text uncode_shortcode_id=&#8221;149782&#8243;]<span class=\"TextRun SCXW5437143 BCX0\" lang=\"LT\" xml:lang=\"LT\" data-contrast=\"auto\"><span class=\"NormalTextRun SCXW5437143 BCX0\"><strong>\u201eINLOCUS<\/strong><\/span><\/span><strong>\u00a0Employee Experience<span class=\"TextRun SCXW5437143 BCX0\" lang=\"LT\" xml:lang=\"LT\" data-contrast=\"auto\"><span class=\"NormalTextRun SCXW5437143 BCX0\">\u201c<\/span><\/span> \u2013 detailed study of the organizational microclimate<\/strong><br \/>\nResearch on the employee experience indicators that determine the success of a company is the best way to assess how well a company&#8217;s values, working practices and motivational measures are aligned with employee expectations.<br \/>\nWe offer companies <span class=\"TextRun SCXW5437143 BCX0\" lang=\"LT\" xml:lang=\"LT\" data-contrast=\"auto\"><span class=\"NormalTextRun SCXW5437143 BCX0\">\u201eINLOCUS<\/span><\/span>\u00a0Employee Experience<span class=\"TextRun SCXW5437143 BCX0\" lang=\"LT\" xml:lang=\"LT\" data-contrast=\"auto\"><span class=\"NormalTextRun SCXW5437143 BCX0\">\u201c<\/span><\/span> a survey that assesses the organization&#8217;s microclimate, employee job satisfaction, empowerment, loyalty to the organization and indicators of employee diversity and inclusion. The survey helps to better understand the employee experience in the organization, to identify why engagement is declining or turnover is increasing.[\/vc_column_text][\/vc_column][vc_column column_width_percent=&#8221;100&#8243; position_vertical=&#8221;middle&#8221; gutter_size=&#8221;3&#8243; overlay_alpha=&#8221;50&#8243; shift_x=&#8221;0&#8243; shift_y=&#8221;0&#8243; shift_y_down=&#8221;0&#8243; z_index=&#8221;0&#8243; medium_width=&#8221;0&#8243; mobile_width=&#8221;0&#8243; width=&#8221;1\/2&#8243; uncode_shortcode_id=&#8221;125575&#8243;][\/vc_column][\/vc_row][vc_row row_height_percent=&#8221;0&#8243; back_color=&#8221;color-xsdn&#8221; overlay_alpha=&#8221;50&#8243; gutter_size=&#8221;3&#8243; column_width_percent=&#8221;100&#8243; shift_y=&#8221;0&#8243; z_index=&#8221;0&#8243; uncode_shortcode_id=&#8221;338449&#8243; back_color_type=&#8221;uncode-palette&#8221;][vc_column width=&#8221;1\/1&#8243;][vc_custom_heading text_color=&#8221;color-145278&#8243; uncode_shortcode_id=&#8221;641730&#8243; text_color_type=&#8221;uncode-palette&#8221;]The survey measures:[\/vc_custom_heading][uncode_list icon=&#8221;fa fa-check&#8221; icon_color=&#8221;color-142510&#8243; uncode_shortcode_id=&#8221;198253&#8243; icon_color_type=&#8221;uncode-palette&#8221; el_class=&#8221;.baltastekstas&#8221;]<\/p>\n<ul>\n<li>Employee job satisfaction based on criteria such as compensation, meaningfulness of work, tasks received, intrinsic motivation, work\/life balance;<\/li>\n<li>Employee satisfaction with the social benefits offered by the organization: company holidays, bonuses, supplemental health insurance, etc..;<\/li>\n<li>Employee empowerment in the organization, based on criteria such as opportunities for development and career advancement, direct leadership, clarity of objectives, leadership in the organization, clarity of the scope of responsibility, effectiveness of teamwork and communication, and the organization&#8217;s innovation;<\/li>\n<li>Employee satisfaction with remote and hybrid work, working conditions, communication and efficiency;<\/li>\n<li>Employees&#8217; sense of psychological safety and the microclimate of the organization;<\/li>\n<li>&lt;\/eEmployee loyalty to the organization and eNPS (<em>Employee Net Promoter Scorem&gt;);<\/em><\/li>\n<li>Indicators of organizational diversity and inclusion.<\/li>\n<\/ul>\n<p>[\/uncode_list][\/vc_column][\/vc_row][vc_row][vc_column width=&#8221;1\/1&#8243;][vc_column_text uncode_shortcode_id=&#8221;225824&#8243;]<\/p>\n<h3><b>How are these surveys conducted?<\/b><\/h3>\n<p>As a tool, the survey is flexible: you can choose its scope, the areas to be measured, and add your own questions. The survey is suitable for different operating systems, is mobile-friendly and can be administered remotely at the most convenient time for employees. Participants receive an invitation to take part in the survey by email. Employees can complete the questionnaire several times \u2013 it is not necessary to answer all questions at once. Reports and recommendations are automatically generated when employees complete the questionnaire. If required, the results of the reports can be discussed with a certified Emplonet consultant.<\/p>\n<h3><b>Offered organizational research:<\/b><\/h3>\n<p><span style=\"font-weight: 400;\"><span class=\"TextRun SCXW5437143 BCX0\" lang=\"LT\" xml:lang=\"LT\" data-contrast=\"auto\"><span class=\"NormalTextRun SCXW5437143 BCX0\">\u201eINLOCUS<\/span><\/span>\u00a0Employee Experience<span class=\"TextRun SCXW5437143 BCX0\" lang=\"LT\" xml:lang=\"LT\" data-contrast=\"auto\"><span class=\"NormalTextRun SCXW5437143 BCX0\">\u201c<\/span><\/span> survey to assess the organization&#8217;s situation, reduce staff turnover, plan organizational change, increase the attractiveness of the organization.<\/span>[\/vc_column_text][vc_button button_color=&#8221;color-145278&#8243; border_width=&#8221;0&#8243; link=&#8221;url:https%3A%2F%2Femplonet.lt%2Fen%2Fcontacts%2F&#8221; button_color_type=&#8221;uncode-palette&#8221; uncode_shortcode_id=&#8221;136883&#8243;]Contact us![\/vc_button][vc_single_image media=&#8221;6430&#8243; media_width_percent=&#8221;50&#8243; alignment=&#8221;center&#8221; uncode_shortcode_id=&#8221;123760&#8243;][\/vc_column][\/vc_row][vc_row row_height_percent=&#8221;0&#8243; back_color=&#8221;color-703045&#8243; overlay_alpha=&#8221;50&#8243; gutter_size=&#8221;3&#8243; column_width_percent=&#8221;100&#8243; shift_y=&#8221;0&#8243; z_index=&#8221;0&#8243; uncode_shortcode_id=&#8221;713003&#8243; back_color_type=&#8221;uncode-palette&#8221;][vc_column width=&#8221;1\/1&#8243;][vc_custom_heading text_color=&#8221;color-145278&#8243; text_weight=&#8221;700&#8243; uncode_shortcode_id=&#8221;111174&#8243; text_color_type=&#8221;uncode-palette&#8221;]Frequently asked questions[\/vc_custom_heading][vc_column_text uncode_shortcode_id=&#8221;133695&#8243;]<\/p>\n<h3>Where to find us?<\/h3>\n<p><span style=\"font-weight: 400;\">If you are interested in organizational research \u2013 contact us! We will be happy to provide you with more information and advise you on the best solutions for you. We are available in our offices in Vilnius, Kaunas and Klaip\u0117da or virtually, and our services are available throughout Lithuania and the Baltic States.<\/span><\/p>\n<h3>What are the benefits of the <span class=\"TextRun SCXW5437143 BCX0\" lang=\"LT\" xml:lang=\"LT\" data-contrast=\"auto\"><span class=\"NormalTextRun SCXW5437143 BCX0\">\u201eINLOCUS <\/span><\/span>Employee Experience<span class=\"TextRun SCXW5437143 BCX0\" lang=\"LT\" xml:lang=\"LT\" data-contrast=\"auto\"><span class=\"NormalTextRun SCXW5437143 BCX0\">\u201c<\/span><\/span> survey?<\/h3>\n<p>Assessing employee experience and organizational culture allows the company to better understand the employee experience in the organization, the causes of disengagement and employee turnover. The information obtained from the survey enables companies to develop guidelines to enhance employee experience and culture, create a positive organizational culture, plan for change, and increase employee satisfaction, engagement and loyalty to the organization.<\/p>\n<h3>What determines the cost <span class=\"TextRun SCXW5437143 BCX0\" lang=\"LT\" xml:lang=\"LT\" data-contrast=\"auto\"><span class=\"NormalTextRun SCXW5437143 BCX0\">\u201eINLOCUS <\/span><\/span>Employee Experience<span class=\"TextRun SCXW5437143 BCX0\" lang=\"LT\" xml:lang=\"LT\" data-contrast=\"auto\"><span class=\"NormalTextRun SCXW5437143 BCX0\">\u201c<\/span><\/span> of the survey?<\/h3>\n<p><span style=\"font-weight: 400;\">The cost of the service depends on the number of employees in the organization. For the best quote, please contact <\/span><a href=\"https:\/\/emplonet.lt\/kontaktai\/\"><span style=\"font-weight: 400;\">Emplonet consultants directly<\/span><\/a><span style=\"font-weight: 400;\">.<\/span>[\/vc_column_text][vc_button button_color=&#8221;color-145278&#8243; border_width=&#8221;0&#8243; link=&#8221;url:https%3A%2F%2Femplonet.lt%2Fen%2Fcontacts%2F&#8221; button_color_type=&#8221;uncode-palette&#8221; uncode_shortcode_id=&#8221;136883&#8243;]Contact us![\/vc_button][\/vc_column][\/vc_row][vc_row][vc_column width=&#8221;1\/1&#8243;][vc_custom_heading text_color=&#8221;color-145278&#8243; text_weight=&#8221;700&#8243; uncode_shortcode_id=&#8221;209837&#8243; text_color_type=&#8221;uncode-palette&#8221;]Other services:[\/vc_custom_heading][vc_row_inner][vc_column_inner column_width_percent=&#8221;100&#8243; align_horizontal=&#8221;align_center&#8221; gutter_size=&#8221;3&#8243; overlay_alpha=&#8221;50&#8243; shift_x=&#8221;0&#8243; shift_y=&#8221;0&#8243; shift_y_down=&#8221;0&#8243; z_index=&#8221;0&#8243; medium_width=&#8221;0&#8243; mobile_width=&#8221;0&#8243; width=&#8221;1\/4&#8243; uncode_shortcode_id=&#8221;184983&#8243;][vc_button button_color=&#8221;color-145278&#8243; border_width=&#8221;0&#8243; link=&#8221;url:https%3A%2F%2Femplonet.lt%2Fen%2Ffor-clients%2Flabour-market-and-other-research%2F&#8221; button_color_type=&#8221;uncode-palette&#8221; uncode_shortcode_id=&#8221;820633&#8243;]Labour market research[\/vc_button][\/vc_column_inner][vc_column_inner column_width_percent=&#8221;100&#8243; align_horizontal=&#8221;align_center&#8221; gutter_size=&#8221;3&#8243; overlay_alpha=&#8221;50&#8243; shift_x=&#8221;0&#8243; shift_y=&#8221;0&#8243; shift_y_down=&#8221;0&#8243; z_index=&#8221;0&#8243; medium_width=&#8221;0&#8243; mobile_width=&#8221;0&#8243; width=&#8221;1\/4&#8243; uncode_shortcode_id=&#8221;102242&#8243;][vc_button button_color=&#8221;color-145278&#8243; border_width=&#8221;0&#8243; link=&#8221;url:https%3A%2F%2Femplonet.lt%2Fen%2Ffor-clients%2Ftripod-test%2F&#8221; button_color_type=&#8221;uncode-palette&#8221; uncode_shortcode_id=&#8221;182094&#8243;]TRIPOD testing[\/vc_button][\/vc_column_inner][vc_column_inner column_width_percent=&#8221;100&#8243; align_horizontal=&#8221;align_center&#8221; gutter_size=&#8221;3&#8243; overlay_alpha=&#8221;50&#8243; shift_x=&#8221;0&#8243; shift_y=&#8221;0&#8243; shift_y_down=&#8221;0&#8243; z_index=&#8221;0&#8243; medium_width=&#8221;0&#8243; mobile_width=&#8221;0&#8243; width=&#8221;1\/4&#8243; uncode_shortcode_id=&#8221;192713&#8243;][\/vc_column_inner][vc_column_inner column_width_percent=&#8221;100&#8243; align_horizontal=&#8221;align_center&#8221; gutter_size=&#8221;3&#8243; overlay_alpha=&#8221;50&#8243; shift_x=&#8221;0&#8243; shift_y=&#8221;0&#8243; shift_y_down=&#8221;0&#8243; z_index=&#8221;0&#8243; medium_width=&#8221;0&#8243; mobile_width=&#8221;0&#8243; width=&#8221;1\/4&#8243; uncode_shortcode_id=&#8221;142290&#8243;][\/vc_column_inner][\/vc_row_inner][\/vc_column][\/vc_row][vc_row][vc_column width=&#8221;1\/1&#8243;][uncode_block id=&#8221;74&#8243;][\/vc_column][\/vc_row]<\/p>\n<\/div>","protected":false},"excerpt":{"rendered":"<p>[vc_row row_height_percent=&#8221;20&#8243; back_color=&#8221;color-xsdn&#8221; back_image=&#8221;5923&#8243; overlay_alpha=&#8221;50&#8243; gutter_size=&#8221;3&#8243; column_width_percent=&#8221;100&#8243; shift_y=&#8221;0&#8243; z_index=&#8221;0&#8243; uncode_shortcode_id=&#8221;172235&#8243; back_color_type=&#8221;uncode-palette&#8221;][vc_column column_width_percent=&#8221;100&#8243; gutter_size=&#8221;3&#8243; back_color=&#8221;color-703045&#8243; overlay_alpha=&#8221;50&#8243; shift_x=&#8221;0&#8243; shift_y=&#8221;0&#8243; shift_y_down=&#8221;0&#8243; z_index=&#8221;0&#8243; medium_width=&#8221;0&#8243; [&hellip;]<\/p>\n","protected":false},"author":18,"featured_media":1189,"parent":7934,"menu_order":0,"comment_status":"closed","ping_status":"closed","template":"","meta":{"footnotes":""},"class_list":["post-7903","page","type-page","status-publish","has-post-thumbnail","hentry"],"yoast_head":"<!-- This site is optimized with the Yoast SEO plugin v23.0 - https:\/\/yoast.com\/wordpress\/plugins\/seo\/ -->\n<title>Organizational research - Emplonet<\/title>\n<meta name=\"description\" content=\"Organizational microclimate surveys | INLOCUS test in Vilnius, Kaunas, Klaip\u0117da \u2611\ufe0f Emplonet.lt. We provide high quality survey services\u2611\ufe0f\" \/>\n<meta name=\"robots\" content=\"index, follow, max-snippet:-1, max-image-preview:large, max-video-preview:-1\" \/>\n<link rel=\"canonical\" href=\"https:\/\/emplonet.lt\/en\/for-clients\/organizational-research\/\" \/>\n<meta property=\"og:locale\" content=\"en_US\" \/>\n<meta property=\"og:type\" content=\"article\" \/>\n<meta property=\"og:title\" content=\"Organizational research - Emplonet\" \/>\n<meta property=\"og:description\" content=\"Hiring the right person reduces staff turnover, saves time and money, and enables teams to achieve long-term goals.\" \/>\n<meta property=\"og:url\" content=\"https:\/\/emplonet.lt\/en\/for-clients\/organizational-research\/\" \/>\n<meta property=\"og:site_name\" content=\"Emplonet\" \/>\n<meta property=\"article:modified_time\" content=\"2026-04-28T08:10:20+00:00\" \/>\n<meta property=\"og:image\" content=\"https:\/\/emplonet.lt\/wp-content\/uploads\/2021\/12\/logo_template.jpg\" \/>\n\t<meta property=\"og:image:width\" content=\"600\" \/>\n\t<meta property=\"og:image:height\" content=\"600\" \/>\n\t<meta property=\"og:image:type\" content=\"image\/jpeg\" \/>\n<meta name=\"twitter:card\" content=\"summary_large_image\" \/>\n<meta name=\"twitter:title\" content=\"For clients\" \/>\n<meta name=\"twitter:description\" content=\"Hiring the right person reduces staff turnover, saves time and money, and enables teams to achieve long-term goals.\" \/>\n<meta name=\"twitter:label1\" content=\"Est. reading time\" \/>\n\t<meta name=\"twitter:data1\" content=\"4 minutes\" \/>\n<script type=\"application\/ld+json\" class=\"yoast-schema-graph\">{\"@context\":\"https:\/\/schema.org\",\"@graph\":[{\"@type\":\"WebPage\",\"@id\":\"https:\/\/emplonet.lt\/en\/for-clients\/organizational-research\/\",\"url\":\"https:\/\/emplonet.lt\/en\/for-clients\/organizational-research\/\",\"name\":\"Organizational research - Emplonet\",\"isPartOf\":{\"@id\":\"https:\/\/emplonet.lt\/#website\"},\"primaryImageOfPage\":{\"@id\":\"https:\/\/emplonet.lt\/en\/for-clients\/organizational-research\/#primaryimage\"},\"image\":{\"@id\":\"https:\/\/emplonet.lt\/en\/for-clients\/organizational-research\/#primaryimage\"},\"thumbnailUrl\":\"https:\/\/emplonet.lt\/wp-content\/uploads\/2021\/12\/logo_template.jpg\",\"datePublished\":\"2022-02-24T13:05:02+00:00\",\"dateModified\":\"2026-04-28T08:10:20+00:00\",\"description\":\"Organizational microclimate surveys | INLOCUS test in Vilnius, Kaunas, Klaip\u0117da \u2611\ufe0f Emplonet.lt. We provide high quality survey services\u2611\ufe0f\",\"breadcrumb\":{\"@id\":\"https:\/\/emplonet.lt\/en\/for-clients\/organizational-research\/#breadcrumb\"},\"inLanguage\":\"en-US\",\"potentialAction\":[{\"@type\":\"ReadAction\",\"target\":[\"https:\/\/emplonet.lt\/en\/for-clients\/organizational-research\/\"]}]},{\"@type\":\"ImageObject\",\"inLanguage\":\"en-US\",\"@id\":\"https:\/\/emplonet.lt\/en\/for-clients\/organizational-research\/#primaryimage\",\"url\":\"https:\/\/emplonet.lt\/wp-content\/uploads\/2021\/12\/logo_template.jpg\",\"contentUrl\":\"https:\/\/emplonet.lt\/wp-content\/uploads\/2021\/12\/logo_template.jpg\",\"width\":600,\"height\":600},{\"@type\":\"BreadcrumbList\",\"@id\":\"https:\/\/emplonet.lt\/en\/for-clients\/organizational-research\/#breadcrumb\",\"itemListElement\":[{\"@type\":\"ListItem\",\"position\":1,\"name\":\"Home\",\"item\":\"https:\/\/emplonet.lt\/en\/home\/\"},{\"@type\":\"ListItem\",\"position\":2,\"name\":\"For Clients\",\"item\":\"https:\/\/emplonet.lt\/en\/for-clients\/\"},{\"@type\":\"ListItem\",\"position\":3,\"name\":\"Organizational research\"}]},{\"@type\":\"WebSite\",\"@id\":\"https:\/\/emplonet.lt\/#website\",\"url\":\"https:\/\/emplonet.lt\/\",\"name\":\"Emplonet\",\"description\":\"Erdv\u0117 augti verslams ir \u017emon\u0117ms\",\"potentialAction\":[{\"@type\":\"SearchAction\",\"target\":{\"@type\":\"EntryPoint\",\"urlTemplate\":\"https:\/\/emplonet.lt\/?s={search_term_string}\"},\"query-input\":\"required name=search_term_string\"}],\"inLanguage\":\"en-US\"}]}<\/script>\n<!-- \/ Yoast SEO plugin. -->","yoast_head_json":{"title":"Organizational research - Emplonet","description":"Organizational microclimate surveys | INLOCUS test in Vilnius, Kaunas, Klaip\u0117da \u2611\ufe0f Emplonet.lt. We provide high quality survey services\u2611\ufe0f","robots":{"index":"index","follow":"follow","max-snippet":"max-snippet:-1","max-image-preview":"max-image-preview:large","max-video-preview":"max-video-preview:-1"},"canonical":"https:\/\/emplonet.lt\/en\/for-clients\/organizational-research\/","og_locale":"en_US","og_type":"article","og_title":"Organizational research - Emplonet","og_description":"Hiring the right person reduces staff turnover, saves time and money, and enables teams to achieve long-term goals.","og_url":"https:\/\/emplonet.lt\/en\/for-clients\/organizational-research\/","og_site_name":"Emplonet","article_modified_time":"2026-04-28T08:10:20+00:00","og_image":[{"width":600,"height":600,"url":"https:\/\/emplonet.lt\/wp-content\/uploads\/2021\/12\/logo_template.jpg","type":"image\/jpeg"}],"twitter_card":"summary_large_image","twitter_title":"For clients","twitter_description":"Hiring the right person reduces staff turnover, saves time and money, and enables teams to achieve long-term goals.","twitter_misc":{"Est. reading time":"4 minutes"},"schema":{"@context":"https:\/\/schema.org","@graph":[{"@type":"WebPage","@id":"https:\/\/emplonet.lt\/en\/for-clients\/organizational-research\/","url":"https:\/\/emplonet.lt\/en\/for-clients\/organizational-research\/","name":"Organizational research - Emplonet","isPartOf":{"@id":"https:\/\/emplonet.lt\/#website"},"primaryImageOfPage":{"@id":"https:\/\/emplonet.lt\/en\/for-clients\/organizational-research\/#primaryimage"},"image":{"@id":"https:\/\/emplonet.lt\/en\/for-clients\/organizational-research\/#primaryimage"},"thumbnailUrl":"https:\/\/emplonet.lt\/wp-content\/uploads\/2021\/12\/logo_template.jpg","datePublished":"2022-02-24T13:05:02+00:00","dateModified":"2026-04-28T08:10:20+00:00","description":"Organizational microclimate surveys | INLOCUS test in Vilnius, Kaunas, Klaip\u0117da \u2611\ufe0f Emplonet.lt. We provide high quality survey services\u2611\ufe0f","breadcrumb":{"@id":"https:\/\/emplonet.lt\/en\/for-clients\/organizational-research\/#breadcrumb"},"inLanguage":"en-US","potentialAction":[{"@type":"ReadAction","target":["https:\/\/emplonet.lt\/en\/for-clients\/organizational-research\/"]}]},{"@type":"ImageObject","inLanguage":"en-US","@id":"https:\/\/emplonet.lt\/en\/for-clients\/organizational-research\/#primaryimage","url":"https:\/\/emplonet.lt\/wp-content\/uploads\/2021\/12\/logo_template.jpg","contentUrl":"https:\/\/emplonet.lt\/wp-content\/uploads\/2021\/12\/logo_template.jpg","width":600,"height":600},{"@type":"BreadcrumbList","@id":"https:\/\/emplonet.lt\/en\/for-clients\/organizational-research\/#breadcrumb","itemListElement":[{"@type":"ListItem","position":1,"name":"Home","item":"https:\/\/emplonet.lt\/en\/home\/"},{"@type":"ListItem","position":2,"name":"For Clients","item":"https:\/\/emplonet.lt\/en\/for-clients\/"},{"@type":"ListItem","position":3,"name":"Organizational research"}]},{"@type":"WebSite","@id":"https:\/\/emplonet.lt\/#website","url":"https:\/\/emplonet.lt\/","name":"Emplonet","description":"Erdv\u0117 augti verslams ir \u017emon\u0117ms","potentialAction":[{"@type":"SearchAction","target":{"@type":"EntryPoint","urlTemplate":"https:\/\/emplonet.lt\/?s={search_term_string}"},"query-input":"required name=search_term_string"}],"inLanguage":"en-US"}]}},"_links":{"self":[{"href":"https:\/\/emplonet.lt\/en\/wp-json\/wp\/v2\/pages\/7903"}],"collection":[{"href":"https:\/\/emplonet.lt\/en\/wp-json\/wp\/v2\/pages"}],"about":[{"href":"https:\/\/emplonet.lt\/en\/wp-json\/wp\/v2\/types\/page"}],"author":[{"embeddable":true,"href":"https:\/\/emplonet.lt\/en\/wp-json\/wp\/v2\/users\/18"}],"replies":[{"embeddable":true,"href":"https:\/\/emplonet.lt\/en\/wp-json\/wp\/v2\/comments?post=7903"}],"version-history":[{"count":10,"href":"https:\/\/emplonet.lt\/en\/wp-json\/wp\/v2\/pages\/7903\/revisions"}],"predecessor-version":[{"id":11402,"href":"https:\/\/emplonet.lt\/en\/wp-json\/wp\/v2\/pages\/7903\/revisions\/11402"}],"up":[{"embeddable":true,"href":"https:\/\/emplonet.lt\/en\/wp-json\/wp\/v2\/pages\/7934"}],"wp:featuredmedia":[{"embeddable":true,"href":"https:\/\/emplonet.lt\/en\/wp-json\/wp\/v2\/media\/1189"}],"wp:attachment":[{"href":"https:\/\/emplonet.lt\/en\/wp-json\/wp\/v2\/media?parent=7903"}],"curies":[{"name":"wp","href":"https:\/\/api.w.org\/{rel}","templated":true}]}}