{"id":7882,"date":"2022-02-24T16:44:22","date_gmt":"2022-02-24T14:44:22","guid":{"rendered":"https:\/\/emplonet.lt\/career-consultations\/"},"modified":"2025-02-19T14:04:09","modified_gmt":"2025-02-19T12:04:09","slug":"career-consultations","status":"publish","type":"page","link":"https:\/\/emplonet.lt\/en\/for-candidates\/career-consultations\/","title":{"rendered":"Career consultations"},"content":{"rendered":"<div class=\"wpb-content-wrapper\"><p>[vc_row row_height_percent=&#8221;20&#8243; overlay_alpha=&#8221;50&#8243; gutter_size=&#8221;3&#8243; column_width_percent=&#8221;100&#8243; shift_y=&#8221;0&#8243; z_index=&#8221;0&#8243; uncode_shortcode_id=&#8221;885475&#8243; css=&#8221;.vc_custom_1713447846493{margin-top: -36px !important;}&#8221;][vc_column column_width_percent=&#8221;100&#8243; gutter_size=&#8221;3&#8243; overlay_alpha=&#8221;50&#8243; shift_x=&#8221;0&#8243; shift_y=&#8221;0&#8243; shift_y_down=&#8221;0&#8243; z_index=&#8221;0&#8243; medium_width=&#8221;0&#8243; mobile_width=&#8221;0&#8243; width=&#8221;1\/1&#8243; uncode_shortcode_id=&#8221;172388&#8243; el_id=&#8221;prilipes&#8221; el_class=&#8221;prilipes&#8221;][vc_single_image media=&#8221;5405&#8243; media_width_percent=&#8221;100&#8243; uncode_shortcode_id=&#8221;133012&#8243;][vc_custom_heading heading_semantic=&#8221;h1&#8243; text_size=&#8221;h1&#8243; text_weight=&#8221;700&#8243; uncode_shortcode_id=&#8221;178347&#8243;]Career consultations[\/vc_custom_heading][vc_column_text uncode_shortcode_id=&#8221;565495&#8243;]<span style=\"font-weight: 400;\"><strong>A personalised career consultation is a conversation with a career specialist that empowers you to find your dream job smoother and faster. During the consultation, all of your concerns regarding your potential career change are discussed.<\/strong><\/span>[\/vc_column_text][\/vc_column][\/vc_row][vc_row row_height_percent=&#8221;0&#8243; back_color=&#8221;color-142510&#8243; overlay_alpha=&#8221;50&#8243; gutter_size=&#8221;3&#8243; column_width_percent=&#8221;100&#8243; shift_y=&#8221;0&#8243; z_index=&#8221;0&#8243; uncode_shortcode_id=&#8221;831565&#8243; back_color_type=&#8221;uncode-palette&#8221; el_class=&#8221;.melynastekstas&#8221;][vc_column width=&#8221;1\/1&#8243;][vc_custom_heading text_color=&#8221;color-145278&#8243; text_weight=&#8221;700&#8243; uncode_shortcode_id=&#8221;941314&#8243; text_color_type=&#8221;uncode-palette&#8221;]How does a career consultation work?[\/vc_custom_heading][uncode_list icon=&#8221;fa fa-check&#8221; icon_color=&#8221;color-145278&#8243; uncode_shortcode_id=&#8221;102827&#8243; icon_color_type=&#8221;uncode-palette&#8221;]<\/p>\n<ul>\n<li><span style=\"font-weight: 400;\">We will meet you. Contact us and we will be waiting for you for a pleasant conversation at our branch in Vilnius, Kaunas or Klaip\u0117da.<\/span><\/li>\n<li><span style=\"font-weight: 400;\">We will consult you on the labour market. During the meeting, we will give you advice on the labour market and your opportunities \u2013 the demand for your skills and experience in the current market.<\/span><\/li>\n<li><span style=\"font-weight: 400;\">We will clarify your expectations. During the interview, we will clarify your experience, expectations, preferences in terms of workplace, type of work, remuneration package.<\/span><\/li>\n<li><span style=\"font-weight: 400;\">We will provide job offers. If possible, we will provide you with a refined list of job offers that match your expectations, with full information about the workplace and the nature of the job.<\/span><\/li>\n<li><span style=\"font-weight: 400;\">We will help you evaluate. We will review your work experience, your acquired competences, provide a consultation on the labour market and your opportunities.<\/span><\/li>\n<li><span style=\"font-weight: 400;\">You will have the opportunity to take tests. If you wish, you will be able to take TRIPOD tests for an additional fee, which will allow you to identify your personal strengths that would be best suited to the position.<\/span><\/li>\n<li><span style=\"font-weight: 400;\">We will advise you on your image. We will review and assess your professional image in the digital space \u2013 social networks \u2013 and help you strengthen it.<\/span><\/li>\n<li><span style=\"font-weight: 400;\">We will help you with your CV. We will give you clear guidelines on how to write a quality CV or cover letter and how to tailor it to different job roles. We will also provide representative CV writing examples.<\/span><\/li>\n<\/ul>\n<p>[\/uncode_list][vc_button button_color=&#8221;color-145278&#8243; border_width=&#8221;0&#8243; link=&#8221;url:https%3A%2F%2Femplonet.lt%2Fen%2Fcontacts%2F&#8221; button_color_type=&#8221;uncode-palette&#8221; uncode_shortcode_id=&#8221;694959&#8243;]Contact us[\/vc_button][vc_separator sep_color=&#8221;color-145278&#8243; uncode_shortcode_id=&#8221;987048&#8243; sep_color_type=&#8221;uncode-palette&#8221;][\/vc_column][\/vc_row][vc_row row_height_percent=&#8221;0&#8243; back_color=&#8221;color-145278&#8243; overlay_alpha=&#8221;50&#8243; gutter_size=&#8221;3&#8243; column_width_percent=&#8221;100&#8243; shift_y=&#8221;0&#8243; z_index=&#8221;0&#8243; uncode_shortcode_id=&#8221;298652&#8243; back_color_type=&#8221;uncode-palette&#8221;][vc_column width=&#8221;1\/2&#8243;][vc_custom_heading text_color=&#8221;color-xsdn&#8221; uncode_shortcode_id=&#8221;100370&#8243; text_color_type=&#8221;uncode-palette&#8221;]During the career consultations we will discuss the following topics:[\/vc_custom_heading][uncode_list icon=&#8221;fa fa-check&#8221; icon_color=&#8221;color-142510&#8243; uncode_shortcode_id=&#8221;948825&#8243; icon_color_type=&#8221;uncode-palette&#8221; el_class=&#8221;.baltastekstas&#8221;]<\/p>\n<ul>\n<li><span style=\"font-weight: 400;\">Your professional direction. Emplonet experts will help you to clarify your professional needs, motivations, opportunities;<\/span><\/li>\n<li><span style=\"font-weight: 400;\">labour market situation. We will inform you about the current situation of the labour market and the value of your competences in it;<\/span><\/li>\n<li><span style=\"font-weight: 400;\">CV. We will help you prepare a professional CV that meets the latest modern standards.<\/span><\/li>\n<\/ul>\n<p>[\/uncode_list][\/vc_column][vc_column width=&#8221;1\/2&#8243;][vc_custom_heading text_color=&#8221;color-xsdn&#8221; uncode_shortcode_id=&#8221;131640&#8243; text_color_type=&#8221;uncode-palette&#8221;]The consultation will help you:[\/vc_custom_heading][uncode_list icon=&#8221;fa fa-check&#8221; icon_color=&#8221;color-142510&#8243; uncode_shortcode_id=&#8221;186157&#8243; icon_color_type=&#8221;uncode-palette&#8221; el_class=&#8221;.baltastekstas&#8221;]<\/p>\n<ul>\n<li><span style=\"font-weight: 400;\">Better assess your expectations, opportunities and prospects;<\/span><\/li>\n<li><span style=\"font-weight: 400;\">Feel more confident in future meetings with potential employers;<\/span><\/li>\n<li><span style=\"font-weight: 400;\">Gain more determination and inspiration to move forward in a purposeful way.<\/span><\/li>\n<\/ul>\n<p>[\/uncode_list][\/vc_column][\/vc_row][vc_row row_height_percent=&#8221;0&#8243; back_color=&#8221;color-703045&#8243; overlay_alpha=&#8221;50&#8243; gutter_size=&#8221;3&#8243; column_width_percent=&#8221;100&#8243; shift_y=&#8221;0&#8243; z_index=&#8221;0&#8243; uncode_shortcode_id=&#8221;713003&#8243; back_color_type=&#8221;uncode-palette&#8221;][vc_column width=&#8221;1\/1&#8243;][vc_custom_heading text_color=&#8221;color-145278&#8243; text_weight=&#8221;700&#8243; uncode_shortcode_id=&#8221;111174&#8243; text_color_type=&#8221;uncode-palette&#8221;]Frequently asked questions[\/vc_custom_heading][vc_column_text uncode_shortcode_id=&#8221;206559&#8243;]<\/p>\n<h3>Where to find us?<\/h3>\n<p><span style=\"font-weight: 400;\">JIf you are interested in a career consultations \u2013 contact us! We will be happy to provide you with more information and advise you on the best solutions for you. We are available in our offices in Vilnius, Kaunas and Klaip\u0117da or virtually, and our services are available throughout Lithuania and the Baltic States.<\/span><\/p>\n<h3>What does the cost and duration of a career consultation depend on?<\/h3>\n<p><span style=\"font-weight: 400;\">The cost and duration of a career consultation depends on the stages you choose. If only a consultation is requested, there is a fixed consultation fee. Additional fees apply if you wish to take part in a mock interview or tests. For specific prices it is best to contact us directly.<\/span><span style=\"font-weight: 400;\">.<\/span><\/p>\n<h3>Who can apply for a career consultation?<\/h3>\n<p><span style=\"font-weight: 400;\">Career consultations are relevant for people who want to change jobs or careers in general, as well as for those who are planning to start their career path.<\/span>[\/vc_column_text][\/vc_column][\/vc_row][vc_row][vc_column width=&#8221;1\/1&#8243;][vc_custom_heading text_color=&#8221;color-145278&#8243; text_weight=&#8221;700&#8243; uncode_shortcode_id=&#8221;209837&#8243; text_color_type=&#8221;uncode-palette&#8221;]Other services:[\/vc_custom_heading][vc_row_inner][vc_column_inner column_width_percent=&#8221;100&#8243; align_horizontal=&#8221;align_center&#8221; gutter_size=&#8221;3&#8243; overlay_alpha=&#8221;50&#8243; shift_x=&#8221;0&#8243; shift_y=&#8221;0&#8243; shift_y_down=&#8221;0&#8243; z_index=&#8221;0&#8243; medium_width=&#8221;0&#8243; mobile_width=&#8221;0&#8243; width=&#8221;1\/4&#8243; uncode_shortcode_id=&#8221;184983&#8243;][vc_button button_color=&#8221;color-145278&#8243; border_width=&#8221;0&#8243; link=&#8221;url:https%3A%2F%2Femplonet.lt%2Fen%2Ffor-clients%2Ftripod-test%2F&#8221; button_color_type=&#8221;uncode-palette&#8221; uncode_shortcode_id=&#8221;174914&#8243;]TRIPOD testing[\/vc_button][\/vc_column_inner][vc_column_inner column_width_percent=&#8221;100&#8243; align_horizontal=&#8221;align_center&#8221; gutter_size=&#8221;3&#8243; overlay_alpha=&#8221;50&#8243; shift_x=&#8221;0&#8243; shift_y=&#8221;0&#8243; shift_y_down=&#8221;0&#8243; z_index=&#8221;0&#8243; medium_width=&#8221;0&#8243; mobile_width=&#8221;0&#8243; width=&#8221;1\/4&#8243; uncode_shortcode_id=&#8221;102242&#8243;][vc_button button_color=&#8221;color-145278&#8243; border_width=&#8221;0&#8243; link=&#8221;url:https%3A%2F%2Femplonet.lt%2Fen%2Ffor-candidates%2Fcompetence-assessment%2F&#8221; button_color_type=&#8221;uncode-palette&#8221; uncode_shortcode_id=&#8221;126254&#8243;]Employee competence assessment[\/vc_button][\/vc_column_inner][vc_column_inner column_width_percent=&#8221;100&#8243; align_horizontal=&#8221;align_center&#8221; gutter_size=&#8221;3&#8243; overlay_alpha=&#8221;50&#8243; shift_x=&#8221;0&#8243; shift_y=&#8221;0&#8243; shift_y_down=&#8221;0&#8243; z_index=&#8221;0&#8243; medium_width=&#8221;0&#8243; mobile_width=&#8221;0&#8243; width=&#8221;1\/4&#8243; uncode_shortcode_id=&#8221;192713&#8243;][vc_button button_color=&#8221;color-145278&#8243; border_width=&#8221;0&#8243; link=&#8221;url:https%3A%2F%2Femplonet.lt%2Fen%2Fspecialist-recruitment%2F&#8221; button_color_type=&#8221;uncode-palette&#8221; uncode_shortcode_id=&#8221;846798&#8243;]Specialist recruitment[\/vc_button][\/vc_column_inner][vc_column_inner column_width_percent=&#8221;100&#8243; align_horizontal=&#8221;align_center&#8221; gutter_size=&#8221;3&#8243; overlay_alpha=&#8221;50&#8243; shift_x=&#8221;0&#8243; shift_y=&#8221;0&#8243; shift_y_down=&#8221;0&#8243; z_index=&#8221;0&#8243; medium_width=&#8221;0&#8243; mobile_width=&#8221;0&#8243; width=&#8221;1\/4&#8243; uncode_shortcode_id=&#8221;142290&#8243;][\/vc_column_inner][\/vc_row_inner][\/vc_column][\/vc_row][vc_row][vc_column width=&#8221;1\/1&#8243;][uncode_block id=&#8221;74&#8243;][\/vc_column][\/vc_row]<\/p>\n<\/div>","protected":false},"excerpt":{"rendered":"<p>[vc_row row_height_percent=&#8221;20&#8243; overlay_alpha=&#8221;50&#8243; gutter_size=&#8221;3&#8243; column_width_percent=&#8221;100&#8243; shift_y=&#8221;0&#8243; z_index=&#8221;0&#8243; uncode_shortcode_id=&#8221;885475&#8243; css=&#8221;.vc_custom_1713447846493{margin-top: -36px !important;}&#8221;][vc_column column_width_percent=&#8221;100&#8243; gutter_size=&#8221;3&#8243; overlay_alpha=&#8221;50&#8243; shift_x=&#8221;0&#8243; shift_y=&#8221;0&#8243; shift_y_down=&#8221;0&#8243; z_index=&#8221;0&#8243; medium_width=&#8221;0&#8243; mobile_width=&#8221;0&#8243; [&hellip;]<\/p>\n","protected":false},"author":18,"featured_media":1189,"parent":7946,"menu_order":0,"comment_status":"closed","ping_status":"closed","template":"","meta":{"footnotes":""},"class_list":["post-7882","page","type-page","status-publish","has-post-thumbnail","hentry"],"yoast_head":"<!-- This site is optimized with the Yoast SEO plugin v23.0 - https:\/\/yoast.com\/wordpress\/plugins\/seo\/ -->\n<title>Career consultations - Emplonet<\/title>\n<meta name=\"description\" content=\"Career consultations throughout Lithuania \u2611\ufe0f Emplonet will help you with all your career advice needs \u2013 whether you are starting your career or changing jobs.\" \/>\n<meta name=\"robots\" content=\"index, follow, max-snippet:-1, max-image-preview:large, max-video-preview:-1\" \/>\n<link rel=\"canonical\" href=\"https:\/\/emplonet.lt\/en\/for-candidates\/career-consultations\/\" \/>\n<meta property=\"og:locale\" content=\"en_US\" \/>\n<meta property=\"og:type\" content=\"article\" \/>\n<meta property=\"og:title\" content=\"Career consultations - Emplonet\" \/>\n<meta property=\"og:description\" content=\"Hiring the right person reduces staff turnover, saves time and money, and enables teams to achieve long-term goals.\" \/>\n<meta property=\"og:url\" content=\"https:\/\/emplonet.lt\/en\/for-candidates\/career-consultations\/\" \/>\n<meta property=\"og:site_name\" content=\"Emplonet\" \/>\n<meta property=\"article:modified_time\" content=\"2025-02-19T12:04:09+00:00\" \/>\n<meta property=\"og:image\" content=\"https:\/\/emplonet.lt\/wp-content\/uploads\/2021\/12\/logo_template.jpg\" \/>\n\t<meta property=\"og:image:width\" content=\"600\" \/>\n\t<meta property=\"og:image:height\" content=\"600\" \/>\n\t<meta property=\"og:image:type\" content=\"image\/jpeg\" \/>\n<meta name=\"twitter:card\" content=\"summary_large_image\" \/>\n<meta name=\"twitter:title\" content=\"For clients\" \/>\n<meta name=\"twitter:description\" content=\"Hiring the right person reduces staff turnover, saves time and money, and enables teams to achieve long-term goals.\" \/>\n<meta name=\"twitter:label1\" content=\"Est. reading time\" \/>\n\t<meta name=\"twitter:data1\" content=\"5 minutes\" \/>\n<script type=\"application\/ld+json\" class=\"yoast-schema-graph\">{\"@context\":\"https:\/\/schema.org\",\"@graph\":[{\"@type\":\"WebPage\",\"@id\":\"https:\/\/emplonet.lt\/en\/for-candidates\/career-consultations\/\",\"url\":\"https:\/\/emplonet.lt\/en\/for-candidates\/career-consultations\/\",\"name\":\"Career consultations - Emplonet\",\"isPartOf\":{\"@id\":\"https:\/\/emplonet.lt\/#website\"},\"primaryImageOfPage\":{\"@id\":\"https:\/\/emplonet.lt\/en\/for-candidates\/career-consultations\/#primaryimage\"},\"image\":{\"@id\":\"https:\/\/emplonet.lt\/en\/for-candidates\/career-consultations\/#primaryimage\"},\"thumbnailUrl\":\"https:\/\/emplonet.lt\/wp-content\/uploads\/2021\/12\/logo_template.jpg\",\"datePublished\":\"2022-02-24T14:44:22+00:00\",\"dateModified\":\"2025-02-19T12:04:09+00:00\",\"description\":\"Career consultations throughout Lithuania \u2611\ufe0f Emplonet will help you with all your career advice needs \u2013 whether you are starting your career or changing jobs.\",\"breadcrumb\":{\"@id\":\"https:\/\/emplonet.lt\/en\/for-candidates\/career-consultations\/#breadcrumb\"},\"inLanguage\":\"en-US\",\"potentialAction\":[{\"@type\":\"ReadAction\",\"target\":[\"https:\/\/emplonet.lt\/en\/for-candidates\/career-consultations\/\"]}]},{\"@type\":\"ImageObject\",\"inLanguage\":\"en-US\",\"@id\":\"https:\/\/emplonet.lt\/en\/for-candidates\/career-consultations\/#primaryimage\",\"url\":\"https:\/\/emplonet.lt\/wp-content\/uploads\/2021\/12\/logo_template.jpg\",\"contentUrl\":\"https:\/\/emplonet.lt\/wp-content\/uploads\/2021\/12\/logo_template.jpg\",\"width\":600,\"height\":600},{\"@type\":\"BreadcrumbList\",\"@id\":\"https:\/\/emplonet.lt\/en\/for-candidates\/career-consultations\/#breadcrumb\",\"itemListElement\":[{\"@type\":\"ListItem\",\"position\":1,\"name\":\"Home\",\"item\":\"https:\/\/emplonet.lt\/en\/home\/\"},{\"@type\":\"ListItem\",\"position\":2,\"name\":\"For Candidates\",\"item\":\"https:\/\/emplonet.lt\/en\/for-candidates\/\"},{\"@type\":\"ListItem\",\"position\":3,\"name\":\"Career consultations\"}]},{\"@type\":\"WebSite\",\"@id\":\"https:\/\/emplonet.lt\/#website\",\"url\":\"https:\/\/emplonet.lt\/\",\"name\":\"Emplonet\",\"description\":\"Erdv\u0117 augti verslams ir \u017emon\u0117ms\",\"potentialAction\":[{\"@type\":\"SearchAction\",\"target\":{\"@type\":\"EntryPoint\",\"urlTemplate\":\"https:\/\/emplonet.lt\/?s={search_term_string}\"},\"query-input\":\"required name=search_term_string\"}],\"inLanguage\":\"en-US\"}]}<\/script>\n<!-- \/ Yoast SEO plugin. -->","yoast_head_json":{"title":"Career consultations - Emplonet","description":"Career consultations throughout Lithuania \u2611\ufe0f Emplonet will help you with all your career advice needs \u2013 whether you are starting your career or changing jobs.","robots":{"index":"index","follow":"follow","max-snippet":"max-snippet:-1","max-image-preview":"max-image-preview:large","max-video-preview":"max-video-preview:-1"},"canonical":"https:\/\/emplonet.lt\/en\/for-candidates\/career-consultations\/","og_locale":"en_US","og_type":"article","og_title":"Career consultations - Emplonet","og_description":"Hiring the right person reduces staff turnover, saves time and money, and enables teams to achieve long-term goals.","og_url":"https:\/\/emplonet.lt\/en\/for-candidates\/career-consultations\/","og_site_name":"Emplonet","article_modified_time":"2025-02-19T12:04:09+00:00","og_image":[{"width":600,"height":600,"url":"https:\/\/emplonet.lt\/wp-content\/uploads\/2021\/12\/logo_template.jpg","type":"image\/jpeg"}],"twitter_card":"summary_large_image","twitter_title":"For clients","twitter_description":"Hiring the right person reduces staff turnover, saves time and money, and enables teams to achieve long-term goals.","twitter_misc":{"Est. reading time":"5 minutes"},"schema":{"@context":"https:\/\/schema.org","@graph":[{"@type":"WebPage","@id":"https:\/\/emplonet.lt\/en\/for-candidates\/career-consultations\/","url":"https:\/\/emplonet.lt\/en\/for-candidates\/career-consultations\/","name":"Career consultations - Emplonet","isPartOf":{"@id":"https:\/\/emplonet.lt\/#website"},"primaryImageOfPage":{"@id":"https:\/\/emplonet.lt\/en\/for-candidates\/career-consultations\/#primaryimage"},"image":{"@id":"https:\/\/emplonet.lt\/en\/for-candidates\/career-consultations\/#primaryimage"},"thumbnailUrl":"https:\/\/emplonet.lt\/wp-content\/uploads\/2021\/12\/logo_template.jpg","datePublished":"2022-02-24T14:44:22+00:00","dateModified":"2025-02-19T12:04:09+00:00","description":"Career consultations throughout Lithuania \u2611\ufe0f Emplonet will help you with all your career advice needs \u2013 whether you are starting your career or changing jobs.","breadcrumb":{"@id":"https:\/\/emplonet.lt\/en\/for-candidates\/career-consultations\/#breadcrumb"},"inLanguage":"en-US","potentialAction":[{"@type":"ReadAction","target":["https:\/\/emplonet.lt\/en\/for-candidates\/career-consultations\/"]}]},{"@type":"ImageObject","inLanguage":"en-US","@id":"https:\/\/emplonet.lt\/en\/for-candidates\/career-consultations\/#primaryimage","url":"https:\/\/emplonet.lt\/wp-content\/uploads\/2021\/12\/logo_template.jpg","contentUrl":"https:\/\/emplonet.lt\/wp-content\/uploads\/2021\/12\/logo_template.jpg","width":600,"height":600},{"@type":"BreadcrumbList","@id":"https:\/\/emplonet.lt\/en\/for-candidates\/career-consultations\/#breadcrumb","itemListElement":[{"@type":"ListItem","position":1,"name":"Home","item":"https:\/\/emplonet.lt\/en\/home\/"},{"@type":"ListItem","position":2,"name":"For Candidates","item":"https:\/\/emplonet.lt\/en\/for-candidates\/"},{"@type":"ListItem","position":3,"name":"Career consultations"}]},{"@type":"WebSite","@id":"https:\/\/emplonet.lt\/#website","url":"https:\/\/emplonet.lt\/","name":"Emplonet","description":"Erdv\u0117 augti verslams ir \u017emon\u0117ms","potentialAction":[{"@type":"SearchAction","target":{"@type":"EntryPoint","urlTemplate":"https:\/\/emplonet.lt\/?s={search_term_string}"},"query-input":"required name=search_term_string"}],"inLanguage":"en-US"}]}},"_links":{"self":[{"href":"https:\/\/emplonet.lt\/en\/wp-json\/wp\/v2\/pages\/7882"}],"collection":[{"href":"https:\/\/emplonet.lt\/en\/wp-json\/wp\/v2\/pages"}],"about":[{"href":"https:\/\/emplonet.lt\/en\/wp-json\/wp\/v2\/types\/page"}],"author":[{"embeddable":true,"href":"https:\/\/emplonet.lt\/en\/wp-json\/wp\/v2\/users\/18"}],"replies":[{"embeddable":true,"href":"https:\/\/emplonet.lt\/en\/wp-json\/wp\/v2\/comments?post=7882"}],"version-history":[{"count":7,"href":"https:\/\/emplonet.lt\/en\/wp-json\/wp\/v2\/pages\/7882\/revisions"}],"predecessor-version":[{"id":8325,"href":"https:\/\/emplonet.lt\/en\/wp-json\/wp\/v2\/pages\/7882\/revisions\/8325"}],"up":[{"embeddable":true,"href":"https:\/\/emplonet.lt\/en\/wp-json\/wp\/v2\/pages\/7946"}],"wp:featuredmedia":[{"embeddable":true,"href":"https:\/\/emplonet.lt\/en\/wp-json\/wp\/v2\/media\/1189"}],"wp:attachment":[{"href":"https:\/\/emplonet.lt\/en\/wp-json\/wp\/v2\/media?parent=7882"}],"curies":[{"name":"wp","href":"https:\/\/api.w.org\/{rel}","templated":true}]}}