{"id":7870,"date":"2022-05-12T10:54:23","date_gmt":"2022-05-12T07:54:23","guid":{"rendered":"https:\/\/emplonet.lt\/it-specialist-recruitment-and-selection\/"},"modified":"2025-02-19T15:33:37","modified_gmt":"2025-02-19T13:33:37","slug":"it-specialist-recruitment-and-selection","status":"publish","type":"page","link":"https:\/\/emplonet.lt\/en\/it-specialist-recruitment-and-selection\/","title":{"rendered":"IT specialist recruitment and selection"},"content":{"rendered":"<div class=\"wpb-content-wrapper\"><p>[vc_row row_height_percent=&#8221;20&#8243; back_color=&#8221;color-xsdn&#8221; back_image=&#8221;5923&#8243; overlay_alpha=&#8221;50&#8243; gutter_size=&#8221;3&#8243; column_width_percent=&#8221;100&#8243; shift_y=&#8221;0&#8243; z_index=&#8221;0&#8243; uncode_shortcode_id=&#8221;172235&#8243; back_color_type=&#8221;uncode-palette&#8221;][vc_column column_width_percent=&#8221;100&#8243; position_vertical=&#8221;middle&#8221; gutter_size=&#8221;3&#8243; overlay_alpha=&#8221;50&#8243; shift_x=&#8221;0&#8243; shift_y=&#8221;0&#8243; shift_y_down=&#8221;0&#8243; z_index=&#8221;0&#8243; medium_width=&#8221;0&#8243; mobile_width=&#8221;0&#8243; width=&#8221;1\/2&#8243; uncode_shortcode_id=&#8221;125575&#8243;][\/vc_column][vc_column column_width_percent=&#8221;100&#8243; gutter_size=&#8221;3&#8243; back_color=&#8221;color-703045&#8243; overlay_alpha=&#8221;50&#8243; shift_x=&#8221;0&#8243; shift_y=&#8221;0&#8243; shift_y_down=&#8221;0&#8243; z_index=&#8221;0&#8243; medium_width=&#8221;0&#8243; mobile_width=&#8221;0&#8243; width=&#8221;1\/2&#8243; uncode_shortcode_id=&#8221;847887&#8243; back_color_type=&#8221;uncode-palette&#8221;][vc_custom_heading heading_semantic=&#8221;h1&#8243; text_size=&#8221;h1&#8243; text_weight=&#8221;700&#8243; uncode_shortcode_id=&#8221;471187&#8243;]IT specialist recruitment and selection[\/vc_custom_heading][vc_column_text uncode_shortcode_id=&#8221;185805&#8243;]<span style=\"font-weight: 400;\">The competition for IT specialists is one of the most intense on the market. IT professionals receive job offers very frequently, so it takes a lot of knowledge, skills and experience to interest them in new career opportunities.<\/span><\/p>\n<p><span style=\"font-weight: 400;\">Emplonet specializes in attracting IT specialists for many years, and in 2021, with the finalization of a strong IT recruitment team, we established an IT recruitment division.<\/span>[\/vc_column_text][\/vc_column][\/vc_row][vc_row][vc_column width=&#8221;1\/1&#8243;][vc_custom_heading text_color=&#8221;color-145278&#8243; text_weight=&#8221;700&#8243; uncode_shortcode_id=&#8221;162000&#8243; text_color_type=&#8221;uncode-palette&#8221;]How do we recruit and select IT specialists?[\/vc_custom_heading][\/vc_column][\/vc_row][vc_row row_height_percent=&#8221;0&#8243; overlay_alpha=&#8221;50&#8243; gutter_size=&#8221;3&#8243; column_width_percent=&#8221;100&#8243; shift_y=&#8221;0&#8243; z_index=&#8221;0&#8243; uncode_shortcode_id=&#8221;147512&#8243; css=&#8221;.vc_custom_1717084678640{margin-top: 0px !important;border-top-width: 0px !important;padding-top: 0px !important;}&#8221; el_class=&#8221;.melynastekstas&#8221;][vc_column width=&#8221;1\/2&#8243;][vc_column_text text_lead=&#8221;yes&#8221; uncode_shortcode_id=&#8221;190165&#8243;]<strong>We recruit professionally by using globally recognised standardised methods and drawing on our company&#8217;s decade of experience:<\/strong>[\/vc_column_text][uncode_list icon=&#8221;fa fa-chevron-circle-right&#8221; icon_color=&#8221;color-145278&#8243; uncode_shortcode_id=&#8221;958895&#8243; icon_color_type=&#8221;uncode-palette&#8221; el_class=&#8221;.melynas tekstas&#8221;]<\/p>\n<ul>\n<li style=\"list-style-type: none;\">\n<ul>\n<li><span style=\"font-weight: 400;\">During a focused, productive and enjoyable interview, we analyse your needs and expectations, learn what would be the values, personal qualities, skills, experience etc. of the Candidate you need for your organization.<\/span><\/li>\n<li><span style=\"font-weight: 400;\">Depending on the nature of recruitment, we will select the most suitable specialist from our team of IT recruiters who will bring the best experience to the table.<\/span><\/li>\n<li><span style=\"font-weight: 400;\">We give you an estimate of when you can expect to receive information about Candidates. We provide expert insights that make the selection process faster and more efficient.<\/span><\/li>\n<li><span style=\"font-weight: 400;\">Based on the specifics of the selection process and your needs, we select the most suitable methods and tools and implement them. We conduct passive Candidate searches, \u201e<\/span><a href=\"https:\/\/emplonet.lt\/klientams\/galvu-medziokle\/\"><span style=\"font-weight: 400;\">headhunts<\/span><\/a><span style=\"font-weight: 400;\">&#8220;, and assess potential Candidates using standardised psychological tests and technical tasks.<\/span><\/li>\n<li><span style=\"font-weight: 400;\">We provide you with feedback throughout the recruitment process, and give regular updates on its progress.<\/span><\/li>\n<li><span style=\"font-weight: 400;\">We provide you with recruitment reports that allow you to assess the interest of potential Candidates, the image of your company among potential Candidates and their attitudes towards the type of job offered. If necessary, we offer alternative, more effective solutions.<\/span><\/li>\n<li><span style=\"font-weight: 400;\">We provide detailed information on suitable Candidates. In the Candidate profiles, we provide information on what the Candidates have shown through psychological tests and technical tasks. We present their technical competences, which we check by assessing the Candidates\u2019 experience. The descriptions reveal the Candidates\u2019 strengths and the risks associated with them.<\/span><\/li>\n<\/ul>\n<\/li>\n<\/ul>\n<p>[\/uncode_list][\/vc_column][vc_column width=&#8221;1\/2&#8243;][vc_column_text text_lead=&#8221;yes&#8221; uncode_shortcode_id=&#8221;183459&#8243;]<strong>We specialise in recruiting for the following IT specialist positions:<\/strong>[\/vc_column_text][uncode_list icon=&#8221;fa fa-chevron-circle-right&#8221; icon_color=&#8221;color-145278&#8243; uncode_shortcode_id=&#8221;134184&#8243; icon_color_type=&#8221;uncode-palette&#8221; el_class=&#8221;.melynas tekstas&#8221;]<\/p>\n<ul>\n<li style=\"list-style-type: none;\">\n<ul>\n<li style=\"list-style-type: none;\">\n<ul>\n<li><span style=\"font-weight: 400;\"> \u00a0 \u00a0 \u00a0 <\/span><span style=\"font-weight: 400;\">Developers;<\/span><\/li>\n<li><span style=\"font-weight: 400;\"> \u00a0 \u00a0 \u00a0 <\/span><span style=\"font-weight: 400;\">IT architects;<\/span><\/li>\n<li><span style=\"font-weight: 400;\"> \u00a0 \u00a0 \u00a0 <\/span><span style=\"font-weight: 400;\">IT engineers;<\/span><\/li>\n<li><span style=\"font-weight: 400;\"> \u00a0 \u00a0 \u00a0 <\/span><span style=\"font-weight: 400;\">IT administrators;<\/span><\/li>\n<li><span style=\"font-weight: 400;\"> \u00a0 \u00a0 \u00a0 <\/span><span style=\"font-weight: 400;\">IT analysts;<\/span><\/li>\n<li><span style=\"font-weight: 400;\"> \u00a0 \u00a0 \u00a0 <\/span><span style=\"font-weight: 400;\">IT System Administrators;<\/span><\/li>\n<li><span style=\"font-weight: 400;\"> \u00a0 \u00a0 \u00a0 <\/span><span style=\"font-weight: 400;\">Network engineers;<\/span><\/li>\n<li><span style=\"font-weight: 400;\"> \u00a0 \u00a0 \u00a0 <\/span><span style=\"font-weight: 400;\">IT project managers;<\/span><\/li>\n<li><span style=\"font-weight: 400;\"> \u00a0 \u00a0 \u00a0 <\/span><span style=\"font-weight: 400;\">IT Team Leads;<\/span><\/li>\n<li><span style=\"font-weight: 400;\"> \u00a0 \u00a0 \u00a0 <\/span><span style=\"font-weight: 400;\">IT product owners;<\/span><\/li>\n<li><span style=\"font-weight: 400;\"> \u00a0 \u00a0 \u00a0 <\/span><span style=\"font-weight: 400;\">Scrum masters;<\/span><\/li>\n<li><span style=\"font-weight: 400;\"> \u00a0 \u00a0 \u00a0 <\/span><span style=\"font-weight: 400;\">UX\/UI designers;<\/span><\/li>\n<li><span style=\"font-weight: 400;\"> \u00a0 \u00a0 \u00a0 <\/span><span style=\"font-weight: 400;\">Quality assurance engineers, QA;<\/span><\/li>\n<li><span style=\"font-weight: 400;\"> \u00a0 \u00a0 \u00a0 <\/span><span style=\"font-weight: 400;\">Cyber security specialists.<\/span><\/li>\n<\/ul>\n<\/li>\n<\/ul>\n<\/li>\n<\/ul>\n<p>[\/uncode_list][\/vc_column][\/vc_row][vc_row][vc_column width=&#8221;1\/1&#8243;][vc_button button_color=&#8221;color-145278&#8243; border_width=&#8221;0&#8243; link=&#8221;url:https%3A%2F%2Femplonet.lt%2Fen%2Fcontacts%2F&#8221; button_color_type=&#8221;uncode-palette&#8221; uncode_shortcode_id=&#8221;111399&#8243;]Contact us![\/vc_button][\/vc_column][\/vc_row][vc_row row_height_percent=&#8221;0&#8243; back_color=&#8221;color-703045&#8243; overlay_alpha=&#8221;50&#8243; gutter_size=&#8221;3&#8243; column_width_percent=&#8221;100&#8243; shift_y=&#8221;0&#8243; z_index=&#8221;0&#8243; uncode_shortcode_id=&#8221;713003&#8243; back_color_type=&#8221;uncode-palette&#8221;][vc_column width=&#8221;1\/1&#8243;][vc_custom_heading text_color=&#8221;color-145278&#8243; text_weight=&#8221;700&#8243; uncode_shortcode_id=&#8221;111174&#8243; text_color_type=&#8221;uncode-palette&#8221;]Frequently asked questions[\/vc_custom_heading][vc_column_text uncode_shortcode_id=&#8221;205381&#8243;]<\/p>\n<h3><strong>Where to find us?<\/strong><\/h3>\n<p><span class=\"font-555555\">If you are interested in our IT specialist recruitment service, please contact us! We will be happy to provide you with more information and advise you on the best solutions for you. We are available in our offices in Vilnius, Kaunas and Klaip\u0117da or virtually, and our services are available throughout Lithuania and the Baltic States.<\/span><\/p>\n<h3><b>How long will it take to find a good IT specialist?<\/b><\/h3>\n<p><span style=\"font-weight: 400;\">On average, we deliver our first Candidates within the 1st 1.5* weeks of recruitment. The average time it takes to find and select an IT specialist before a selected Candidate is invited to join is 2-3 months* \u2013 2 months* (*averages may vary depending on the complexity of the project).<\/span>[\/vc_column_text][vc_button button_color=&#8221;color-145278&#8243; border_width=&#8221;0&#8243; link=&#8221;url:https%3A%2F%2Femplonet.lt%2Fen%2Fcontacts%2F&#8221; button_color_type=&#8221;uncode-palette&#8221; uncode_shortcode_id=&#8221;111399&#8243;]Contact us![\/vc_button][\/vc_column][\/vc_row][vc_row][vc_column width=&#8221;1\/1&#8243;][vc_custom_heading text_color=&#8221;color-145278&#8243; text_weight=&#8221;700&#8243; uncode_shortcode_id=&#8221;209837&#8243; text_color_type=&#8221;uncode-palette&#8221;]Other services:[\/vc_custom_heading][vc_row_inner][vc_column_inner column_width_percent=&#8221;100&#8243; align_horizontal=&#8221;align_center&#8221; gutter_size=&#8221;3&#8243; overlay_alpha=&#8221;50&#8243; shift_x=&#8221;0&#8243; shift_y=&#8221;0&#8243; shift_y_down=&#8221;0&#8243; z_index=&#8221;0&#8243; medium_width=&#8221;0&#8243; mobile_width=&#8221;0&#8243; width=&#8221;1\/4&#8243; uncode_shortcode_id=&#8221;184983&#8243;][vc_button button_color=&#8221;color-145278&#8243; border_width=&#8221;0&#8243; link=&#8221;url:https%3A%2F%2Femplonet.lt%2Fen%2F|&#8221; button_color_type=&#8221;uncode-palette&#8221; uncode_shortcode_id=&#8221;167737&#8243;]Employee Recruitment[\/vc_button][\/vc_column_inner][vc_column_inner column_width_percent=&#8221;100&#8243; align_horizontal=&#8221;align_center&#8221; gutter_size=&#8221;3&#8243; overlay_alpha=&#8221;50&#8243; shift_x=&#8221;0&#8243; shift_y=&#8221;0&#8243; shift_y_down=&#8221;0&#8243; z_index=&#8221;0&#8243; medium_width=&#8221;0&#8243; mobile_width=&#8221;0&#8243; width=&#8221;1\/4&#8243; uncode_shortcode_id=&#8221;102242&#8243;][vc_button button_color=&#8221;color-145278&#8243; border_width=&#8221;0&#8243; link=&#8221;url:https%3A%2F%2Femplonet.lt%2Fen%2Fexecutive-recruitment%2F&#8221; button_color_type=&#8221;uncode-palette&#8221; uncode_shortcode_id=&#8221;767463&#8243;]Executive recruitment[\/vc_button][\/vc_column_inner][vc_column_inner column_width_percent=&#8221;100&#8243; align_horizontal=&#8221;align_center&#8221; gutter_size=&#8221;3&#8243; overlay_alpha=&#8221;50&#8243; shift_x=&#8221;0&#8243; shift_y=&#8221;0&#8243; shift_y_down=&#8221;0&#8243; z_index=&#8221;0&#8243; medium_width=&#8221;0&#8243; mobile_width=&#8221;0&#8243; width=&#8221;1\/4&#8243; uncode_shortcode_id=&#8221;192713&#8243;][vc_button button_color=&#8221;color-145278&#8243; border_width=&#8221;0&#8243; link=&#8221;url:https%3A%2F%2Femplonet.lt%2Fen%2Fspecialist-recruitment%2F&#8221; button_color_type=&#8221;uncode-palette&#8221; uncode_shortcode_id=&#8221;190844&#8243;]Specialist Recruitment[\/vc_button][\/vc_column_inner][vc_column_inner column_width_percent=&#8221;100&#8243; align_horizontal=&#8221;align_center&#8221; gutter_size=&#8221;3&#8243; overlay_alpha=&#8221;50&#8243; shift_x=&#8221;0&#8243; shift_y=&#8221;0&#8243; shift_y_down=&#8221;0&#8243; z_index=&#8221;0&#8243; medium_width=&#8221;0&#8243; mobile_width=&#8221;0&#8243; width=&#8221;1\/4&#8243; uncode_shortcode_id=&#8221;142290&#8243;][\/vc_column_inner][\/vc_row_inner][\/vc_column][\/vc_row][vc_row][vc_column width=&#8221;1\/1&#8243;][uncode_block id=&#8221;74&#8243;][\/vc_column][\/vc_row]<\/p>\n<\/div>","protected":false},"excerpt":{"rendered":"<p>[vc_row row_height_percent=&#8221;20&#8243; back_color=&#8221;color-xsdn&#8221; back_image=&#8221;5923&#8243; overlay_alpha=&#8221;50&#8243; gutter_size=&#8221;3&#8243; column_width_percent=&#8221;100&#8243; shift_y=&#8221;0&#8243; z_index=&#8221;0&#8243; uncode_shortcode_id=&#8221;172235&#8243; back_color_type=&#8221;uncode-palette&#8221;][vc_column column_width_percent=&#8221;100&#8243; position_vertical=&#8221;middle&#8221; gutter_size=&#8221;3&#8243; overlay_alpha=&#8221;50&#8243; shift_x=&#8221;0&#8243; shift_y=&#8221;0&#8243; shift_y_down=&#8221;0&#8243; z_index=&#8221;0&#8243; medium_width=&#8221;0&#8243; [&hellip;]<\/p>\n","protected":false},"author":18,"featured_media":1189,"parent":0,"menu_order":0,"comment_status":"closed","ping_status":"closed","template":"","meta":{"footnotes":""},"class_list":["post-7870","page","type-page","status-publish","has-post-thumbnail","hentry"],"yoast_head":"<!-- This site is optimized with the Yoast SEO plugin v23.0 - https:\/\/yoast.com\/wordpress\/plugins\/seo\/ -->\n<title>IT specialist, employee recruitment and selection - Emplonet<\/title>\n<meta name=\"description\" content=\"IT specialist, employee recruitment and selection \u2611\ufe0f Emplonet.lt \u2013 a company with over 10 years of experience! We provide highly qualified talent and executive attraction and recruitment services\u2611\ufe0f Learn more on our website.\" \/>\n<meta name=\"robots\" content=\"index, follow, max-snippet:-1, max-image-preview:large, max-video-preview:-1\" \/>\n<link rel=\"canonical\" href=\"https:\/\/emplonet.lt\/en\/it-specialist-recruitment-and-selection\/\" \/>\n<meta property=\"og:locale\" content=\"en_US\" \/>\n<meta property=\"og:type\" content=\"article\" \/>\n<meta property=\"og:title\" content=\"IT specialist, employee recruitment and selection - Emplonet\" \/>\n<meta property=\"og:description\" content=\"Hiring the right person reduces staff turnover, saves time and money, and enables teams to achieve long-term goals.\" \/>\n<meta property=\"og:url\" content=\"https:\/\/emplonet.lt\/en\/it-specialist-recruitment-and-selection\/\" \/>\n<meta property=\"og:site_name\" content=\"Emplonet\" \/>\n<meta property=\"article:modified_time\" content=\"2025-02-19T13:33:37+00:00\" \/>\n<meta property=\"og:image\" content=\"https:\/\/emplonet.lt\/wp-content\/uploads\/2021\/12\/logo_template.jpg\" \/>\n\t<meta property=\"og:image:width\" content=\"600\" \/>\n\t<meta property=\"og:image:height\" content=\"600\" \/>\n\t<meta property=\"og:image:type\" content=\"image\/jpeg\" \/>\n<meta name=\"twitter:card\" content=\"summary_large_image\" \/>\n<meta name=\"twitter:title\" content=\"For clients\" \/>\n<meta name=\"twitter:description\" content=\"Hiring the right person reduces staff turnover, saves time and money, and enables teams to achieve long-term goals.\" \/>\n<meta name=\"twitter:label1\" content=\"Est. reading time\" \/>\n\t<meta name=\"twitter:data1\" content=\"4 minutes\" \/>\n<script type=\"application\/ld+json\" class=\"yoast-schema-graph\">{\"@context\":\"https:\/\/schema.org\",\"@graph\":[{\"@type\":\"WebPage\",\"@id\":\"https:\/\/emplonet.lt\/en\/it-specialist-recruitment-and-selection\/\",\"url\":\"https:\/\/emplonet.lt\/en\/it-specialist-recruitment-and-selection\/\",\"name\":\"IT specialist, employee recruitment and selection - Emplonet\",\"isPartOf\":{\"@id\":\"https:\/\/emplonet.lt\/#website\"},\"primaryImageOfPage\":{\"@id\":\"https:\/\/emplonet.lt\/en\/it-specialist-recruitment-and-selection\/#primaryimage\"},\"image\":{\"@id\":\"https:\/\/emplonet.lt\/en\/it-specialist-recruitment-and-selection\/#primaryimage\"},\"thumbnailUrl\":\"https:\/\/emplonet.lt\/wp-content\/uploads\/2021\/12\/logo_template.jpg\",\"datePublished\":\"2022-05-12T07:54:23+00:00\",\"dateModified\":\"2025-02-19T13:33:37+00:00\",\"description\":\"IT specialist, employee recruitment and selection \u2611\ufe0f Emplonet.lt \u2013 a company with over 10 years of experience! We provide highly qualified talent and executive attraction and recruitment services\u2611\ufe0f Learn more on our website.\",\"breadcrumb\":{\"@id\":\"https:\/\/emplonet.lt\/en\/it-specialist-recruitment-and-selection\/#breadcrumb\"},\"inLanguage\":\"en-US\",\"potentialAction\":[{\"@type\":\"ReadAction\",\"target\":[\"https:\/\/emplonet.lt\/en\/it-specialist-recruitment-and-selection\/\"]}]},{\"@type\":\"ImageObject\",\"inLanguage\":\"en-US\",\"@id\":\"https:\/\/emplonet.lt\/en\/it-specialist-recruitment-and-selection\/#primaryimage\",\"url\":\"https:\/\/emplonet.lt\/wp-content\/uploads\/2021\/12\/logo_template.jpg\",\"contentUrl\":\"https:\/\/emplonet.lt\/wp-content\/uploads\/2021\/12\/logo_template.jpg\",\"width\":600,\"height\":600},{\"@type\":\"BreadcrumbList\",\"@id\":\"https:\/\/emplonet.lt\/en\/it-specialist-recruitment-and-selection\/#breadcrumb\",\"itemListElement\":[{\"@type\":\"ListItem\",\"position\":1,\"name\":\"Home\",\"item\":\"https:\/\/emplonet.lt\/en\/home\/\"},{\"@type\":\"ListItem\",\"position\":2,\"name\":\"IT specialist recruitment and selection\"}]},{\"@type\":\"WebSite\",\"@id\":\"https:\/\/emplonet.lt\/#website\",\"url\":\"https:\/\/emplonet.lt\/\",\"name\":\"Emplonet\",\"description\":\"Erdv\u0117 augti verslams ir \u017emon\u0117ms\",\"potentialAction\":[{\"@type\":\"SearchAction\",\"target\":{\"@type\":\"EntryPoint\",\"urlTemplate\":\"https:\/\/emplonet.lt\/?s={search_term_string}\"},\"query-input\":\"required name=search_term_string\"}],\"inLanguage\":\"en-US\"}]}<\/script>\n<!-- \/ Yoast SEO plugin. -->","yoast_head_json":{"title":"IT specialist, employee recruitment and selection - Emplonet","description":"IT specialist, employee recruitment and selection \u2611\ufe0f Emplonet.lt \u2013 a company with over 10 years of experience! We provide highly qualified talent and executive attraction and recruitment services\u2611\ufe0f Learn more on our website.","robots":{"index":"index","follow":"follow","max-snippet":"max-snippet:-1","max-image-preview":"max-image-preview:large","max-video-preview":"max-video-preview:-1"},"canonical":"https:\/\/emplonet.lt\/en\/it-specialist-recruitment-and-selection\/","og_locale":"en_US","og_type":"article","og_title":"IT specialist, employee recruitment and selection - Emplonet","og_description":"Hiring the right person reduces staff turnover, saves time and money, and enables teams to achieve long-term goals.","og_url":"https:\/\/emplonet.lt\/en\/it-specialist-recruitment-and-selection\/","og_site_name":"Emplonet","article_modified_time":"2025-02-19T13:33:37+00:00","og_image":[{"width":600,"height":600,"url":"https:\/\/emplonet.lt\/wp-content\/uploads\/2021\/12\/logo_template.jpg","type":"image\/jpeg"}],"twitter_card":"summary_large_image","twitter_title":"For clients","twitter_description":"Hiring the right person reduces staff turnover, saves time and money, and enables teams to achieve long-term goals.","twitter_misc":{"Est. reading time":"4 minutes"},"schema":{"@context":"https:\/\/schema.org","@graph":[{"@type":"WebPage","@id":"https:\/\/emplonet.lt\/en\/it-specialist-recruitment-and-selection\/","url":"https:\/\/emplonet.lt\/en\/it-specialist-recruitment-and-selection\/","name":"IT specialist, employee recruitment and selection - Emplonet","isPartOf":{"@id":"https:\/\/emplonet.lt\/#website"},"primaryImageOfPage":{"@id":"https:\/\/emplonet.lt\/en\/it-specialist-recruitment-and-selection\/#primaryimage"},"image":{"@id":"https:\/\/emplonet.lt\/en\/it-specialist-recruitment-and-selection\/#primaryimage"},"thumbnailUrl":"https:\/\/emplonet.lt\/wp-content\/uploads\/2021\/12\/logo_template.jpg","datePublished":"2022-05-12T07:54:23+00:00","dateModified":"2025-02-19T13:33:37+00:00","description":"IT specialist, employee recruitment and selection \u2611\ufe0f Emplonet.lt \u2013 a company with over 10 years of experience! We provide highly qualified talent and executive attraction and recruitment services\u2611\ufe0f Learn more on our website.","breadcrumb":{"@id":"https:\/\/emplonet.lt\/en\/it-specialist-recruitment-and-selection\/#breadcrumb"},"inLanguage":"en-US","potentialAction":[{"@type":"ReadAction","target":["https:\/\/emplonet.lt\/en\/it-specialist-recruitment-and-selection\/"]}]},{"@type":"ImageObject","inLanguage":"en-US","@id":"https:\/\/emplonet.lt\/en\/it-specialist-recruitment-and-selection\/#primaryimage","url":"https:\/\/emplonet.lt\/wp-content\/uploads\/2021\/12\/logo_template.jpg","contentUrl":"https:\/\/emplonet.lt\/wp-content\/uploads\/2021\/12\/logo_template.jpg","width":600,"height":600},{"@type":"BreadcrumbList","@id":"https:\/\/emplonet.lt\/en\/it-specialist-recruitment-and-selection\/#breadcrumb","itemListElement":[{"@type":"ListItem","position":1,"name":"Home","item":"https:\/\/emplonet.lt\/en\/home\/"},{"@type":"ListItem","position":2,"name":"IT specialist recruitment and selection"}]},{"@type":"WebSite","@id":"https:\/\/emplonet.lt\/#website","url":"https:\/\/emplonet.lt\/","name":"Emplonet","description":"Erdv\u0117 augti verslams ir \u017emon\u0117ms","potentialAction":[{"@type":"SearchAction","target":{"@type":"EntryPoint","urlTemplate":"https:\/\/emplonet.lt\/?s={search_term_string}"},"query-input":"required name=search_term_string"}],"inLanguage":"en-US"}]}},"_links":{"self":[{"href":"https:\/\/emplonet.lt\/en\/wp-json\/wp\/v2\/pages\/7870"}],"collection":[{"href":"https:\/\/emplonet.lt\/en\/wp-json\/wp\/v2\/pages"}],"about":[{"href":"https:\/\/emplonet.lt\/en\/wp-json\/wp\/v2\/types\/page"}],"author":[{"embeddable":true,"href":"https:\/\/emplonet.lt\/en\/wp-json\/wp\/v2\/users\/18"}],"replies":[{"embeddable":true,"href":"https:\/\/emplonet.lt\/en\/wp-json\/wp\/v2\/comments?post=7870"}],"version-history":[{"count":8,"href":"https:\/\/emplonet.lt\/en\/wp-json\/wp\/v2\/pages\/7870\/revisions"}],"predecessor-version":[{"id":8364,"href":"https:\/\/emplonet.lt\/en\/wp-json\/wp\/v2\/pages\/7870\/revisions\/8364"}],"wp:featuredmedia":[{"embeddable":true,"href":"https:\/\/emplonet.lt\/en\/wp-json\/wp\/v2\/media\/1189"}],"wp:attachment":[{"href":"https:\/\/emplonet.lt\/en\/wp-json\/wp\/v2\/media?parent=7870"}],"curies":[{"name":"wp","href":"https:\/\/api.w.org\/{rel}","templated":true}]}}