{"id":7834,"date":"2024-06-04T15:54:35","date_gmt":"2024-06-04T12:54:35","guid":{"rendered":"https:\/\/emplonet.lt\/top-talent-personnel-leasing\/"},"modified":"2025-02-19T15:20:58","modified_gmt":"2025-02-19T13:20:58","slug":"top-talent-personnel-leasing","status":"publish","type":"page","link":"https:\/\/emplonet.lt\/en\/for-clients\/top-talent-personnel-leasing\/","title":{"rendered":"Top talent personnel leasing"},"content":{"rendered":"<div class=\"wpb-content-wrapper\"><p>[vc_row row_height_percent=&#8221;20&#8243; overlay_alpha=&#8221;50&#8243; gutter_size=&#8221;3&#8243; column_width_percent=&#8221;100&#8243; shift_y=&#8221;0&#8243; z_index=&#8221;0&#8243; uncode_shortcode_id=&#8221;885475&#8243; css=&#8221;.vc_custom_1713447846493{margin-top: -36px !important;}&#8221;][vc_column column_width_percent=&#8221;100&#8243; gutter_size=&#8221;3&#8243; overlay_alpha=&#8221;50&#8243; shift_x=&#8221;0&#8243; shift_y=&#8221;0&#8243; shift_y_down=&#8221;0&#8243; z_index=&#8221;0&#8243; medium_width=&#8221;0&#8243; mobile_width=&#8221;0&#8243; width=&#8221;1\/1&#8243; uncode_shortcode_id=&#8221;172388&#8243; el_id=&#8221;prilipes&#8221; el_class=&#8221;prilipes&#8221;][vc_single_image media=&#8221;6142&#8243; media_width_percent=&#8221;100&#8243; uncode_shortcode_id=&#8221;173662&#8243;][vc_custom_heading heading_semantic=&#8221;h1&#8243; text_size=&#8221;h1&#8243; text_weight=&#8221;700&#8243; uncode_shortcode_id=&#8221;536182&#8243;]Top talent personnel leasing[\/vc_custom_heading][vc_column_text uncode_shortcode_id=&#8221;518008&#8243;]Finding a professional and reliable temporary employee can be challenging, especially in cases where an organisation is looking for a rather short-term employee. Emplonet\u2019s highly-skilled temporary personnel leasing service is designed to alleviate the challenges of recruiting and retaining talent so that you can focus on your core business functions while we take care of your most valuable asset \u2013 people.[\/vc_column_text][\/vc_column][\/vc_row][vc_row row_height_percent=&#8221;0&#8243; back_color=&#8221;color-142510&#8243; overlay_alpha=&#8221;50&#8243; gutter_size=&#8221;3&#8243; column_width_percent=&#8221;100&#8243; shift_y=&#8221;0&#8243; z_index=&#8221;0&#8243; uncode_shortcode_id=&#8221;651224&#8243; back_color_type=&#8221;uncode-palette&#8221; el_class=&#8221;.melynastekstas&#8221;][vc_column width=&#8221;1\/2&#8243;][vc_custom_heading text_color=&#8221;color-145278&#8243; text_weight=&#8221;700&#8243; uncode_shortcode_id=&#8221;645219&#8243; text_color_type=&#8221;uncode-palette&#8221;]Who might benefit from employee leasing services?[\/vc_custom_heading][uncode_list icon=&#8221;fa fa-check&#8221; icon_color=&#8221;color-145278&#8243; uncode_shortcode_id=&#8221;165180&#8243; icon_color_type=&#8221;uncode-palette&#8221;]<\/p>\n<p>&nbsp;<\/p>\n<ul>\n<li><b style=\"font-family: -apple-system, BlinkMacSystemFont, 'Segoe UI', Roboto, Oxygen-Sans, Ubuntu, Cantarell, 'Helvetica Neue', sans-serif;\"><strong>Small and medium-sized enterprises.<\/strong> As their resources are often limited, these companies may find it useful to outsource their HR and recruitment functions to partners to reduce the administrative burden and costs. Temporary employment services give these companies access to talent and make them more competitive market participants.<\/b><\/li>\n<li><b style=\"font-family: -apple-system, BlinkMacSystemFont, 'Segoe UI', Roboto, Oxygen-Sans, Ubuntu, Cantarell, 'Helvetica Neue', sans-serif;\"><strong>Seasonal businesses.<\/strong> Industries with fluctuating seasonal demand (e.g., retail, health, and agriculture) often require a contingent workforce. Employee leasing and temporary employment services can help these companies easily ramp up and down their workforce, depending on the season.<\/b><\/li>\n<li><b style=\"font-family: -apple-system, BlinkMacSystemFont, 'Segoe UI', Roboto, Oxygen-Sans, Ubuntu, Cantarell, 'Helvetica Neue', sans-serif;\"><strong>Start-ups. <\/strong>New businesses tend to grow rapidly and face more change than established organisations. Emplonet\u2019s temporary employment services help start-ups quickly build a team without the long-term commitment and costs associated with traditional recruitment.<\/b><\/li>\n<li><b style=\"font-family: -apple-system, BlinkMacSystemFont, 'Segoe UI', Roboto, Oxygen-Sans, Ubuntu, Cantarell, 'Helvetica Neue', sans-serif;\"><strong>Project-based organisations.<\/strong> Companies focused on short-term projects (e.g., construction, event planning, or IT consultancy) can use temporary employment services to find the right talent for specific projects and reduce overheads during downtime.<\/b><\/li>\n<li><b style=\"font-family: -apple-system, BlinkMacSystemFont, 'Segoe UI', Roboto, Oxygen-Sans, Ubuntu, Cantarell, 'Helvetica Neue', sans-serif;\"><strong>Companies facing uncertain economic conditions. <\/strong>In times of economic downturn, companies may opt for temporary employees to maintain flexibility and reduce fixed costs.<\/b><\/li>\n<li><b style=\"font-family: -apple-system, BlinkMacSystemFont, 'Segoe UI', Roboto, Oxygen-Sans, Ubuntu, Cantarell, 'Helvetica Neue', sans-serif;\"><strong>Niche or specialised companies. <\/strong>Healthcare, engineering, or IT sectors in need of specialised skills can rely on these services to find the right expertise without a long recruitment process.<\/b><\/li>\n<li><b style=\"font-family: -apple-system, BlinkMacSystemFont, 'Segoe UI', Roboto, Oxygen-Sans, Ubuntu, Cantarell, 'Helvetica Neue', sans-serif;\"><strong>Core-focused companies.<\/strong> Personnel leasing services can be useful for companies that want to focus on their core business and avoid managing their human resources. Personnel leasing allows them to focus on innovation and growth.<\/b><\/li>\n<li><b style=\"font-family: -apple-system, BlinkMacSystemFont, 'Segoe UI', Roboto, Oxygen-Sans, Ubuntu, Cantarell, 'Helvetica Neue', sans-serif;\"><strong>Nonprofit and public sector organisations. <\/strong>Nonprofit and public sector organisations can benefit from these services to maintain a flexible workforce, especially in times of crisis or during project initiatives.<\/b><\/li>\n<\/ul>\n<p>&nbsp;<\/p>\n<p>[\/uncode_list][vc_button button_color=&#8221;color-145278&#8243; border_width=&#8221;0&#8243; link=&#8221;url:https%3A%2F%2Femplonet.lt%2Fen%2Fcontacts%2F&#8221; button_color_type=&#8221;uncode-palette&#8221; uncode_shortcode_id=&#8221;302790&#8243;]Contact us[\/vc_button][\/vc_column][vc_column width=&#8221;1\/2&#8243;][vc_custom_heading text_color=&#8221;color-145278&#8243; text_weight=&#8221;700&#8243; uncode_shortcode_id=&#8221;104873&#8243; text_color_type=&#8221;uncode-palette&#8221;]How does employee leasing work?[\/vc_custom_heading][vc_column_text uncode_shortcode_id=&#8221;116682&#8243;]<strong>If Emplonet becomes your temporary employment\/employee leasing partner, we will take professional care of:<\/strong><\/p>\n<ul>\n<li>Selecting and evaluating employees;<\/li>\n<li>Employment contracts and related legal procedures;<\/li>\n<li>Drafting and managing all documents relating to the employment relationship;<\/li>\n<li>Time tracking;<\/li>\n<li>Calculating and paying taxes to the state;<\/li>\n<li>If necessary, replacing an unsuitable employee.<\/li>\n<\/ul>\n<p>[\/vc_column_text][vc_single_image media=&#8221;5966&#8243; media_width_percent=&#8221;100&#8243; uncode_shortcode_id=&#8221;212790&#8243;][\/vc_column][\/vc_row][vc_row][vc_column column_width_percent=&#8221;100&#8243; gutter_size=&#8221;3&#8243; overlay_alpha=&#8221;50&#8243; shift_x=&#8221;0&#8243; shift_y=&#8221;0&#8243; shift_y_down=&#8221;0&#8243; z_index=&#8221;0&#8243; medium_width=&#8221;0&#8243; mobile_width=&#8221;0&#8243; width=&#8221;1\/1&#8243; uncode_shortcode_id=&#8221;193682&#8243; css=&#8221;.vc_custom_1688549283343{border-bottom-width: 0px !important;padding-bottom: 0px !important;}&#8221;][vc_separator sep_color=&#8221;color-145278&#8243; uncode_shortcode_id=&#8221;987048&#8243; sep_color_type=&#8221;uncode-palette&#8221;][\/vc_column][\/vc_row][vc_row row_height_percent=&#8221;0&#8243; back_color=&#8221;color-703045&#8243; overlay_alpha=&#8221;50&#8243; gutter_size=&#8221;3&#8243; column_width_percent=&#8221;100&#8243; shift_y=&#8221;0&#8243; z_index=&#8221;0&#8243; uncode_shortcode_id=&#8221;713003&#8243; back_color_type=&#8221;uncode-palette&#8221;][vc_column width=&#8221;1\/1&#8243;][vc_custom_heading text_color=&#8221;color-145278&#8243; text_weight=&#8221;700&#8243; uncode_shortcode_id=&#8221;111174&#8243; text_color_type=&#8221;uncode-palette&#8221;]Frequently asked questions[\/vc_custom_heading][vc_column_text uncode_shortcode_id=&#8221;135473&#8243;]<\/p>\n<h3>Where to find us?<\/h3>\n<p>Please contact us if you are interested in leasing staff! We will be delighted to give you additional details and suggest the best course of action for you. We offer our services throughout Lithuania and the Baltic States and can be reached digitally or in person at our offices in Vilnius, Kaunas, and Klaip\u0117da.<\/p>\n<p>[\/vc_column_text][\/vc_column][\/vc_row][vc_row][vc_column width=&#8221;1\/1&#8243;][vc_custom_heading text_color=&#8221;color-145278&#8243; text_weight=&#8221;700&#8243; uncode_shortcode_id=&#8221;209837&#8243; text_color_type=&#8221;uncode-palette&#8221;]Additional services:[\/vc_custom_heading][vc_row_inner][vc_column_inner column_width_percent=&#8221;100&#8243; align_horizontal=&#8221;align_center&#8221; gutter_size=&#8221;3&#8243; overlay_alpha=&#8221;50&#8243; shift_x=&#8221;0&#8243; shift_y=&#8221;0&#8243; shift_y_down=&#8221;0&#8243; z_index=&#8221;0&#8243; medium_width=&#8221;0&#8243; mobile_width=&#8221;0&#8243; width=&#8221;1\/4&#8243; uncode_shortcode_id=&#8221;184983&#8243;][vc_button button_color=&#8221;color-145278&#8243; border_width=&#8221;0&#8243; link=&#8221;url:https%3A%2F%2Femplonet.lt%2Fen%2Ffor-clients%2Fhuman-resource-management%2F&#8221; button_color_type=&#8221;uncode-palette&#8221; uncode_shortcode_id=&#8221;117527&#8243;]Personnel administration[\/vc_button][\/vc_column_inner][vc_column_inner column_width_percent=&#8221;100&#8243; align_horizontal=&#8221;align_center&#8221; gutter_size=&#8221;3&#8243; overlay_alpha=&#8221;50&#8243; shift_x=&#8221;0&#8243; shift_y=&#8221;0&#8243; shift_y_down=&#8221;0&#8243; z_index=&#8221;0&#8243; medium_width=&#8221;0&#8243; mobile_width=&#8221;0&#8243; width=&#8221;1\/4&#8243; uncode_shortcode_id=&#8221;102242&#8243;][vc_button button_color=&#8221;color-145278&#8243; border_width=&#8221;0&#8243; link=&#8221;url:https%3A%2F%2Femplonet.lt%2Fen%2Fexecutive-recruitment%2F&#8221; button_color_type=&#8221;uncode-palette&#8221; uncode_shortcode_id=&#8221;123433&#8243;]Executive recruitment[\/vc_button][\/vc_column_inner][vc_column_inner column_width_percent=&#8221;100&#8243; align_horizontal=&#8221;align_center&#8221; gutter_size=&#8221;3&#8243; overlay_alpha=&#8221;50&#8243; shift_x=&#8221;0&#8243; shift_y=&#8221;0&#8243; shift_y_down=&#8221;0&#8243; z_index=&#8221;0&#8243; medium_width=&#8221;0&#8243; mobile_width=&#8221;0&#8243; width=&#8221;1\/4&#8243; uncode_shortcode_id=&#8221;192713&#8243;][vc_button button_color=&#8221;color-145278&#8243; border_width=&#8221;0&#8243; link=&#8221;url:https%3A%2F%2Femplonet.lt%2Fen%2Fspecialist-recruitment%2F&#8221; button_color_type=&#8221;uncode-palette&#8221; uncode_shortcode_id=&#8221;651294&#8243;]Specialist recruitment[\/vc_button][\/vc_column_inner][vc_column_inner column_width_percent=&#8221;100&#8243; align_horizontal=&#8221;align_center&#8221; gutter_size=&#8221;3&#8243; overlay_alpha=&#8221;50&#8243; shift_x=&#8221;0&#8243; shift_y=&#8221;0&#8243; shift_y_down=&#8221;0&#8243; z_index=&#8221;0&#8243; medium_width=&#8221;0&#8243; mobile_width=&#8221;0&#8243; width=&#8221;1\/4&#8243; uncode_shortcode_id=&#8221;142290&#8243;][\/vc_column_inner][\/vc_row_inner][\/vc_column][\/vc_row][vc_row][vc_column width=&#8221;1\/1&#8243;][uncode_block id=&#8221;74&#8243;][\/vc_column][\/vc_row]<\/p>\n<\/div>","protected":false},"excerpt":{"rendered":"<p>[vc_row row_height_percent=&#8221;20&#8243; overlay_alpha=&#8221;50&#8243; gutter_size=&#8221;3&#8243; column_width_percent=&#8221;100&#8243; shift_y=&#8221;0&#8243; z_index=&#8221;0&#8243; uncode_shortcode_id=&#8221;885475&#8243; css=&#8221;.vc_custom_1713447846493{margin-top: -36px !important;}&#8221;][vc_column column_width_percent=&#8221;100&#8243; gutter_size=&#8221;3&#8243; overlay_alpha=&#8221;50&#8243; shift_x=&#8221;0&#8243; shift_y=&#8221;0&#8243; shift_y_down=&#8221;0&#8243; z_index=&#8221;0&#8243; medium_width=&#8221;0&#8243; mobile_width=&#8221;0&#8243; [&hellip;]<\/p>\n","protected":false},"author":7,"featured_media":9485,"parent":7934,"menu_order":0,"comment_status":"closed","ping_status":"closed","template":"","meta":{"footnotes":""},"class_list":["post-7834","page","type-page","status-publish","has-post-thumbnail","hentry"],"yoast_head":"<!-- This site is optimized with the Yoast SEO plugin v23.0 - https:\/\/yoast.com\/wordpress\/plugins\/seo\/ -->\n<title>Top talent personnel leasing - Emplonet<\/title>\n<meta name=\"description\" content=\"Top talent personnel leasing with Emplonet. The service is designed to ease the challenges of recruiting and retaining talent \u2611\ufe0f. Contact us \u2709!\" \/>\n<meta name=\"robots\" content=\"index, follow, max-snippet:-1, max-image-preview:large, max-video-preview:-1\" \/>\n<link rel=\"canonical\" href=\"https:\/\/emplonet.lt\/en\/for-clients\/top-talent-personnel-leasing\/\" \/>\n<meta property=\"og:locale\" content=\"en_US\" \/>\n<meta property=\"og:type\" content=\"article\" \/>\n<meta property=\"og:title\" content=\"Top talent personnel leasing - Emplonet\" \/>\n<meta property=\"og:description\" content=\"Top talent personnel leasing with Emplonet. The service is designed to ease the challenges of recruiting and retaining talent \u2611\ufe0f. Contact us \u2709!\" \/>\n<meta property=\"og:url\" content=\"https:\/\/emplonet.lt\/en\/for-clients\/top-talent-personnel-leasing\/\" \/>\n<meta property=\"og:site_name\" content=\"Emplonet\" \/>\n<meta property=\"article:modified_time\" content=\"2025-02-19T13:20:58+00:00\" \/>\n<meta property=\"og:image\" content=\"https:\/\/emplonet.lt\/wp-content\/uploads\/2023\/10\/Emplonet.jpg\" \/>\n\t<meta property=\"og:image:width\" content=\"307\" \/>\n\t<meta property=\"og:image:height\" content=\"303\" \/>\n\t<meta property=\"og:image:type\" content=\"image\/jpeg\" \/>\n<meta name=\"twitter:card\" content=\"summary_large_image\" \/>\n<meta name=\"twitter:label1\" content=\"Est. reading time\" \/>\n\t<meta name=\"twitter:data1\" content=\"4 minutes\" \/>\n<script type=\"application\/ld+json\" class=\"yoast-schema-graph\">{\"@context\":\"https:\/\/schema.org\",\"@graph\":[{\"@type\":\"WebPage\",\"@id\":\"https:\/\/emplonet.lt\/en\/for-clients\/top-talent-personnel-leasing\/\",\"url\":\"https:\/\/emplonet.lt\/en\/for-clients\/top-talent-personnel-leasing\/\",\"name\":\"Top talent personnel leasing - Emplonet\",\"isPartOf\":{\"@id\":\"https:\/\/emplonet.lt\/#website\"},\"primaryImageOfPage\":{\"@id\":\"https:\/\/emplonet.lt\/en\/for-clients\/top-talent-personnel-leasing\/#primaryimage\"},\"image\":{\"@id\":\"https:\/\/emplonet.lt\/en\/for-clients\/top-talent-personnel-leasing\/#primaryimage\"},\"thumbnailUrl\":\"https:\/\/emplonet.lt\/wp-content\/uploads\/2023\/10\/Emplonet.jpg\",\"datePublished\":\"2024-06-04T12:54:35+00:00\",\"dateModified\":\"2025-02-19T13:20:58+00:00\",\"description\":\"Top talent personnel leasing with Emplonet. The service is designed to ease the challenges of recruiting and retaining talent \u2611\ufe0f. Contact us \u2709!\",\"breadcrumb\":{\"@id\":\"https:\/\/emplonet.lt\/en\/for-clients\/top-talent-personnel-leasing\/#breadcrumb\"},\"inLanguage\":\"en-US\",\"potentialAction\":[{\"@type\":\"ReadAction\",\"target\":[\"https:\/\/emplonet.lt\/en\/for-clients\/top-talent-personnel-leasing\/\"]}]},{\"@type\":\"ImageObject\",\"inLanguage\":\"en-US\",\"@id\":\"https:\/\/emplonet.lt\/en\/for-clients\/top-talent-personnel-leasing\/#primaryimage\",\"url\":\"https:\/\/emplonet.lt\/wp-content\/uploads\/2023\/10\/Emplonet.jpg\",\"contentUrl\":\"https:\/\/emplonet.lt\/wp-content\/uploads\/2023\/10\/Emplonet.jpg\",\"width\":307,\"height\":303},{\"@type\":\"BreadcrumbList\",\"@id\":\"https:\/\/emplonet.lt\/en\/for-clients\/top-talent-personnel-leasing\/#breadcrumb\",\"itemListElement\":[{\"@type\":\"ListItem\",\"position\":1,\"name\":\"Home\",\"item\":\"https:\/\/emplonet.lt\/en\/home\/\"},{\"@type\":\"ListItem\",\"position\":2,\"name\":\"For Clients\",\"item\":\"https:\/\/emplonet.lt\/en\/for-clients\/\"},{\"@type\":\"ListItem\",\"position\":3,\"name\":\"Top talent personnel leasing\"}]},{\"@type\":\"WebSite\",\"@id\":\"https:\/\/emplonet.lt\/#website\",\"url\":\"https:\/\/emplonet.lt\/\",\"name\":\"Emplonet\",\"description\":\"Erdv\u0117 augti verslams ir \u017emon\u0117ms\",\"potentialAction\":[{\"@type\":\"SearchAction\",\"target\":{\"@type\":\"EntryPoint\",\"urlTemplate\":\"https:\/\/emplonet.lt\/?s={search_term_string}\"},\"query-input\":\"required name=search_term_string\"}],\"inLanguage\":\"en-US\"}]}<\/script>\n<!-- \/ Yoast SEO plugin. -->","yoast_head_json":{"title":"Top talent personnel leasing - Emplonet","description":"Top talent personnel leasing with Emplonet. The service is designed to ease the challenges of recruiting and retaining talent \u2611\ufe0f. Contact us \u2709!","robots":{"index":"index","follow":"follow","max-snippet":"max-snippet:-1","max-image-preview":"max-image-preview:large","max-video-preview":"max-video-preview:-1"},"canonical":"https:\/\/emplonet.lt\/en\/for-clients\/top-talent-personnel-leasing\/","og_locale":"en_US","og_type":"article","og_title":"Top talent personnel leasing - Emplonet","og_description":"Top talent personnel leasing with Emplonet. The service is designed to ease the challenges of recruiting and retaining talent \u2611\ufe0f. Contact us \u2709!","og_url":"https:\/\/emplonet.lt\/en\/for-clients\/top-talent-personnel-leasing\/","og_site_name":"Emplonet","article_modified_time":"2025-02-19T13:20:58+00:00","og_image":[{"width":307,"height":303,"url":"https:\/\/emplonet.lt\/wp-content\/uploads\/2023\/10\/Emplonet.jpg","type":"image\/jpeg"}],"twitter_card":"summary_large_image","twitter_misc":{"Est. reading time":"4 minutes"},"schema":{"@context":"https:\/\/schema.org","@graph":[{"@type":"WebPage","@id":"https:\/\/emplonet.lt\/en\/for-clients\/top-talent-personnel-leasing\/","url":"https:\/\/emplonet.lt\/en\/for-clients\/top-talent-personnel-leasing\/","name":"Top talent personnel leasing - Emplonet","isPartOf":{"@id":"https:\/\/emplonet.lt\/#website"},"primaryImageOfPage":{"@id":"https:\/\/emplonet.lt\/en\/for-clients\/top-talent-personnel-leasing\/#primaryimage"},"image":{"@id":"https:\/\/emplonet.lt\/en\/for-clients\/top-talent-personnel-leasing\/#primaryimage"},"thumbnailUrl":"https:\/\/emplonet.lt\/wp-content\/uploads\/2023\/10\/Emplonet.jpg","datePublished":"2024-06-04T12:54:35+00:00","dateModified":"2025-02-19T13:20:58+00:00","description":"Top talent personnel leasing with Emplonet. The service is designed to ease the challenges of recruiting and retaining talent \u2611\ufe0f. Contact us \u2709!","breadcrumb":{"@id":"https:\/\/emplonet.lt\/en\/for-clients\/top-talent-personnel-leasing\/#breadcrumb"},"inLanguage":"en-US","potentialAction":[{"@type":"ReadAction","target":["https:\/\/emplonet.lt\/en\/for-clients\/top-talent-personnel-leasing\/"]}]},{"@type":"ImageObject","inLanguage":"en-US","@id":"https:\/\/emplonet.lt\/en\/for-clients\/top-talent-personnel-leasing\/#primaryimage","url":"https:\/\/emplonet.lt\/wp-content\/uploads\/2023\/10\/Emplonet.jpg","contentUrl":"https:\/\/emplonet.lt\/wp-content\/uploads\/2023\/10\/Emplonet.jpg","width":307,"height":303},{"@type":"BreadcrumbList","@id":"https:\/\/emplonet.lt\/en\/for-clients\/top-talent-personnel-leasing\/#breadcrumb","itemListElement":[{"@type":"ListItem","position":1,"name":"Home","item":"https:\/\/emplonet.lt\/en\/home\/"},{"@type":"ListItem","position":2,"name":"For Clients","item":"https:\/\/emplonet.lt\/en\/for-clients\/"},{"@type":"ListItem","position":3,"name":"Top talent personnel leasing"}]},{"@type":"WebSite","@id":"https:\/\/emplonet.lt\/#website","url":"https:\/\/emplonet.lt\/","name":"Emplonet","description":"Erdv\u0117 augti verslams ir \u017emon\u0117ms","potentialAction":[{"@type":"SearchAction","target":{"@type":"EntryPoint","urlTemplate":"https:\/\/emplonet.lt\/?s={search_term_string}"},"query-input":"required name=search_term_string"}],"inLanguage":"en-US"}]}},"_links":{"self":[{"href":"https:\/\/emplonet.lt\/en\/wp-json\/wp\/v2\/pages\/7834"}],"collection":[{"href":"https:\/\/emplonet.lt\/en\/wp-json\/wp\/v2\/pages"}],"about":[{"href":"https:\/\/emplonet.lt\/en\/wp-json\/wp\/v2\/types\/page"}],"author":[{"embeddable":true,"href":"https:\/\/emplonet.lt\/en\/wp-json\/wp\/v2\/users\/7"}],"replies":[{"embeddable":true,"href":"https:\/\/emplonet.lt\/en\/wp-json\/wp\/v2\/comments?post=7834"}],"version-history":[{"count":9,"href":"https:\/\/emplonet.lt\/en\/wp-json\/wp\/v2\/pages\/7834\/revisions"}],"predecessor-version":[{"id":8357,"href":"https:\/\/emplonet.lt\/en\/wp-json\/wp\/v2\/pages\/7834\/revisions\/8357"}],"up":[{"embeddable":true,"href":"https:\/\/emplonet.lt\/en\/wp-json\/wp\/v2\/pages\/7934"}],"wp:featuredmedia":[{"embeddable":true,"href":"https:\/\/emplonet.lt\/en\/wp-json\/wp\/v2\/media\/9485"}],"wp:attachment":[{"href":"https:\/\/emplonet.lt\/en\/wp-json\/wp\/v2\/media?parent=7834"}],"curies":[{"name":"wp","href":"https:\/\/api.w.org\/{rel}","templated":true}]}}