{"id":7830,"date":"2024-05-29T13:47:13","date_gmt":"2024-05-29T10:47:13","guid":{"rendered":"https:\/\/emplonet.lt\/outplacement\/"},"modified":"2025-02-19T15:10:17","modified_gmt":"2025-02-19T13:10:17","slug":"outplacement","status":"publish","type":"page","link":"https:\/\/emplonet.lt\/en\/for-clients\/outplacement\/","title":{"rendered":"Outplacement"},"content":{"rendered":"<div class=\"wpb-content-wrapper\"><p>[vc_row row_height_percent=&#8221;20&#8243; overlay_alpha=&#8221;50&#8243; gutter_size=&#8221;3&#8243; column_width_percent=&#8221;100&#8243; shift_y=&#8221;0&#8243; z_index=&#8221;0&#8243; uncode_shortcode_id=&#8221;885475&#8243; css=&#8221;.vc_custom_1713447846493{margin-top: -36px !important;}&#8221;][vc_column column_width_percent=&#8221;100&#8243; gutter_size=&#8221;3&#8243; overlay_alpha=&#8221;50&#8243; shift_x=&#8221;0&#8243; shift_y=&#8221;0&#8243; shift_y_down=&#8221;0&#8243; z_index=&#8221;0&#8243; medium_width=&#8221;0&#8243; mobile_width=&#8221;0&#8243; width=&#8221;1\/1&#8243; uncode_shortcode_id=&#8221;172388&#8243; el_id=&#8221;prilipes&#8221; el_class=&#8221;prilipes&#8221;][vc_single_image media=&#8221;6142&#8243; media_width_percent=&#8221;100&#8243; uncode_shortcode_id=&#8221;173662&#8243;][vc_custom_heading heading_semantic=&#8221;h1&#8243; text_size=&#8221;h1&#8243; text_weight=&#8221;700&#8243; uncode_shortcode_id=&#8221;987957&#8243;]Outplacement[\/vc_custom_heading][vc_column_text uncode_shortcode_id=&#8221;568680&#8243;]Losing a job can be one of the most stressful life events. Emplonet wants to make this process constructive, defuse negative emotions, crystallise employees\u2019 personal strengths and competencies, introduce them to the labour market, provide advice on formulating career goals, and help them prepare for the search for a new job in a changing labour market.<\/p>\n<p><strong>Emplonet is your partner when your employee\u2019s journey with your organisation is over.<\/strong>[\/vc_column_text][vc_button button_color=&#8221;color-145278&#8243; border_width=&#8221;0&#8243; link=&#8221;url:https%3A%2F%2Femplonet.lt%2Fen%2Fcontacts%2F&#8221; button_color_type=&#8221;uncode-palette&#8221; uncode_shortcode_id=&#8221;559571&#8243;]Contact us![\/vc_button][vc_separator sep_color=&#8221;color-145278&#8243; uncode_shortcode_id=&#8221;987048&#8243; sep_color_type=&#8221;uncode-palette&#8221;][\/vc_column][\/vc_row][vc_row row_height_percent=&#8221;0&#8243; back_color=&#8221;color-145278&#8243; overlay_alpha=&#8221;50&#8243; gutter_size=&#8221;3&#8243; column_width_percent=&#8221;100&#8243; shift_y=&#8221;0&#8243; z_index=&#8221;0&#8243; uncode_shortcode_id=&#8221;936027&#8243; back_color_type=&#8221;uncode-palette&#8221; el_class=&#8221;.baltastekstas&#8221;][vc_column width=&#8221;1\/2&#8243;][vc_custom_heading text_color=&#8221;color-xsdn&#8221; uncode_shortcode_id=&#8221;366170&#8243; text_color_type=&#8221;uncode-palette&#8221;]What are the stages of an outplacement service?[\/vc_custom_heading][uncode_list icon=&#8221;fa fa-check&#8221; icon_color=&#8221;color-142510&#8243; uncode_shortcode_id=&#8221;171981&#8243; icon_color_type=&#8221;uncode-palette&#8221; el_class=&#8221;.baltastekstas&#8221;]<\/p>\n<ul>\n<li>The consultee is given an overview of the situation in the labour market and trends thereof and discusses the best ways to find a job.<\/li>\n<li>Our experts analyse their work experience, opportunities and expectations and discuss the necessary steps to achieve their career goals.<\/li>\n<li>Evaluate their CV and LinkedIn profile, provide recommendations where necessary, or help draw up a representative CV and LinkedIn profile that clearly and comprehensively highlight the consultee\u2019s most valuable experiences and personal qualities.<\/li>\n<li>The consultee is introduced to job search tools.<\/li>\n<li>They are guided through the steps of the selection process, advised on preparing for a job interview, and, if necessary, have a mock job interview.<\/li>\n<li>We answer any additional questions they may have about finding a new job.<\/li>\n<\/ul>\n<p>[\/uncode_list][\/vc_column][vc_column width=&#8221;1\/2&#8243;][vc_custom_heading text_color=&#8221;color-xsdn&#8221; uncode_shortcode_id=&#8221;146889&#8243; text_color_type=&#8221;uncode-palette&#8221;]Why should you go for an outplacement service when parting ways with an employee?[\/vc_custom_heading][uncode_list icon=&#8221;fa fa-check&#8221; icon_color=&#8221;color-142510&#8243; uncode_shortcode_id=&#8221;207123&#8243; icon_color_type=&#8221;uncode-palette&#8221; el_class=&#8221;.baltastekstas&#8221;]<\/p>\n<ul>\n<li>The consultation provides the employee you are parting with the practical advice and individual attention they need, which can also contribute to their psychological well-being and improve their attitude towards their former employer.<\/li>\n<li>The consultation diffuses the employee\u2019s possible dissatisfaction with the situation, thus avoiding possible negative feedback about the former employer (on social media, in the employee\u2019s immediate circle).<\/li>\n<li>A well-done outplacement process benefits an employer\u2019s reputation in the market, demonstrates responsibility and a focus on the employee\u2019s well-being, and strengthens the employer\u2019s positive image.<\/li>\n<li>Seeing their employer being socially responsible makes other members of the organisation feel more secure.<\/li>\n<\/ul>\n<p>[\/uncode_list][\/vc_column][\/vc_row][vc_row][vc_column width=&#8221;1\/1&#8243;][vc_custom_heading text_color=&#8221;color-145278&#8243; text_weight=&#8221;700&#8243; uncode_shortcode_id=&#8221;209837&#8243; text_color_type=&#8221;uncode-palette&#8221;]Additional services:[\/vc_custom_heading][vc_row_inner][vc_column_inner column_width_percent=&#8221;100&#8243; align_horizontal=&#8221;align_center&#8221; gutter_size=&#8221;3&#8243; overlay_alpha=&#8221;50&#8243; shift_x=&#8221;0&#8243; shift_y=&#8221;0&#8243; shift_y_down=&#8221;0&#8243; z_index=&#8221;0&#8243; medium_width=&#8221;0&#8243; mobile_width=&#8221;0&#8243; width=&#8221;1\/4&#8243; uncode_shortcode_id=&#8221;184983&#8243;][vc_button button_color=&#8221;color-145278&#8243; border_width=&#8221;0&#8243; link=&#8221;url:https%3A%2F%2Femplonet.lt%2Fen%2Ffor-candidates%2Fcareer-consultations%2F&#8221; button_color_type=&#8221;uncode-palette&#8221; uncode_shortcode_id=&#8221;828562&#8243;]Career counselling[\/vc_button][\/vc_column_inner][vc_column_inner column_width_percent=&#8221;100&#8243; align_horizontal=&#8221;align_center&#8221; gutter_size=&#8221;3&#8243; overlay_alpha=&#8221;50&#8243; shift_x=&#8221;0&#8243; shift_y=&#8221;0&#8243; shift_y_down=&#8221;0&#8243; z_index=&#8221;0&#8243; medium_width=&#8221;0&#8243; mobile_width=&#8221;0&#8243; width=&#8221;1\/4&#8243; uncode_shortcode_id=&#8221;102242&#8243;][vc_button button_color=&#8221;color-145278&#8243; border_width=&#8221;0&#8243; link=&#8221;url:https%3A%2F%2Femplonet.lt%2Fen%2Ffor-clients%2Fhr-recruitment-training-and-consultations%2F&#8221; button_color_type=&#8221;uncode-palette&#8221; uncode_shortcode_id=&#8221;185788&#8243;]HR training and consultations[\/vc_button][\/vc_column_inner][vc_column_inner column_width_percent=&#8221;100&#8243; align_horizontal=&#8221;align_center&#8221; gutter_size=&#8221;3&#8243; overlay_alpha=&#8221;50&#8243; shift_x=&#8221;0&#8243; shift_y=&#8221;0&#8243; shift_y_down=&#8221;0&#8243; z_index=&#8221;0&#8243; medium_width=&#8221;0&#8243; mobile_width=&#8221;0&#8243; width=&#8221;1\/4&#8243; uncode_shortcode_id=&#8221;192713&#8243;][vc_button button_color=&#8221;color-145278&#8243; border_width=&#8221;0&#8243; link=&#8221;url:https%3A%2F%2Femplonet.lt%2Fen%2Fspecialist-recruitment%2F&#8221; button_color_type=&#8221;uncode-palette&#8221; uncode_shortcode_id=&#8221;200864&#8243;]Specialists recruitment[\/vc_button][\/vc_column_inner][vc_column_inner column_width_percent=&#8221;100&#8243; align_horizontal=&#8221;align_center&#8221; gutter_size=&#8221;3&#8243; overlay_alpha=&#8221;50&#8243; shift_x=&#8221;0&#8243; shift_y=&#8221;0&#8243; shift_y_down=&#8221;0&#8243; z_index=&#8221;0&#8243; medium_width=&#8221;0&#8243; mobile_width=&#8221;0&#8243; width=&#8221;1\/4&#8243; uncode_shortcode_id=&#8221;142290&#8243;][\/vc_column_inner][\/vc_row_inner][\/vc_column][\/vc_row][vc_row][vc_column width=&#8221;1\/1&#8243;][uncode_block id=&#8221;74&#8243;][\/vc_column][\/vc_row]<\/p>\n<\/div>","protected":false},"excerpt":{"rendered":"<p>[vc_row row_height_percent=&#8221;20&#8243; overlay_alpha=&#8221;50&#8243; gutter_size=&#8221;3&#8243; column_width_percent=&#8221;100&#8243; shift_y=&#8221;0&#8243; z_index=&#8221;0&#8243; uncode_shortcode_id=&#8221;885475&#8243; css=&#8221;.vc_custom_1713447846493{margin-top: -36px !important;}&#8221;][vc_column column_width_percent=&#8221;100&#8243; gutter_size=&#8221;3&#8243; overlay_alpha=&#8221;50&#8243; shift_x=&#8221;0&#8243; shift_y=&#8221;0&#8243; shift_y_down=&#8221;0&#8243; z_index=&#8221;0&#8243; medium_width=&#8221;0&#8243; mobile_width=&#8221;0&#8243; [&hellip;]<\/p>\n","protected":false},"author":7,"featured_media":9485,"parent":7934,"menu_order":0,"comment_status":"closed","ping_status":"closed","template":"","meta":{"footnotes":""},"class_list":["post-7830","page","type-page","status-publish","has-post-thumbnail","hentry"],"yoast_head":"<!-- This site is optimized with the Yoast SEO plugin v23.0 - https:\/\/yoast.com\/wordpress\/plugins\/seo\/ -->\n<title>Outplacement - Emplonet<\/title>\n<meta name=\"description\" content=\"Outplacement - an ethical way to say goodbye to an employee \u27a4\" \/>\n<meta name=\"robots\" content=\"index, follow, max-snippet:-1, max-image-preview:large, max-video-preview:-1\" \/>\n<link rel=\"canonical\" href=\"https:\/\/emplonet.lt\/en\/for-clients\/outplacement\/\" \/>\n<meta property=\"og:locale\" content=\"en_US\" \/>\n<meta property=\"og:type\" content=\"article\" \/>\n<meta property=\"og:title\" content=\"Outplacement - Emplonet\" \/>\n<meta property=\"og:description\" content=\"Outplacement - an ethical way to say goodbye to an employee \u27a4\" \/>\n<meta property=\"og:url\" content=\"https:\/\/emplonet.lt\/en\/for-clients\/outplacement\/\" \/>\n<meta property=\"og:site_name\" content=\"Emplonet\" \/>\n<meta property=\"article:modified_time\" content=\"2025-02-19T13:10:17+00:00\" \/>\n<meta property=\"og:image\" content=\"https:\/\/emplonet.lt\/wp-content\/uploads\/2023\/10\/Emplonet.jpg\" \/>\n\t<meta property=\"og:image:width\" content=\"307\" \/>\n\t<meta property=\"og:image:height\" content=\"303\" \/>\n\t<meta property=\"og:image:type\" content=\"image\/jpeg\" \/>\n<meta name=\"twitter:card\" content=\"summary_large_image\" \/>\n<meta name=\"twitter:label1\" content=\"Est. reading time\" \/>\n\t<meta name=\"twitter:data1\" content=\"3 minutes\" \/>\n<script type=\"application\/ld+json\" class=\"yoast-schema-graph\">{\"@context\":\"https:\/\/schema.org\",\"@graph\":[{\"@type\":\"WebPage\",\"@id\":\"https:\/\/emplonet.lt\/en\/for-clients\/outplacement\/\",\"url\":\"https:\/\/emplonet.lt\/en\/for-clients\/outplacement\/\",\"name\":\"Outplacement - Emplonet\",\"isPartOf\":{\"@id\":\"https:\/\/emplonet.lt\/#website\"},\"primaryImageOfPage\":{\"@id\":\"https:\/\/emplonet.lt\/en\/for-clients\/outplacement\/#primaryimage\"},\"image\":{\"@id\":\"https:\/\/emplonet.lt\/en\/for-clients\/outplacement\/#primaryimage\"},\"thumbnailUrl\":\"https:\/\/emplonet.lt\/wp-content\/uploads\/2023\/10\/Emplonet.jpg\",\"datePublished\":\"2024-05-29T10:47:13+00:00\",\"dateModified\":\"2025-02-19T13:10:17+00:00\",\"description\":\"Outplacement - an ethical way to say goodbye to an employee \u27a4\",\"breadcrumb\":{\"@id\":\"https:\/\/emplonet.lt\/en\/for-clients\/outplacement\/#breadcrumb\"},\"inLanguage\":\"en-US\",\"potentialAction\":[{\"@type\":\"ReadAction\",\"target\":[\"https:\/\/emplonet.lt\/en\/for-clients\/outplacement\/\"]}]},{\"@type\":\"ImageObject\",\"inLanguage\":\"en-US\",\"@id\":\"https:\/\/emplonet.lt\/en\/for-clients\/outplacement\/#primaryimage\",\"url\":\"https:\/\/emplonet.lt\/wp-content\/uploads\/2023\/10\/Emplonet.jpg\",\"contentUrl\":\"https:\/\/emplonet.lt\/wp-content\/uploads\/2023\/10\/Emplonet.jpg\",\"width\":307,\"height\":303},{\"@type\":\"BreadcrumbList\",\"@id\":\"https:\/\/emplonet.lt\/en\/for-clients\/outplacement\/#breadcrumb\",\"itemListElement\":[{\"@type\":\"ListItem\",\"position\":1,\"name\":\"Home\",\"item\":\"https:\/\/emplonet.lt\/en\/home\/\"},{\"@type\":\"ListItem\",\"position\":2,\"name\":\"For Clients\",\"item\":\"https:\/\/emplonet.lt\/en\/for-clients\/\"},{\"@type\":\"ListItem\",\"position\":3,\"name\":\"Outplacement\"}]},{\"@type\":\"WebSite\",\"@id\":\"https:\/\/emplonet.lt\/#website\",\"url\":\"https:\/\/emplonet.lt\/\",\"name\":\"Emplonet\",\"description\":\"Erdv\u0117 augti verslams ir \u017emon\u0117ms\",\"potentialAction\":[{\"@type\":\"SearchAction\",\"target\":{\"@type\":\"EntryPoint\",\"urlTemplate\":\"https:\/\/emplonet.lt\/?s={search_term_string}\"},\"query-input\":\"required name=search_term_string\"}],\"inLanguage\":\"en-US\"}]}<\/script>\n<!-- \/ Yoast SEO plugin. -->","yoast_head_json":{"title":"Outplacement - Emplonet","description":"Outplacement - an ethical way to say goodbye to an employee \u27a4","robots":{"index":"index","follow":"follow","max-snippet":"max-snippet:-1","max-image-preview":"max-image-preview:large","max-video-preview":"max-video-preview:-1"},"canonical":"https:\/\/emplonet.lt\/en\/for-clients\/outplacement\/","og_locale":"en_US","og_type":"article","og_title":"Outplacement - Emplonet","og_description":"Outplacement - an ethical way to say goodbye to an employee \u27a4","og_url":"https:\/\/emplonet.lt\/en\/for-clients\/outplacement\/","og_site_name":"Emplonet","article_modified_time":"2025-02-19T13:10:17+00:00","og_image":[{"width":307,"height":303,"url":"https:\/\/emplonet.lt\/wp-content\/uploads\/2023\/10\/Emplonet.jpg","type":"image\/jpeg"}],"twitter_card":"summary_large_image","twitter_misc":{"Est. reading time":"3 minutes"},"schema":{"@context":"https:\/\/schema.org","@graph":[{"@type":"WebPage","@id":"https:\/\/emplonet.lt\/en\/for-clients\/outplacement\/","url":"https:\/\/emplonet.lt\/en\/for-clients\/outplacement\/","name":"Outplacement - Emplonet","isPartOf":{"@id":"https:\/\/emplonet.lt\/#website"},"primaryImageOfPage":{"@id":"https:\/\/emplonet.lt\/en\/for-clients\/outplacement\/#primaryimage"},"image":{"@id":"https:\/\/emplonet.lt\/en\/for-clients\/outplacement\/#primaryimage"},"thumbnailUrl":"https:\/\/emplonet.lt\/wp-content\/uploads\/2023\/10\/Emplonet.jpg","datePublished":"2024-05-29T10:47:13+00:00","dateModified":"2025-02-19T13:10:17+00:00","description":"Outplacement - an ethical way to say goodbye to an employee \u27a4","breadcrumb":{"@id":"https:\/\/emplonet.lt\/en\/for-clients\/outplacement\/#breadcrumb"},"inLanguage":"en-US","potentialAction":[{"@type":"ReadAction","target":["https:\/\/emplonet.lt\/en\/for-clients\/outplacement\/"]}]},{"@type":"ImageObject","inLanguage":"en-US","@id":"https:\/\/emplonet.lt\/en\/for-clients\/outplacement\/#primaryimage","url":"https:\/\/emplonet.lt\/wp-content\/uploads\/2023\/10\/Emplonet.jpg","contentUrl":"https:\/\/emplonet.lt\/wp-content\/uploads\/2023\/10\/Emplonet.jpg","width":307,"height":303},{"@type":"BreadcrumbList","@id":"https:\/\/emplonet.lt\/en\/for-clients\/outplacement\/#breadcrumb","itemListElement":[{"@type":"ListItem","position":1,"name":"Home","item":"https:\/\/emplonet.lt\/en\/home\/"},{"@type":"ListItem","position":2,"name":"For Clients","item":"https:\/\/emplonet.lt\/en\/for-clients\/"},{"@type":"ListItem","position":3,"name":"Outplacement"}]},{"@type":"WebSite","@id":"https:\/\/emplonet.lt\/#website","url":"https:\/\/emplonet.lt\/","name":"Emplonet","description":"Erdv\u0117 augti verslams ir \u017emon\u0117ms","potentialAction":[{"@type":"SearchAction","target":{"@type":"EntryPoint","urlTemplate":"https:\/\/emplonet.lt\/?s={search_term_string}"},"query-input":"required name=search_term_string"}],"inLanguage":"en-US"}]}},"_links":{"self":[{"href":"https:\/\/emplonet.lt\/en\/wp-json\/wp\/v2\/pages\/7830"}],"collection":[{"href":"https:\/\/emplonet.lt\/en\/wp-json\/wp\/v2\/pages"}],"about":[{"href":"https:\/\/emplonet.lt\/en\/wp-json\/wp\/v2\/types\/page"}],"author":[{"embeddable":true,"href":"https:\/\/emplonet.lt\/en\/wp-json\/wp\/v2\/users\/7"}],"replies":[{"embeddable":true,"href":"https:\/\/emplonet.lt\/en\/wp-json\/wp\/v2\/comments?post=7830"}],"version-history":[{"count":5,"href":"https:\/\/emplonet.lt\/en\/wp-json\/wp\/v2\/pages\/7830\/revisions"}],"predecessor-version":[{"id":8354,"href":"https:\/\/emplonet.lt\/en\/wp-json\/wp\/v2\/pages\/7830\/revisions\/8354"}],"up":[{"embeddable":true,"href":"https:\/\/emplonet.lt\/en\/wp-json\/wp\/v2\/pages\/7934"}],"wp:featuredmedia":[{"embeddable":true,"href":"https:\/\/emplonet.lt\/en\/wp-json\/wp\/v2\/media\/9485"}],"wp:attachment":[{"href":"https:\/\/emplonet.lt\/en\/wp-json\/wp\/v2\/media?parent=7830"}],"curies":[{"name":"wp","href":"https:\/\/api.w.org\/{rel}","templated":true}]}}