{"id":7817,"date":"2024-05-29T13:07:26","date_gmt":"2024-05-29T10:07:26","guid":{"rendered":"https:\/\/emplonet.lt\/ai-solutions-for-attracting-and-retaining-talent\/"},"modified":"2026-04-28T11:30:58","modified_gmt":"2026-04-28T08:30:58","slug":"ai-solutions-for-attracting-and-retaining-talent","status":"publish","type":"page","link":"https:\/\/emplonet.lt\/en\/for-clients\/ai-solutions-for-attracting-and-retaining-talent\/","title":{"rendered":"AI solutions for attracting and retaining talent"},"content":{"rendered":"<div class=\"wpb-content-wrapper\"><p>[vc_row row_height_percent=&#8221;20&#8243; back_color=&#8221;color-xsdn&#8221; back_image=&#8221;5923&#8243; overlay_alpha=&#8221;50&#8243; gutter_size=&#8221;3&#8243; column_width_percent=&#8221;100&#8243; shift_y=&#8221;0&#8243; z_index=&#8221;0&#8243; uncode_shortcode_id=&#8221;199132&#8243; back_color_type=&#8221;uncode-palette&#8221;][vc_column column_width_percent=&#8221;100&#8243; gutter_size=&#8221;3&#8243; back_color=&#8221;color-703045&#8243; overlay_alpha=&#8221;50&#8243; shift_x=&#8221;0&#8243; shift_y=&#8221;0&#8243; shift_y_down=&#8221;0&#8243; z_index=&#8221;0&#8243; medium_width=&#8221;0&#8243; mobile_width=&#8221;0&#8243; width=&#8221;1\/2&#8243; uncode_shortcode_id=&#8221;847887&#8243; back_color_type=&#8221;uncode-palette&#8221;][vc_custom_heading heading_semantic=&#8221;h1&#8243; text_size=&#8221;h1&#8243; text_weight=&#8221;700&#8243; uncode_shortcode_id=&#8221;486991&#8243;]<strong>AI solutions for attracting and retaining talent<\/strong>[\/vc_custom_heading][vc_column_text uncode_shortcode_id=&#8221;553220&#8243;]Are you struggling to keep up with HR technology? The Emplonet team is launching a training course focused on showcasing <strong>the latest advancements in artificial intelligence (AI) technology<\/strong>. This course highlights the significant potential it holds for talent acquisition and the automation of various other HR management processes.[\/vc_column_text][\/vc_column][vc_column column_width_percent=&#8221;100&#8243; position_vertical=&#8221;middle&#8221; gutter_size=&#8221;3&#8243; overlay_alpha=&#8221;50&#8243; shift_x=&#8221;0&#8243; shift_y=&#8221;0&#8243; shift_y_down=&#8221;0&#8243; z_index=&#8221;0&#8243; medium_width=&#8221;0&#8243; mobile_width=&#8221;0&#8243; width=&#8221;1\/2&#8243; uncode_shortcode_id=&#8221;125575&#8243;][vc_empty_space empty_h=&#8221;2&#8243;][\/vc_column][\/vc_row][vc_row row_height_percent=&#8221;0&#8243; back_color=&#8221;color-lxmt&#8221; overlay_alpha=&#8221;50&#8243; gutter_size=&#8221;3&#8243; column_width_percent=&#8221;100&#8243; shift_y=&#8221;0&#8243; z_index=&#8221;0&#8243; uncode_shortcode_id=&#8221;134750&#8243; back_color_type=&#8221;uncode-palette&#8221;][vc_column width=&#8221;1\/1&#8243;][vc_separator sep_color=&#8221;color-145278&#8243; uncode_shortcode_id=&#8221;987048&#8243; sep_color_type=&#8221;uncode-palette&#8221;][vc_custom_heading text_color=&#8221;color-145278&#8243; text_weight=&#8221;700&#8243; uncode_shortcode_id=&#8221;560096&#8243; text_color_type=&#8221;uncode-palette&#8221;]This training programme aims to give you the knowledge and skills to:[\/vc_custom_heading][uncode_list icon=&#8221;fa fa-check&#8221; icon_color=&#8221;accent&#8221; uncode_shortcode_id=&#8221;394134&#8243; icon_color_type=&#8221;uncode-palette&#8221; el_class=&#8221;.baltastekstas&#8221;]<\/p>\n<ul>\n<li>Make the most effective use of large-scale language models and get the hang of cutting-edge AI tools;<\/li>\n<li>Give effective prompts and appropriately apply various models, e.g., ChatGPT, Bing, and Google Bard, to automate talent-sourcing processes. You will gain insights into how artificial intelligence can assist in identifying suitable profiles, analysing gathered information and generating analytical data;<\/li>\n<li>Utilise AI to collect and evaluate candidate information, automate the recruitment process, create attractive adverts, and communicate effectively with potential candidates;<\/li>\n<li>Make the most of the advances in AI by generating questions for candidates or giving them feedback. You will explore tools designed to simplify creative tasks (audio transformations, videos, visual generation, etc.);<\/li>\n<li>Employ AI solutions to monitor employee mood and well-being, forecast turnover risk, provide individual feedback, design mentoring programmes, etc.<\/li>\n<\/ul>\n<p>[\/uncode_list][vc_column_text uncode_shortcode_id=&#8221;203857&#8243;]<\/p>\n<h3>Training is aimed at:<\/h3>\n<ul>\n<li>HR managers, talent acquisition partners, recruiters, and selection specialists;<\/li>\n<li>Managers at all levels interested in talent acquisition and retention.<\/li>\n<\/ul>\n<p>[\/vc_column_text][vc_button button_color=&#8221;color-145278&#8243; border_width=&#8221;0&#8243; link=&#8221;url:https%3A%2F%2Femplonet.lt%2Fen%2Fcontacts%2F&#8221; button_color_type=&#8221;uncode-palette&#8221; uncode_shortcode_id=&#8221;111021&#8243;]Contact us![\/vc_button][\/vc_column][\/vc_row][vc_row row_height_percent=&#8221;20&#8243; back_color=&#8221;color-xsdn&#8221; back_image=&#8221;6563&#8243; overlay_alpha=&#8221;50&#8243; gutter_size=&#8221;3&#8243; column_width_percent=&#8221;100&#8243; shift_y=&#8221;0&#8243; z_index=&#8221;0&#8243; uncode_shortcode_id=&#8221;176550&#8243; back_color_type=&#8221;uncode-palette&#8221;][vc_column column_width_percent=&#8221;100&#8243; position_vertical=&#8221;middle&#8221; gutter_size=&#8221;3&#8243; overlay_alpha=&#8221;50&#8243; shift_x=&#8221;0&#8243; shift_y=&#8221;0&#8243; shift_y_down=&#8221;0&#8243; z_index=&#8221;0&#8243; medium_width=&#8221;0&#8243; mobile_width=&#8221;0&#8243; width=&#8221;1\/2&#8243; uncode_shortcode_id=&#8221;125575&#8243;][vc_custom_heading text_size=&#8221;h1&#8243; text_weight=&#8221;700&#8243; uncode_shortcode_id=&#8221;474450&#8243;]Hi, my name is IEVA![\/vc_custom_heading][vc_column_text uncode_shortcode_id=&#8221;948266&#8243;]<em>I am the Head of IT Recruitment at Emplonet, a psychologist, and a consultant of artificial intelligence (AI) solutions in HR (and other areas), Ieva Kiliuvien\u0117. During 7 years of experience in applying a wide range of technologies in IT talent recruitment and competency assessment, and having completed more than a hundred IT talent search and attraction projects, I have had the opportunity to deepen my knowledge in both technology and HR. Today, we can bring both together in the concept of training tailored to the modern person.\u00a0<\/em><\/p>\n<p><em>I am also a certified INLOCUS consultant in personnel assessment (personal qualities and mental abilities), and I have completed the Recruitment Academy Certified Sourcer (RACS) expert training in talent attraction and selection. My areas of expertise include artificial intelligence solutions in HR; IT recruitment and selection; the IT labor market; IT team building and implementation, training, and consulting; health; and organizational psychology.<\/em>[\/vc_column_text][\/vc_column][vc_column column_width_percent=&#8221;100&#8243; gutter_size=&#8221;3&#8243; overlay_alpha=&#8221;50&#8243; shift_x=&#8221;0&#8243; shift_y=&#8221;0&#8243; shift_y_down=&#8221;0&#8243; z_index=&#8221;0&#8243; medium_width=&#8221;0&#8243; mobile_width=&#8221;0&#8243; width=&#8221;1\/2&#8243; uncode_shortcode_id=&#8221;443719&#8243;][\/vc_column][\/vc_row][vc_row row_height_percent=&#8221;0&#8243; back_color=&#8221;color-703045&#8243; overlay_alpha=&#8221;50&#8243; gutter_size=&#8221;3&#8243; column_width_percent=&#8221;100&#8243; shift_y=&#8221;0&#8243; z_index=&#8221;0&#8243; uncode_shortcode_id=&#8221;713003&#8243; back_color_type=&#8221;uncode-palette&#8221;][vc_column width=&#8221;1\/1&#8243;][vc_custom_heading text_color=&#8221;color-145278&#8243; text_weight=&#8221;700&#8243; uncode_shortcode_id=&#8221;111174&#8243; text_color_type=&#8221;uncode-palette&#8221;]Frequently asked questions[\/vc_custom_heading][vc_column_text uncode_shortcode_id=&#8221;154872&#8243;]<\/p>\n<h3>Where to find us?<\/h3>\n<p>If you are interested in HR training and consultations, contact us! We will be happy to provide you with more information and advise you on solutions that best suit your needs. You can arrange meetings with us at our offices in Vilnius, Kaunas, and Klaip\u0117da, or you can opt for remote consultations. Our services are available throughout Lithuania and the Baltic States.[\/vc_column_text][\/vc_column][\/vc_row][vc_row][vc_column width=&#8221;1\/1&#8243;][vc_custom_heading text_color=&#8221;color-145278&#8243; text_weight=&#8221;700&#8243; uncode_shortcode_id=&#8221;209837&#8243; text_color_type=&#8221;uncode-palette&#8221;]Additional services:[\/vc_custom_heading][vc_row_inner][vc_column_inner column_width_percent=&#8221;100&#8243; align_horizontal=&#8221;align_center&#8221; gutter_size=&#8221;3&#8243; overlay_alpha=&#8221;50&#8243; shift_x=&#8221;0&#8243; shift_y=&#8221;0&#8243; shift_y_down=&#8221;0&#8243; z_index=&#8221;0&#8243; medium_width=&#8221;0&#8243; mobile_width=&#8221;0&#8243; width=&#8221;1\/4&#8243; uncode_shortcode_id=&#8221;184983&#8243;][vc_button button_color=&#8221;color-145278&#8243; border_width=&#8221;0&#8243; link=&#8221;url:https%3A%2F%2Femplonet.lt%2Fen%2Ffor-clients%2Ftripod-test%2F&#8221; button_color_type=&#8221;uncode-palette&#8221; uncode_shortcode_id=&#8221;349624&#8243;]Tripod test[\/vc_button][\/vc_column_inner][vc_column_inner column_width_percent=&#8221;100&#8243; align_horizontal=&#8221;align_center&#8221; gutter_size=&#8221;3&#8243; overlay_alpha=&#8221;50&#8243; shift_x=&#8221;0&#8243; shift_y=&#8221;0&#8243; shift_y_down=&#8221;0&#8243; z_index=&#8221;0&#8243; medium_width=&#8221;0&#8243; mobile_width=&#8221;0&#8243; width=&#8221;1\/4&#8243; uncode_shortcode_id=&#8221;102242&#8243;][vc_button button_color=&#8221;color-145278&#8243; border_width=&#8221;0&#8243; link=&#8221;url:https%3A%2F%2Femplonet.lt%2Fen%2Ffor-candidates%2Fcareer-consultations%2F&#8221; button_color_type=&#8221;uncode-palette&#8221; uncode_shortcode_id=&#8221;137953&#8243;]Career counselling[\/vc_button][\/vc_column_inner][vc_column_inner column_width_percent=&#8221;100&#8243; align_horizontal=&#8221;align_center&#8221; gutter_size=&#8221;3&#8243; overlay_alpha=&#8221;50&#8243; shift_x=&#8221;0&#8243; shift_y=&#8221;0&#8243; shift_y_down=&#8221;0&#8243; z_index=&#8221;0&#8243; medium_width=&#8221;0&#8243; mobile_width=&#8221;0&#8243; width=&#8221;1\/4&#8243; uncode_shortcode_id=&#8221;192713&#8243;][vc_button button_color=&#8221;color-145278&#8243; border_width=&#8221;0&#8243; link=&#8221;url:https%3A%2F%2Femplonet.lt%2Fen%2Ffor-candidates%2Fone-to-one-coaching-sessions%2F&#8221; button_color_type=&#8221;uncode-palette&#8221; uncode_shortcode_id=&#8221;102466&#8243;]One-to-one coaching sessions[\/vc_button][\/vc_column_inner][vc_column_inner column_width_percent=&#8221;100&#8243; align_horizontal=&#8221;align_center&#8221; gutter_size=&#8221;3&#8243; overlay_alpha=&#8221;50&#8243; shift_x=&#8221;0&#8243; shift_y=&#8221;0&#8243; shift_y_down=&#8221;0&#8243; z_index=&#8221;0&#8243; medium_width=&#8221;0&#8243; mobile_width=&#8221;0&#8243; width=&#8221;1\/4&#8243; uncode_shortcode_id=&#8221;142290&#8243;][\/vc_column_inner][\/vc_row_inner][\/vc_column][\/vc_row]<\/p>\n<\/div>","protected":false},"excerpt":{"rendered":"<p>[vc_row row_height_percent=&#8221;20&#8243; back_color=&#8221;color-xsdn&#8221; back_image=&#8221;5923&#8243; overlay_alpha=&#8221;50&#8243; gutter_size=&#8221;3&#8243; column_width_percent=&#8221;100&#8243; shift_y=&#8221;0&#8243; z_index=&#8221;0&#8243; uncode_shortcode_id=&#8221;199132&#8243; back_color_type=&#8221;uncode-palette&#8221;][vc_column column_width_percent=&#8221;100&#8243; gutter_size=&#8221;3&#8243; back_color=&#8221;color-703045&#8243; overlay_alpha=&#8221;50&#8243; shift_x=&#8221;0&#8243; shift_y=&#8221;0&#8243; shift_y_down=&#8221;0&#8243; z_index=&#8221;0&#8243; medium_width=&#8221;0&#8243; [&hellip;]<\/p>\n","protected":false},"author":7,"featured_media":0,"parent":7934,"menu_order":0,"comment_status":"closed","ping_status":"closed","template":"","meta":{"footnotes":""},"class_list":["post-7817","page","type-page","status-publish","hentry"],"yoast_head":"<!-- This site is optimized with the Yoast SEO plugin v23.0 - https:\/\/yoast.com\/wordpress\/plugins\/seo\/ -->\n<title>AI solutions for attracting and retaining talent - Emplonet<\/title>\n<meta name=\"robots\" content=\"index, follow, max-snippet:-1, max-image-preview:large, max-video-preview:-1\" \/>\n<link rel=\"canonical\" href=\"https:\/\/emplonet.lt\/en\/for-clients\/ai-solutions-for-attracting-and-retaining-talent\/\" \/>\n<meta property=\"og:locale\" content=\"en_US\" \/>\n<meta property=\"og:type\" content=\"article\" \/>\n<meta property=\"og:title\" content=\"AI solutions for attracting and retaining talent - Emplonet\" \/>\n<meta property=\"og:description\" content=\"[vc_row row_height_percent=&#8221;20&#8243; back_color=&#8221;color-xsdn&#8221; back_image=&#8221;5923&#8243; overlay_alpha=&#8221;50&#8243; gutter_size=&#8221;3&#8243; column_width_percent=&#8221;100&#8243; shift_y=&#8221;0&#8243; z_index=&#8221;0&#8243; uncode_shortcode_id=&#8221;199132&#8243; back_color_type=&#8221;uncode-palette&#8221;][vc_column column_width_percent=&#8221;100&#8243; gutter_size=&#8221;3&#8243; back_color=&#8221;color-703045&#8243; overlay_alpha=&#8221;50&#8243; shift_x=&#8221;0&#8243; shift_y=&#8221;0&#8243; shift_y_down=&#8221;0&#8243; z_index=&#8221;0&#8243; medium_width=&#8221;0&#8243; [&hellip;]\" \/>\n<meta property=\"og:url\" content=\"https:\/\/emplonet.lt\/en\/for-clients\/ai-solutions-for-attracting-and-retaining-talent\/\" \/>\n<meta property=\"og:site_name\" content=\"Emplonet\" \/>\n<meta property=\"article:modified_time\" content=\"2026-04-28T08:30:58+00:00\" \/>\n<meta name=\"twitter:card\" content=\"summary_large_image\" \/>\n<meta name=\"twitter:label1\" content=\"Est. reading time\" \/>\n\t<meta name=\"twitter:data1\" content=\"4 minutes\" \/>\n<script type=\"application\/ld+json\" class=\"yoast-schema-graph\">{\"@context\":\"https:\/\/schema.org\",\"@graph\":[{\"@type\":\"WebPage\",\"@id\":\"https:\/\/emplonet.lt\/en\/for-clients\/ai-solutions-for-attracting-and-retaining-talent\/\",\"url\":\"https:\/\/emplonet.lt\/en\/for-clients\/ai-solutions-for-attracting-and-retaining-talent\/\",\"name\":\"AI solutions for attracting and retaining talent - Emplonet\",\"isPartOf\":{\"@id\":\"https:\/\/emplonet.lt\/#website\"},\"datePublished\":\"2024-05-29T10:07:26+00:00\",\"dateModified\":\"2026-04-28T08:30:58+00:00\",\"breadcrumb\":{\"@id\":\"https:\/\/emplonet.lt\/en\/for-clients\/ai-solutions-for-attracting-and-retaining-talent\/#breadcrumb\"},\"inLanguage\":\"en-US\",\"potentialAction\":[{\"@type\":\"ReadAction\",\"target\":[\"https:\/\/emplonet.lt\/en\/for-clients\/ai-solutions-for-attracting-and-retaining-talent\/\"]}]},{\"@type\":\"BreadcrumbList\",\"@id\":\"https:\/\/emplonet.lt\/en\/for-clients\/ai-solutions-for-attracting-and-retaining-talent\/#breadcrumb\",\"itemListElement\":[{\"@type\":\"ListItem\",\"position\":1,\"name\":\"Home\",\"item\":\"https:\/\/emplonet.lt\/en\/home\/\"},{\"@type\":\"ListItem\",\"position\":2,\"name\":\"For Clients\",\"item\":\"https:\/\/emplonet.lt\/en\/for-clients\/\"},{\"@type\":\"ListItem\",\"position\":3,\"name\":\"AI solutions for attracting and retaining talent\"}]},{\"@type\":\"WebSite\",\"@id\":\"https:\/\/emplonet.lt\/#website\",\"url\":\"https:\/\/emplonet.lt\/\",\"name\":\"Emplonet\",\"description\":\"Erdv\u0117 augti verslams ir \u017emon\u0117ms\",\"potentialAction\":[{\"@type\":\"SearchAction\",\"target\":{\"@type\":\"EntryPoint\",\"urlTemplate\":\"https:\/\/emplonet.lt\/?s={search_term_string}\"},\"query-input\":\"required name=search_term_string\"}],\"inLanguage\":\"en-US\"}]}<\/script>\n<!-- \/ Yoast SEO plugin. -->","yoast_head_json":{"title":"AI solutions for attracting and retaining talent - Emplonet","robots":{"index":"index","follow":"follow","max-snippet":"max-snippet:-1","max-image-preview":"max-image-preview:large","max-video-preview":"max-video-preview:-1"},"canonical":"https:\/\/emplonet.lt\/en\/for-clients\/ai-solutions-for-attracting-and-retaining-talent\/","og_locale":"en_US","og_type":"article","og_title":"AI solutions for attracting and retaining talent - Emplonet","og_description":"[vc_row row_height_percent=&#8221;20&#8243; back_color=&#8221;color-xsdn&#8221; back_image=&#8221;5923&#8243; overlay_alpha=&#8221;50&#8243; gutter_size=&#8221;3&#8243; column_width_percent=&#8221;100&#8243; shift_y=&#8221;0&#8243; z_index=&#8221;0&#8243; uncode_shortcode_id=&#8221;199132&#8243; back_color_type=&#8221;uncode-palette&#8221;][vc_column column_width_percent=&#8221;100&#8243; gutter_size=&#8221;3&#8243; back_color=&#8221;color-703045&#8243; overlay_alpha=&#8221;50&#8243; shift_x=&#8221;0&#8243; shift_y=&#8221;0&#8243; shift_y_down=&#8221;0&#8243; z_index=&#8221;0&#8243; medium_width=&#8221;0&#8243; [&hellip;]","og_url":"https:\/\/emplonet.lt\/en\/for-clients\/ai-solutions-for-attracting-and-retaining-talent\/","og_site_name":"Emplonet","article_modified_time":"2026-04-28T08:30:58+00:00","twitter_card":"summary_large_image","twitter_misc":{"Est. reading time":"4 minutes"},"schema":{"@context":"https:\/\/schema.org","@graph":[{"@type":"WebPage","@id":"https:\/\/emplonet.lt\/en\/for-clients\/ai-solutions-for-attracting-and-retaining-talent\/","url":"https:\/\/emplonet.lt\/en\/for-clients\/ai-solutions-for-attracting-and-retaining-talent\/","name":"AI solutions for attracting and retaining talent - Emplonet","isPartOf":{"@id":"https:\/\/emplonet.lt\/#website"},"datePublished":"2024-05-29T10:07:26+00:00","dateModified":"2026-04-28T08:30:58+00:00","breadcrumb":{"@id":"https:\/\/emplonet.lt\/en\/for-clients\/ai-solutions-for-attracting-and-retaining-talent\/#breadcrumb"},"inLanguage":"en-US","potentialAction":[{"@type":"ReadAction","target":["https:\/\/emplonet.lt\/en\/for-clients\/ai-solutions-for-attracting-and-retaining-talent\/"]}]},{"@type":"BreadcrumbList","@id":"https:\/\/emplonet.lt\/en\/for-clients\/ai-solutions-for-attracting-and-retaining-talent\/#breadcrumb","itemListElement":[{"@type":"ListItem","position":1,"name":"Home","item":"https:\/\/emplonet.lt\/en\/home\/"},{"@type":"ListItem","position":2,"name":"For Clients","item":"https:\/\/emplonet.lt\/en\/for-clients\/"},{"@type":"ListItem","position":3,"name":"AI solutions for attracting and retaining talent"}]},{"@type":"WebSite","@id":"https:\/\/emplonet.lt\/#website","url":"https:\/\/emplonet.lt\/","name":"Emplonet","description":"Erdv\u0117 augti verslams ir \u017emon\u0117ms","potentialAction":[{"@type":"SearchAction","target":{"@type":"EntryPoint","urlTemplate":"https:\/\/emplonet.lt\/?s={search_term_string}"},"query-input":"required name=search_term_string"}],"inLanguage":"en-US"}]}},"_links":{"self":[{"href":"https:\/\/emplonet.lt\/en\/wp-json\/wp\/v2\/pages\/7817"}],"collection":[{"href":"https:\/\/emplonet.lt\/en\/wp-json\/wp\/v2\/pages"}],"about":[{"href":"https:\/\/emplonet.lt\/en\/wp-json\/wp\/v2\/types\/page"}],"author":[{"embeddable":true,"href":"https:\/\/emplonet.lt\/en\/wp-json\/wp\/v2\/users\/7"}],"replies":[{"embeddable":true,"href":"https:\/\/emplonet.lt\/en\/wp-json\/wp\/v2\/comments?post=7817"}],"version-history":[{"count":7,"href":"https:\/\/emplonet.lt\/en\/wp-json\/wp\/v2\/pages\/7817\/revisions"}],"predecessor-version":[{"id":11414,"href":"https:\/\/emplonet.lt\/en\/wp-json\/wp\/v2\/pages\/7817\/revisions\/11414"}],"up":[{"embeddable":true,"href":"https:\/\/emplonet.lt\/en\/wp-json\/wp\/v2\/pages\/7934"}],"wp:attachment":[{"href":"https:\/\/emplonet.lt\/en\/wp-json\/wp\/v2\/media?parent=7817"}],"curies":[{"name":"wp","href":"https:\/\/api.w.org\/{rel}","templated":true}]}}