{"id":7808,"date":"2022-06-16T10:29:44","date_gmt":"2022-06-16T07:29:44","guid":{"rendered":"https:\/\/emplonet.lt\/hr-recruitment-training-and-consultations\/"},"modified":"2025-02-19T14:55:55","modified_gmt":"2025-02-19T12:55:55","slug":"hr-recruitment-training-and-consultations","status":"publish","type":"page","link":"https:\/\/emplonet.lt\/en\/for-clients\/hr-recruitment-training-and-consultations\/","title":{"rendered":"HR, recruitment training and consultations"},"content":{"rendered":"<div class=\"wpb-content-wrapper\"><p>[vc_row row_height_percent=&#8221;20&#8243; overlay_alpha=&#8221;50&#8243; gutter_size=&#8221;2&#8243; column_width_percent=&#8221;100&#8243; shift_y=&#8221;0&#8243; z_index=&#8221;0&#8243; uncode_shortcode_id=&#8221;593426&#8243; css=&#8221;.vc_custom_1716384961172{margin-top: -36px !important;}&#8221;][vc_column column_width_percent=&#8221;100&#8243; gutter_size=&#8221;3&#8243; overlay_alpha=&#8221;50&#8243; shift_x=&#8221;0&#8243; shift_y=&#8221;0&#8243; shift_y_down=&#8221;0&#8243; z_index=&#8221;0&#8243; medium_width=&#8221;0&#8243; mobile_width=&#8221;0&#8243; width=&#8221;1\/1&#8243; uncode_shortcode_id=&#8221;172388&#8243; el_id=&#8221;prilipes&#8221; el_class=&#8221;prilipes&#8221;][vc_single_image media=&#8221;5405&#8243; media_width_percent=&#8221;100&#8243; uncode_shortcode_id=&#8221;203526&#8243;][vc_custom_heading heading_semantic=&#8221;h1&#8243; text_size=&#8221;h1&#8243; text_weight=&#8221;700&#8243; uncode_shortcode_id=&#8221;821627&#8243;]HR training and consultations[\/vc_custom_heading][vc_column_text uncode_shortcode_id=&#8221;973391&#8243;]<span data-contrast=\"auto\">Are you looking to improve your organisation\u2019s expertise in recruiting, attracting, retaining, selecting, assessing, and evaluating experts in various fields (IT, finance, HR, marketing, etc.)?<\/span><span data-ccp-props=\"{&quot;335557856&quot;:16777215}\">\u00a0<\/span><\/p>\n<p><span data-contrast=\"auto\">We provide training courses tailored for company managers and HR professionals, equipping them with the latest insights into recruitment trends, principles of talent attraction, and highly effective methods for sourcing and evaluating candidates. These courses cover crucial aspects essential for achieving successful recruitment outcomes. We customise our HR training programme to meet the specific requirements of each client.<\/span><span data-ccp-props=\"{&quot;335557856&quot;:16777215,&quot;335559738&quot;:280}\">\u00a0<\/span><\/p>\n<h2><strong>Training objectives<\/strong><\/h2>\n<p><span class=\"TextRun SCXW41841978 BCX0\" lang=\"EN\" xml:lang=\"LT\" data-contrast=\"auto\"><span class=\"NormalTextRun SCXW41841978 BCX0\">The current labour market is more dynamic than ever and requires a constant finger on the pulse as it continues to change. We understand that business leaders and HR professionals juggle various management tasks and goals daily. Hence, our aim is to stay on top of the latest trends and offer concentrated knowledge to assist you in making informed HR decisions effectively.<\/span><\/span><span class=\"EOP SCXW41841978 BCX0\" data-ccp-props=\"{&quot;335557856&quot;:16777215,&quot;335559738&quot;:280}\">\u00a0<\/span>[\/vc_column_text][\/vc_column][\/vc_row][vc_row row_height_percent=&#8221;0&#8243; back_color=&#8221;color-142510&#8243; overlay_alpha=&#8221;50&#8243; gutter_size=&#8221;3&#8243; column_width_percent=&#8221;100&#8243; shift_y=&#8221;0&#8243; z_index=&#8221;0&#8243; uncode_shortcode_id=&#8221;203751&#8243; back_color_type=&#8221;uncode-palette&#8221; el_class=&#8221;.melynastekstas&#8221;][vc_column width=&#8221;1\/1&#8243;][vc_custom_heading text_color=&#8221;color-145278&#8243; text_weight=&#8221;700&#8243; uncode_shortcode_id=&#8221;163646&#8243; text_color_type=&#8221;uncode-palette&#8221;]Training programme[\/vc_custom_heading][vc_column_text text_color=&#8221;color-145278&#8243; uncode_shortcode_id=&#8221;112330&#8243; text_color_type=&#8221;uncode-palette&#8221;]<strong>The training programme is tailored to the individual needs of the client. Preliminary topics and time available for Emplonet training courses are as follows:<\/strong>[\/vc_column_text][uncode_list icon=&#8221;fa fa-check&#8221; icon_color=&#8221;color-145278&#8243; uncode_shortcode_id=&#8221;754808&#8243; icon_color_type=&#8221;uncode-palette&#8221;]<\/p>\n<ul>\n<li><span data-contrast=\"auto\">Labour Market, Candidate Expectation Review, Recruitment Challenges 2023-2024 (1 hour);<\/span><span data-ccp-props=\"{&quot;335557856&quot;:16777215,&quot;335559738&quot;:280}\">\u00a0<\/span><\/li>\n<li><span data-contrast=\"auto\">Strategies for sourcing and attracting candidates; empowering employer branding and the employer value proposition; tips on approaching a passive candidate to get them interested in taking part in the selection process and common mistakes; enabling the LinkedIn platform to source passive candidates; Tips and Tricks (4 hours);<\/span><span data-ccp-props=\"{&quot;335557856&quot;:16777215,&quot;335559738&quot;:280}\">\u00a0<\/span><\/li>\n<li><span data-contrast=\"auto\">Planning the selection process. Performance indicators (1 hour);<\/span><span data-ccp-props=\"{&quot;335557856&quot;:16777215,&quot;335559738&quot;:280}\">\u00a0<\/span><\/li>\n<li><span data-contrast=\"auto\">Semi-structured interviews; competency model in selection; question formulation principles: STAR methodology; common employer mistakes; interview simulation.<\/span><span data-ccp-props=\"{&quot;335557856&quot;:16777215,&quot;335559738&quot;:280}\">\u00a0<\/span><\/li>\n<li><span data-contrast=\"auto\">(Not) the right candidate = company\u2019s (anti) ambassador to the market. The importance of feedback and how to give it (1 hour);<\/span><span data-ccp-props=\"{&quot;335557856&quot;:16777215,&quot;335559738&quot;:280}\">\u00a0<\/span><\/li>\n<li><span data-contrast=\"auto\">Experiences that make employees want to stay: Key elements of job satisfaction; key elements of employee empowerment; the impact of organisational climate on employee loyalty; diversity and inclusion, how to properly measure it and educate employees; remote and hybrid work (4 hours).<\/span><span data-ccp-props=\"{&quot;335557856&quot;:16777215,&quot;335559738&quot;:280}\">\u00a0<\/span><\/li>\n<\/ul>\n<p>[\/uncode_list][vc_button button_color=&#8221;color-145278&#8243; border_width=&#8221;0&#8243; link=&#8221;url:https%3A%2F%2Femplonet.lt%2Fen%2Fcontacts%2F&#8221; button_color_type=&#8221;uncode-palette&#8221; uncode_shortcode_id=&#8221;111328&#8243;]Contact us[\/vc_button][\/vc_column][\/vc_row][vc_row row_height_percent=&#8221;0&#8243; back_color=&#8221;color-lxmt&#8221; overlay_alpha=&#8221;50&#8243; gutter_size=&#8221;3&#8243; column_width_percent=&#8221;100&#8243; shift_y=&#8221;0&#8243; z_index=&#8221;0&#8243; uncode_shortcode_id=&#8221;144612&#8243; back_color_type=&#8221;uncode-palette&#8221; el_class=&#8221;.melynastekstas&#8221;][vc_column width=&#8221;1\/2&#8243;][vc_single_image media=&#8221;5966&#8243; media_width_percent=&#8221;100&#8243; uncode_shortcode_id=&#8221;112839&#8243;][\/vc_column][vc_column column_width_percent=&#8221;100&#8243; position_vertical=&#8221;middle&#8221; gutter_size=&#8221;3&#8243; overlay_alpha=&#8221;50&#8243; shift_x=&#8221;0&#8243; shift_y=&#8221;0&#8243; shift_y_down=&#8221;0&#8243; z_index=&#8221;0&#8243; medium_width=&#8221;0&#8243; mobile_width=&#8221;0&#8243; width=&#8221;1\/2&#8243; uncode_shortcode_id=&#8221;349323&#8243;][vc_custom_heading text_color=&#8221;color-145278&#8243; text_weight=&#8221;700&#8243; uncode_shortcode_id=&#8221;205181&#8243; text_color_type=&#8221;uncode-palette&#8221;]Why choose Emplonet HR training?[\/vc_custom_heading][uncode_list icon=&#8221;fa fa-check&#8221; icon_color=&#8221;color-142510&#8243; uncode_shortcode_id=&#8221;104169&#8243; icon_color_type=&#8221;uncode-palette&#8221;]<\/p>\n<ul>\n<li><b><span data-contrast=\"auto\">Tips from experts. <\/span><\/b><span data-contrast=\"auto\">Our training is delivered by seasoned HR professionals and subject matter experts with a wealth of knowledge and diverse practical experience in talent attraction and retention.\u00a0<\/span><span data-ccp-props=\"{}\">\u00a0<\/span><span data-ccp-props=\"{}\">\u00a0<\/span><\/li>\n<li><b><span data-contrast=\"auto\">Latest insights.<\/span><\/b><span data-contrast=\"auto\"> Emplonet training courses cover the latest HR trends, technological advances in HR tools, and the dynamics of the labour market, helping you to stay on top of the ever-changing world of human resources.<\/span><span data-ccp-props=\"{}\">\u00a0<\/span><\/li>\n<li><b><span data-contrast=\"auto\">Tailored content. <\/span><\/b><span data-contrast=\"auto\">We realise that every organisation is unique. Our training can be tailored to the individual needs of your organisation, ensuring it is relevant and applicable to address specific issues.<\/span><span data-ccp-props=\"{}\">\u00a0<\/span><\/li>\n<li><b><span data-contrast=\"auto\">Interactive learning.<\/span><\/b><span data-contrast=\"auto\"> Join our dynamic workshops that prioritise interaction, discussion, and case studies, fostering a collaborative learning environment.<\/span><span data-ccp-props=\"{}\">\u00a0<\/span><\/li>\n<li><b><span data-contrast=\"auto\">Extensive topics. <\/span><\/b><span data-contrast=\"auto\">From strategies to attract and retain talent to AI solutions for attracting and retaining talent <\/span><span data-contrast=\"none\">\u2013<\/span><span data-contrast=\"auto\">, our seminars cover a wide range of HR topics relevant to the success of your organisation.<\/span><span data-ccp-props=\"{}\">\u00a0<\/span><\/li>\n<\/ul>\n<p>[\/uncode_list][\/vc_column][\/vc_row][vc_row row_height_percent=&#8221;0&#8243; back_color=&#8221;color-703045&#8243; overlay_alpha=&#8221;50&#8243; gutter_size=&#8221;3&#8243; column_width_percent=&#8221;100&#8243; shift_y=&#8221;0&#8243; z_index=&#8221;0&#8243; uncode_shortcode_id=&#8221;713003&#8243; back_color_type=&#8221;uncode-palette&#8221;][vc_column width=&#8221;1\/1&#8243;][vc_custom_heading text_color=&#8221;color-145278&#8243; text_weight=&#8221;700&#8243; uncode_shortcode_id=&#8221;120844&#8243; text_color_type=&#8221;uncode-palette&#8221;]Training is aimed at:<\/p>\n<p>[\/vc_custom_heading][vc_column_text text_color=&#8221;color-145278&#8243; uncode_shortcode_id=&#8221;752466&#8243; text_color_type=&#8221;uncode-palette&#8221;]<\/p>\n<ul>\n<li>HR managers, talent acquisition partners, recruiters and selection specialists;<\/li>\n<li>Managers at all levels involved in talent acquisition and retention, recruitment, and selection processes.<\/li>\n<\/ul>\n<p>[\/vc_column_text][vc_custom_heading text_color=&#8221;color-145278&#8243; text_weight=&#8221;700&#8243; uncode_shortcode_id=&#8221;111174&#8243; text_color_type=&#8221;uncode-palette&#8221;]Frequently asked questions[\/vc_custom_heading][vc_column_text uncode_shortcode_id=&#8221;266775&#8243;]<\/p>\n<h3>What is the cost of HR training?<\/h3>\n<p>The cost of the training is negotiated on an individual basis and depends on the scope of the training. To get the best offer, please contact <a href=\"https:\/\/emplonet.lt\/kontaktai\/\">Emplonet specialists directly<\/a>.<\/p>\n<h3>Who can attend your training?<\/h3>\n<p>The training is the most relevant to company managers, HR professionals and anyone who wants to update and expand their knowledge in the field of recruitment.[\/vc_column_text][vc_button button_color=&#8221;color-145278&#8243; border_width=&#8221;0&#8243; link=&#8221;url:https%3A%2F%2Femplonet.lt%2Fen%2Fcontacts%2F&#8221; button_color_type=&#8221;uncode-palette&#8221; uncode_shortcode_id=&#8221;111328&#8243;]Contact us[\/vc_button][\/vc_column][\/vc_row][vc_row][vc_column width=&#8221;1\/1&#8243;][vc_custom_heading text_color=&#8221;color-145278&#8243; text_weight=&#8221;700&#8243; uncode_shortcode_id=&#8221;209837&#8243; text_color_type=&#8221;uncode-palette&#8221;]Other services:[\/vc_custom_heading][vc_row_inner][vc_column_inner column_width_percent=&#8221;100&#8243; align_horizontal=&#8221;align_center&#8221; gutter_size=&#8221;3&#8243; overlay_alpha=&#8221;50&#8243; shift_x=&#8221;0&#8243; shift_y=&#8221;0&#8243; shift_y_down=&#8221;0&#8243; z_index=&#8221;0&#8243; medium_width=&#8221;0&#8243; mobile_width=&#8221;0&#8243; width=&#8221;1\/4&#8243; uncode_shortcode_id=&#8221;184983&#8243;][vc_button button_color=&#8221;color-145278&#8243; border_width=&#8221;0&#8243; link=&#8221;url:https%3A%2F%2Femplonet.lt%2Fen%2Ffor-clients%2Fheadhunting%2F&#8221; button_color_type=&#8221;uncode-palette&#8221; uncode_shortcode_id=&#8221;113056&#8243;]Headhunting[\/vc_button][\/vc_column_inner][vc_column_inner column_width_percent=&#8221;100&#8243; align_horizontal=&#8221;align_center&#8221; gutter_size=&#8221;3&#8243; overlay_alpha=&#8221;50&#8243; shift_x=&#8221;0&#8243; shift_y=&#8221;0&#8243; shift_y_down=&#8221;0&#8243; z_index=&#8221;0&#8243; medium_width=&#8221;0&#8243; mobile_width=&#8221;0&#8243; width=&#8221;1\/4&#8243; uncode_shortcode_id=&#8221;102242&#8243;][vc_button button_color=&#8221;color-145278&#8243; border_width=&#8221;0&#8243; link=&#8221;url:https%3A%2F%2Femplonet.lt%2Fen%2F|&#8221; button_color_type=&#8221;uncode-palette&#8221; uncode_shortcode_id=&#8221;149102&#8243;]Employee recruitment[\/vc_button][\/vc_column_inner][vc_column_inner column_width_percent=&#8221;100&#8243; align_horizontal=&#8221;align_center&#8221; gutter_size=&#8221;3&#8243; overlay_alpha=&#8221;50&#8243; shift_x=&#8221;0&#8243; shift_y=&#8221;0&#8243; shift_y_down=&#8221;0&#8243; z_index=&#8221;0&#8243; medium_width=&#8221;0&#8243; mobile_width=&#8221;0&#8243; width=&#8221;1\/4&#8243; uncode_shortcode_id=&#8221;192713&#8243;][vc_button button_color=&#8221;color-145278&#8243; border_width=&#8221;0&#8243; link=&#8221;url:https%3A%2F%2Femplonet.lt%2Fen%2Ffor-clients%2Forganisational-coaching%2F&#8221; button_color_type=&#8221;uncode-palette&#8221; uncode_shortcode_id=&#8221;158188&#8243;]Organisational coaching[\/vc_button][\/vc_column_inner][vc_column_inner column_width_percent=&#8221;100&#8243; align_horizontal=&#8221;align_center&#8221; gutter_size=&#8221;3&#8243; overlay_alpha=&#8221;50&#8243; shift_x=&#8221;0&#8243; shift_y=&#8221;0&#8243; shift_y_down=&#8221;0&#8243; z_index=&#8221;0&#8243; medium_width=&#8221;0&#8243; mobile_width=&#8221;0&#8243; width=&#8221;1\/4&#8243; uncode_shortcode_id=&#8221;142290&#8243;][vc_button button_color=&#8221;color-145278&#8243; border_width=&#8221;0&#8243; link=&#8221;url:https%3A%2F%2Femplonet.lt%2Fen%2Fspecialist-recruitment%2F&#8221; button_color_type=&#8221;uncode-palette&#8221; uncode_shortcode_id=&#8221;372143&#8243;]Specialist recruitment[\/vc_button][\/vc_column_inner][\/vc_row_inner][\/vc_column][\/vc_row][vc_row][vc_column width=&#8221;1\/1&#8243;][uncode_block id=&#8221;74&#8243;][\/vc_column][\/vc_row]<\/p>\n<\/div>","protected":false},"excerpt":{"rendered":"<p>[vc_row row_height_percent=&#8221;20&#8243; overlay_alpha=&#8221;50&#8243; gutter_size=&#8221;2&#8243; column_width_percent=&#8221;100&#8243; shift_y=&#8221;0&#8243; z_index=&#8221;0&#8243; uncode_shortcode_id=&#8221;593426&#8243; css=&#8221;.vc_custom_1716384961172{margin-top: -36px !important;}&#8221;][vc_column column_width_percent=&#8221;100&#8243; gutter_size=&#8221;3&#8243; overlay_alpha=&#8221;50&#8243; shift_x=&#8221;0&#8243; shift_y=&#8221;0&#8243; shift_y_down=&#8221;0&#8243; z_index=&#8221;0&#8243; medium_width=&#8221;0&#8243; mobile_width=&#8221;0&#8243; [&hellip;]<\/p>\n","protected":false},"author":18,"featured_media":1189,"parent":7934,"menu_order":0,"comment_status":"closed","ping_status":"closed","template":"","meta":{"footnotes":""},"class_list":["post-7808","page","type-page","status-publish","has-post-thumbnail","hentry"],"yoast_head":"<!-- This site is optimized with the Yoast SEO plugin v23.0 - https:\/\/yoast.com\/wordpress\/plugins\/seo\/ -->\n<title>HR, recruitment training and consultations - Emplonet<\/title>\n<meta name=\"description\" content=\"HR, recruitment training and consultations \u27a4 HR management courses, training for HR specialists, consultations. Contact us \u2709!\" \/>\n<meta name=\"robots\" content=\"index, follow, max-snippet:-1, max-image-preview:large, max-video-preview:-1\" \/>\n<link rel=\"canonical\" href=\"https:\/\/emplonet.lt\/en\/for-clients\/hr-recruitment-training-and-consultations\/\" \/>\n<meta property=\"og:locale\" content=\"en_US\" \/>\n<meta property=\"og:type\" content=\"article\" \/>\n<meta property=\"og:title\" content=\"HR, recruitment training and consultations - Emplonet\" \/>\n<meta property=\"og:description\" content=\"Hiring the right person reduces staff turnover, saves time and money, and enables teams to achieve long-term goals.\" \/>\n<meta property=\"og:url\" content=\"https:\/\/emplonet.lt\/en\/for-clients\/hr-recruitment-training-and-consultations\/\" \/>\n<meta property=\"og:site_name\" content=\"Emplonet\" \/>\n<meta property=\"article:modified_time\" content=\"2025-02-19T12:55:55+00:00\" \/>\n<meta property=\"og:image\" content=\"https:\/\/emplonet.lt\/wp-content\/uploads\/2021\/12\/logo_template.jpg\" \/>\n\t<meta property=\"og:image:width\" content=\"600\" \/>\n\t<meta property=\"og:image:height\" content=\"600\" \/>\n\t<meta property=\"og:image:type\" content=\"image\/jpeg\" \/>\n<meta name=\"twitter:card\" content=\"summary_large_image\" \/>\n<meta name=\"twitter:title\" content=\"For clients\" \/>\n<meta name=\"twitter:description\" content=\"Hiring the right person reduces staff turnover, saves time and money, and enables teams to achieve long-term goals.\" \/>\n<meta name=\"twitter:label1\" content=\"Est. reading time\" \/>\n\t<meta name=\"twitter:data1\" content=\"5 minutes\" \/>\n<script type=\"application\/ld+json\" class=\"yoast-schema-graph\">{\"@context\":\"https:\/\/schema.org\",\"@graph\":[{\"@type\":\"WebPage\",\"@id\":\"https:\/\/emplonet.lt\/en\/for-clients\/hr-recruitment-training-and-consultations\/\",\"url\":\"https:\/\/emplonet.lt\/en\/for-clients\/hr-recruitment-training-and-consultations\/\",\"name\":\"HR, recruitment training and consultations - Emplonet\",\"isPartOf\":{\"@id\":\"https:\/\/emplonet.lt\/#website\"},\"primaryImageOfPage\":{\"@id\":\"https:\/\/emplonet.lt\/en\/for-clients\/hr-recruitment-training-and-consultations\/#primaryimage\"},\"image\":{\"@id\":\"https:\/\/emplonet.lt\/en\/for-clients\/hr-recruitment-training-and-consultations\/#primaryimage\"},\"thumbnailUrl\":\"https:\/\/emplonet.lt\/wp-content\/uploads\/2021\/12\/logo_template.jpg\",\"datePublished\":\"2022-06-16T07:29:44+00:00\",\"dateModified\":\"2025-02-19T12:55:55+00:00\",\"description\":\"HR, recruitment training and consultations \u27a4 HR management courses, training for HR specialists, consultations. Contact us \u2709!\",\"breadcrumb\":{\"@id\":\"https:\/\/emplonet.lt\/en\/for-clients\/hr-recruitment-training-and-consultations\/#breadcrumb\"},\"inLanguage\":\"en-US\",\"potentialAction\":[{\"@type\":\"ReadAction\",\"target\":[\"https:\/\/emplonet.lt\/en\/for-clients\/hr-recruitment-training-and-consultations\/\"]}]},{\"@type\":\"ImageObject\",\"inLanguage\":\"en-US\",\"@id\":\"https:\/\/emplonet.lt\/en\/for-clients\/hr-recruitment-training-and-consultations\/#primaryimage\",\"url\":\"https:\/\/emplonet.lt\/wp-content\/uploads\/2021\/12\/logo_template.jpg\",\"contentUrl\":\"https:\/\/emplonet.lt\/wp-content\/uploads\/2021\/12\/logo_template.jpg\",\"width\":600,\"height\":600},{\"@type\":\"BreadcrumbList\",\"@id\":\"https:\/\/emplonet.lt\/en\/for-clients\/hr-recruitment-training-and-consultations\/#breadcrumb\",\"itemListElement\":[{\"@type\":\"ListItem\",\"position\":1,\"name\":\"Home\",\"item\":\"https:\/\/emplonet.lt\/en\/home\/\"},{\"@type\":\"ListItem\",\"position\":2,\"name\":\"For Clients\",\"item\":\"https:\/\/emplonet.lt\/en\/for-clients\/\"},{\"@type\":\"ListItem\",\"position\":3,\"name\":\"HR, recruitment training and consultations\"}]},{\"@type\":\"WebSite\",\"@id\":\"https:\/\/emplonet.lt\/#website\",\"url\":\"https:\/\/emplonet.lt\/\",\"name\":\"Emplonet\",\"description\":\"Erdv\u0117 augti verslams ir \u017emon\u0117ms\",\"potentialAction\":[{\"@type\":\"SearchAction\",\"target\":{\"@type\":\"EntryPoint\",\"urlTemplate\":\"https:\/\/emplonet.lt\/?s={search_term_string}\"},\"query-input\":\"required name=search_term_string\"}],\"inLanguage\":\"en-US\"}]}<\/script>\n<!-- \/ Yoast SEO plugin. -->","yoast_head_json":{"title":"HR, recruitment training and consultations - Emplonet","description":"HR, recruitment training and consultations \u27a4 HR management courses, training for HR specialists, consultations. Contact us \u2709!","robots":{"index":"index","follow":"follow","max-snippet":"max-snippet:-1","max-image-preview":"max-image-preview:large","max-video-preview":"max-video-preview:-1"},"canonical":"https:\/\/emplonet.lt\/en\/for-clients\/hr-recruitment-training-and-consultations\/","og_locale":"en_US","og_type":"article","og_title":"HR, recruitment training and consultations - Emplonet","og_description":"Hiring the right person reduces staff turnover, saves time and money, and enables teams to achieve long-term goals.","og_url":"https:\/\/emplonet.lt\/en\/for-clients\/hr-recruitment-training-and-consultations\/","og_site_name":"Emplonet","article_modified_time":"2025-02-19T12:55:55+00:00","og_image":[{"width":600,"height":600,"url":"https:\/\/emplonet.lt\/wp-content\/uploads\/2021\/12\/logo_template.jpg","type":"image\/jpeg"}],"twitter_card":"summary_large_image","twitter_title":"For clients","twitter_description":"Hiring the right person reduces staff turnover, saves time and money, and enables teams to achieve long-term goals.","twitter_misc":{"Est. reading time":"5 minutes"},"schema":{"@context":"https:\/\/schema.org","@graph":[{"@type":"WebPage","@id":"https:\/\/emplonet.lt\/en\/for-clients\/hr-recruitment-training-and-consultations\/","url":"https:\/\/emplonet.lt\/en\/for-clients\/hr-recruitment-training-and-consultations\/","name":"HR, recruitment training and consultations - Emplonet","isPartOf":{"@id":"https:\/\/emplonet.lt\/#website"},"primaryImageOfPage":{"@id":"https:\/\/emplonet.lt\/en\/for-clients\/hr-recruitment-training-and-consultations\/#primaryimage"},"image":{"@id":"https:\/\/emplonet.lt\/en\/for-clients\/hr-recruitment-training-and-consultations\/#primaryimage"},"thumbnailUrl":"https:\/\/emplonet.lt\/wp-content\/uploads\/2021\/12\/logo_template.jpg","datePublished":"2022-06-16T07:29:44+00:00","dateModified":"2025-02-19T12:55:55+00:00","description":"HR, recruitment training and consultations \u27a4 HR management courses, training for HR specialists, consultations. Contact us \u2709!","breadcrumb":{"@id":"https:\/\/emplonet.lt\/en\/for-clients\/hr-recruitment-training-and-consultations\/#breadcrumb"},"inLanguage":"en-US","potentialAction":[{"@type":"ReadAction","target":["https:\/\/emplonet.lt\/en\/for-clients\/hr-recruitment-training-and-consultations\/"]}]},{"@type":"ImageObject","inLanguage":"en-US","@id":"https:\/\/emplonet.lt\/en\/for-clients\/hr-recruitment-training-and-consultations\/#primaryimage","url":"https:\/\/emplonet.lt\/wp-content\/uploads\/2021\/12\/logo_template.jpg","contentUrl":"https:\/\/emplonet.lt\/wp-content\/uploads\/2021\/12\/logo_template.jpg","width":600,"height":600},{"@type":"BreadcrumbList","@id":"https:\/\/emplonet.lt\/en\/for-clients\/hr-recruitment-training-and-consultations\/#breadcrumb","itemListElement":[{"@type":"ListItem","position":1,"name":"Home","item":"https:\/\/emplonet.lt\/en\/home\/"},{"@type":"ListItem","position":2,"name":"For Clients","item":"https:\/\/emplonet.lt\/en\/for-clients\/"},{"@type":"ListItem","position":3,"name":"HR, recruitment training and consultations"}]},{"@type":"WebSite","@id":"https:\/\/emplonet.lt\/#website","url":"https:\/\/emplonet.lt\/","name":"Emplonet","description":"Erdv\u0117 augti verslams ir \u017emon\u0117ms","potentialAction":[{"@type":"SearchAction","target":{"@type":"EntryPoint","urlTemplate":"https:\/\/emplonet.lt\/?s={search_term_string}"},"query-input":"required name=search_term_string"}],"inLanguage":"en-US"}]}},"_links":{"self":[{"href":"https:\/\/emplonet.lt\/en\/wp-json\/wp\/v2\/pages\/7808"}],"collection":[{"href":"https:\/\/emplonet.lt\/en\/wp-json\/wp\/v2\/pages"}],"about":[{"href":"https:\/\/emplonet.lt\/en\/wp-json\/wp\/v2\/types\/page"}],"author":[{"embeddable":true,"href":"https:\/\/emplonet.lt\/en\/wp-json\/wp\/v2\/users\/18"}],"replies":[{"embeddable":true,"href":"https:\/\/emplonet.lt\/en\/wp-json\/wp\/v2\/comments?post=7808"}],"version-history":[{"count":8,"href":"https:\/\/emplonet.lt\/en\/wp-json\/wp\/v2\/pages\/7808\/revisions"}],"predecessor-version":[{"id":8344,"href":"https:\/\/emplonet.lt\/en\/wp-json\/wp\/v2\/pages\/7808\/revisions\/8344"}],"up":[{"embeddable":true,"href":"https:\/\/emplonet.lt\/en\/wp-json\/wp\/v2\/pages\/7934"}],"wp:featuredmedia":[{"embeddable":true,"href":"https:\/\/emplonet.lt\/en\/wp-json\/wp\/v2\/media\/1189"}],"wp:attachment":[{"href":"https:\/\/emplonet.lt\/en\/wp-json\/wp\/v2\/media?parent=7808"}],"curies":[{"name":"wp","href":"https:\/\/api.w.org\/{rel}","templated":true}]}}