{"id":7765,"date":"2023-12-11T13:39:23","date_gmt":"2023-12-11T11:39:23","guid":{"rendered":"https:\/\/emplonet.lt\/employee-engagement-survey\/"},"modified":"2025-02-19T14:21:28","modified_gmt":"2025-02-19T12:21:28","slug":"employee-engagement-survey","status":"publish","type":"page","link":"https:\/\/emplonet.lt\/en\/for-clients\/employee-engagement-survey\/","title":{"rendered":"Employee engagement survey"},"content":{"rendered":"<div class=\"wpb-content-wrapper\"><p>[vc_row row_height_percent=&#8221;0&#8243; back_color=&#8221;color-703045&#8243; overlay_alpha=&#8221;50&#8243; gutter_size=&#8221;3&#8243; column_width_percent=&#8221;100&#8243; shift_y=&#8221;0&#8243; z_index=&#8221;0&#8243; uncode_shortcode_id=&#8221;856666&#8243; back_color_type=&#8221;uncode-palette&#8221;][vc_column width=&#8221;1\/1&#8243;][vc_row_inner][vc_column_inner width=&#8221;1\/1&#8243;][vc_custom_heading heading_semantic=&#8221;h1&#8243; uncode_shortcode_id=&#8221;135508&#8243;]Employee engagement survey[\/vc_custom_heading][\/vc_column_inner][\/vc_row_inner][\/vc_column][\/vc_row][vc_row][vc_column width=&#8221;1\/1&#8243;][vc_single_image media=&#8221;5405&#8243; media_width_percent=&#8221;100&#8243; uncode_shortcode_id=&#8221;813049&#8243;][vc_column_text uncode_shortcode_id=&#8221;897944&#8243;]<span style=\"font-weight: 400;\">Employees make decisions and take actions that can affect the organization every day. How a company treats its employees and how the employees treat each other can positively influence their actions or, conversely, jeopardise an organization&#8217;s performance. According to decades of <strong>employee engagement studies<\/strong>, engaged employees contribute to better business results. However, only 13% of employees worldwide <\/span><span style=\"font-weight: 400;\">report being engaged, satisfied with their work, motivated and thriving at work (Gallup, 2023)<\/span><span style=\"font-weight: 400;\">. Why is that? What drives employee engagement and how can it be measured? <\/span>[\/vc_column_text][\/vc_column][\/vc_row][vc_row][vc_column width=&#8221;1\/1&#8243;][vc_column_text uncode_shortcode_id=&#8221;849322&#8243;]<\/p>\n<h2>&#8220;UNLOCK Employee Experience&#8221;<\/h2>\n<p><span style=\"font-weight: 400;\">The UNLOCK Employee Engagement Survey (UNLOCK test) measures employee job satisfaction, empowerment and loyalty, as well as the organization&#8217;s microclimate and culture. It is a worthwhile test for all organizations seeking growth and a clearer understanding of their employees. The UNLOCK test can be applied in the following areas: <\/span><\/p>\n<ul>\n<li style=\"font-weight: 400;\" aria-level=\"1\"><span style=\"font-weight: 400;\">to measure employee engagement;<\/span><\/li>\n<li style=\"font-weight: 400;\" aria-level=\"1\"><span style=\"font-weight: 400;\">to reduce staff turnover;<\/span><\/li>\n<li style=\"font-weight: 400;\" aria-level=\"1\"><span style=\"font-weight: 400;\">for planning organizational change;<\/span><\/li>\n<li style=\"font-weight: 400;\" aria-level=\"1\"><span style=\"font-weight: 400;\">to increase the attractiveness of the company;<\/span><\/li>\n<li style=\"font-weight: 400;\" aria-level=\"1\"><span style=\"font-weight: 400;\"> to create a positive organizational culture.<\/span><\/li>\n<\/ul>\n<p>[\/vc_column_text][vc_button button_color=&#8221;color-145278&#8243; border_width=&#8221;0&#8243; link=&#8221;url:https%3A%2F%2Femplonet.lt%2Fen%2Fcontacts%2F&#8221; button_color_type=&#8221;uncode-palette&#8221; uncode_shortcode_id=&#8221;196984&#8243;]Contact us[\/vc_button][\/vc_column][\/vc_row][vc_row row_height_percent=&#8221;0&#8243; back_color=&#8221;color-703045&#8243; overlay_alpha=&#8221;50&#8243; gutter_size=&#8221;3&#8243; column_width_percent=&#8221;100&#8243; shift_y=&#8221;0&#8243; z_index=&#8221;0&#8243; uncode_shortcode_id=&#8221;276231&#8243; back_color_type=&#8221;uncode-palette&#8221;][vc_column width=&#8221;1\/1&#8243;][vc_column_text uncode_shortcode_id=&#8221;196811&#8243;]<\/p>\n<h2>Components to be measured in the test<\/h2>\n<p><span style=\"font-weight: 400;\">The organization&#8217;s employee engagement survey reveals the following indicators:<\/span>[\/vc_column_text][uncode_list icon=&#8221;fa fa-check&#8221; icon_color=&#8221;color-145278&#8243; uncode_shortcode_id=&#8221;101014&#8243; icon_color_type=&#8221;uncode-palette&#8221;]<\/p>\n<ul>\n<li><span style=\"font-weight: 400;\"><strong>employee job satisfaction<\/strong> (e.g. compensation, meaning of work, tasks received, intrinsic motivation, work\/life balance, etc.);<\/span><\/li>\n<li><span style=\"font-weight: 400;\"><strong>employee satisfaction with the social benefits offered by the organization<\/strong> (e.g. company holidays, bonuses, supplemental health insurance, etc.);<\/span><\/li>\n<li><span style=\"font-weight: 400;\"><strong>employee empowerment within the organization<\/strong> (e.g. growth and career opportunities, direct leadership, clarity of objectives, leadership within the organization, clarity of boundaries of responsibilities, effectiveness of teamwork and communication, innovation within the organization, etc.);<\/span><\/li>\n<li><span style=\"font-weight: 400;\"><strong>employee satisfaction with remote and hybrid work<\/strong>, its conditions, communication and effectiveness;<\/span><\/li>\n<li><span style=\"font-weight: 400;\"><strong>employees&#8217; perceived psychological safety and organizational microclimate<\/strong>;<\/span><\/li>\n<li><span style=\"font-weight: 400;\"><strong>employee loyalty to the organization and eNPS<\/strong> (Employee Net Promoter Score);<\/span><\/li>\n<li><span style=\"font-weight: 400;\"><strong>Organizational Diversity and Inclusion Score<\/strong>.<\/span><\/li>\n<\/ul>\n<p>[\/uncode_list][\/vc_column][\/vc_row][vc_row][vc_column width=&#8221;1\/1&#8243;][vc_separator sep_color=&#8221;&#8221; uncode_shortcode_id=&#8221;891818&#8243;][vc_column_text uncode_shortcode_id=&#8221;194998&#8243;]<\/p>\n<h2>The survey\u2019s value to the organization<\/h2>\n<p><span style=\"font-weight: 400;\">The UNLOCK Employee engagement survey combines decades of research in management and organizational psychology with practical knowledge about what works in business. The tool provides a comprehensive report on the microclimate of an organization and employees&#8217; attitudes towards their workplace. Microclimate analysis allows a better assessment of the opportunities for success and the risks associated with the changes planned in the company. Regular monitoring of the organization&#8217;s microclimate allows you to detect challenges more quickly, react to them in a timely and appropriate manner, and make decisions that meet the actual needs of your employees. <\/span><\/p>\n<p><span style=\"font-weight: 400;\">Assessing employee experience and organizational culture provides a better understanding of the microclimate of the organization, as well as the reasons for low employee engagement or high turnover. The information obtained from the surveys empowers companies to develop guidelines for enhancing employee experience and culture, plan for change, and improve employee satisfaction, engagement and loyalty. An empowered, happy and motivated workforce is a key driver of business success. The study can be used to:<\/span><\/p>\n<ul>\n<li><b>learn how employees feel. <\/b><span style=\"font-weight: 400;\">One of the benefits of the survey is the clear understanding of the overall employee experience, including the working environment, relationships with the team and line managers; and whether employees feel included in the organization&#8217;s culture and values. Addressing issues in these areas will lead to happier employees and better company performance. Employee feedback can indicate whether the company needs to improve career opportunities, how inexperienced staff is treated, etc.;<\/span><\/li>\n<li><b>receive feedback. <\/b><span style=\"font-weight: 400;\">Employee<\/span><span style=\"font-weight: 400;\">experience surveys can be used to develop new initiatives. For example, an employee satisfaction survey may reveal that the majority of team members want managers to give feedback more often and in different ways than they do now. Based on these findings, a plan can be developed for how management can measure employee merit;<\/span><\/li>\n<li><b>help employees feel valued and heard. <\/b><span style=\"font-weight: 400;\">When an organization asks its employees for their opinions and new ideas, and takes action to address their concerns, they feel empowered. As a result of the survey and the follow-up actions that the organization&#8217;s managers take based on the results, employees will see how honest feedback and engagement can lead to change. This can increase employee engagement, productivity and performance.<\/span><\/li>\n<\/ul>\n<p>[\/vc_column_text][vc_separator sep_color=&#8221;&#8221; uncode_shortcode_id=&#8221;133369&#8243;][\/vc_column][\/vc_row][vc_row row_height_percent=&#8221;0&#8243; overlay_alpha=&#8221;50&#8243; gutter_size=&#8221;3&#8243; column_width_percent=&#8221;100&#8243; shift_y=&#8221;0&#8243; z_index=&#8221;0&#8243; uncode_shortcode_id=&#8221;950621&#8243;][vc_column width=&#8221;1\/1&#8243;][vc_column_text uncode_shortcode_id=&#8221;204633&#8243;]<\/p>\n<h2>Additional questions for the survey<\/h2>\n<p><span style=\"font-weight: 400;\">With an easy-to-use employee survey tool, managers no longer have to sit at a desk and guess what their employees need. They can simply ask them to answer questions that will help them identify issues and develop action plans to overcome them.<\/span><\/p>\n<p><span style=\"font-weight: 400;\">The questions asked should provide an accurate overview of the employees&#8217; experience in the organization. The survey can provide a mix of qualitative and quantitative data by asking open-ended questions, as well as those using a scoring or choice system. The aim of the study is to generate effective feedback that can be used to improve the organization&#8217;s performance. What additional questions can be asked? <\/span>[\/vc_column_text][\/vc_column][\/vc_row][vc_row row_height_percent=&#8221;0&#8243; back_color=&#8221;color-703045&#8243; back_image=&#8221;68&#8243; overlay_alpha=&#8221;50&#8243; gutter_size=&#8221;3&#8243; column_width_percent=&#8221;100&#8243; shift_y=&#8221;0&#8243; z_index=&#8221;0&#8243; uncode_shortcode_id=&#8221;811354&#8243; back_color_type=&#8221;uncode-palette&#8221;][vc_column width=&#8221;1\/4&#8243;][vc_column_text uncode_shortcode_id=&#8221;139482&#8243;]<\/p>\n<h3>Questions about the role of the employee in the organization<\/h3>\n<p><span style=\"font-weight: 400;\">It&#8217;s no secret that most of an employee&#8217;s experience in a company consists of their day-to-day duties, interacting with managers and other team members. The test can ask questions that assess the employee&#8217;s experience in their role. These may include questions related to management, work environment, personal growth and overall job satisfaction. <\/span>[\/vc_column_text][\/vc_column][vc_column width=&#8221;1\/4&#8243;][vc_column_text uncode_shortcode_id=&#8221;181361&#8243;]<\/p>\n<h3>Questions on management and leadership<\/h3>\n<p><span style=\"font-weight: 400;\">A study performed in the US found that half of American adults have left a job because they were unhappy with their manager. The quality of leadership has a significant impact on employee well-being and overall job satisfaction. A strong employer-employee relationship can improve the employee experience by creating a safe place for employees to provide constructive feedback and respond to their needs and concerns. The survey could include questions that reveal how management affects the employee experience, how well the manager is doing their job, etc. These questions can help assess how employees feel about their team.<\/span>[\/vc_column_text][\/vc_column][vc_column width=&#8221;1\/4&#8243;][vc_column_text uncode_shortcode_id=&#8221;191009&#8243;]<\/p>\n<h3>Questions about company culture<\/h3>\n<p><span style=\"font-weight: 400;\">Company culture encompasses the values, beliefs and atmosphere of an organization. A well-fostered workplace culture encourages employees to engage and feel emotionally connected to their work and the organization. Research shows that as many as 84% of employees who had a clear understanding of their company&#8217;s strategy and felt connected to its vision and values were more productive. Employee experience surveys can provide feedback on whether an organization&#8217;s values are aligned with how employees perceive them. Ideally, employees should feel connected to the organization and believe they are doing meaningful work. When this is the case, employee engagement increases significantly.<\/span>[\/vc_column_text][\/vc_column][vc_column width=&#8221;1\/4&#8243;][vc_column_text uncode_shortcode_id=&#8221;547930&#8243;]<\/p>\n<h3>Questions on diversity and inclusion<\/h3>\n<p><span style=\"font-weight: 400;\">The Employee Engagement Survey is a very important tool to determine how team members feel about diversity and inclusion in the organization. The surveys are anonymous, so employees have no reason not to be open when expressing their views and feel comfortable expressing their concerns about how the organization treats different people. Employee feedback will help management to identify problems in the workplace and resolve them quickly. Asking these questions and, most importantly, acting on them will improve employee wellbeing, engagement and satisfaction.<\/span>[\/vc_column_text][\/vc_column][\/vc_row][vc_row][vc_column column_width_percent=&#8221;100&#8243; gutter_size=&#8221;3&#8243; overlay_alpha=&#8221;50&#8243; shift_x=&#8221;0&#8243; shift_y=&#8221;0&#8243; shift_y_down=&#8221;0&#8243; z_index=&#8221;0&#8243; medium_width=&#8221;0&#8243; mobile_width=&#8221;0&#8243; width=&#8221;1\/1&#8243; uncode_shortcode_id=&#8221;193682&#8243; css=&#8221;.vc_custom_1688549283343{border-bottom-width: 0px !important;padding-bottom: 0px !important;}&#8221;][vc_column_text uncode_shortcode_id=&#8221;833219&#8243;]<\/p>\n<h2>Are the results of the survey accurate?<\/h2>\n<p>The results are calculated by a computer so they are accurate, but there is always the human factor \u2013 the questions are answered by the employees of the organization; it could be that the employee was not honest, open, etc. when answering the questions. Nevertheless, this survey can be an excellent starting point for assessing the microclimate of an organization and drawing appropriate conclusions.[\/vc_column_text][vc_button button_color=&#8221;color-145278&#8243; border_width=&#8221;0&#8243; link=&#8221;url:https%3A%2F%2Femplonet.lt%2Fen%2Fcontacts%2F&#8221; button_color_type=&#8221;uncode-palette&#8221; uncode_shortcode_id=&#8221;386849&#8243;]Contact us[\/vc_button][\/vc_column][\/vc_row][vc_row][vc_column width=&#8221;1\/1&#8243;][vc_column_text uncode_shortcode_id=&#8221;259295&#8243;]<\/p>\n<h3>Other services:<\/h3>\n<p>[\/vc_column_text][vc_row_inner][vc_column_inner width=&#8221;1\/4&#8243;][vc_button button_color=&#8221;color-145278&#8243; border_width=&#8221;0&#8243; link=&#8221;url:https%3A%2F%2Femplonet.lt%2Fen%2Fit-specialist-recruitment-and-selection%2F&#8221; button_color_type=&#8221;uncode-palette&#8221; uncode_shortcode_id=&#8221;163680&#8243;]IT specialists recruitment [\/vc_button][\/vc_column_inner][vc_column_inner width=&#8221;1\/4&#8243;][vc_button button_color=&#8221;color-145278&#8243; border_width=&#8221;0&#8243; link=&#8221;url:https%3A%2F%2Femplonet.lt%2Fen%2Fexecutive-recruitment%2F&#8221; button_color_type=&#8221;uncode-palette&#8221; uncode_shortcode_id=&#8221;132548&#8243;]Executive recruitment[\/vc_button][\/vc_column_inner][vc_column_inner width=&#8221;1\/4&#8243;][vc_button button_color=&#8221;color-145278&#8243; border_width=&#8221;0&#8243; link=&#8221;url:https%3A%2F%2Femplonet.lt%2Fen%2Fspecialist-recruitment%2F&#8221; button_color_type=&#8221;uncode-palette&#8221; uncode_shortcode_id=&#8221;205745&#8243;]Specialists recruitment[\/vc_button][\/vc_column_inner][vc_column_inner width=&#8221;1\/4&#8243;][\/vc_column_inner][\/vc_row_inner][\/vc_column][\/vc_row]<\/p>\n<\/div>","protected":false},"excerpt":{"rendered":"<p>[vc_row row_height_percent=&#8221;0&#8243; back_color=&#8221;color-703045&#8243; overlay_alpha=&#8221;50&#8243; gutter_size=&#8221;3&#8243; column_width_percent=&#8221;100&#8243; shift_y=&#8221;0&#8243; z_index=&#8221;0&#8243; uncode_shortcode_id=&#8221;856666&#8243; back_color_type=&#8221;uncode-palette&#8221;][vc_column width=&#8221;1\/1&#8243;][vc_row_inner][vc_column_inner width=&#8221;1\/1&#8243;][vc_custom_heading heading_semantic=&#8221;h1&#8243; uncode_shortcode_id=&#8221;135508&#8243;]Employee engagement survey[\/vc_custom_heading][\/vc_column_inner][\/vc_row_inner][\/vc_column][\/vc_row][vc_row][vc_column width=&#8221;1\/1&#8243;][vc_single_image media=&#8221;5405&#8243; media_width_percent=&#8221;100&#8243; uncode_shortcode_id=&#8221;813049&#8243;][vc_column_text [&hellip;]<\/p>\n","protected":false},"author":38,"featured_media":1189,"parent":7934,"menu_order":0,"comment_status":"closed","ping_status":"closed","template":"","meta":{"footnotes":""},"class_list":["post-7765","page","type-page","status-publish","has-post-thumbnail","hentry"],"yoast_head":"<!-- This site is optimized with the Yoast SEO plugin v23.0 - https:\/\/yoast.com\/wordpress\/plugins\/seo\/ -->\n<title>Employee Engagement Survey - Emplonet<\/title>\n<meta name=\"description\" content=\"Employee Engagement Survey by Emplonet \u2611\ufe0f A comprehensive analysis of employee satisfaction, empowerment and loyalty to help organizations grow!\" \/>\n<meta name=\"robots\" content=\"index, follow, max-snippet:-1, max-image-preview:large, max-video-preview:-1\" \/>\n<link rel=\"canonical\" href=\"https:\/\/emplonet.lt\/en\/for-clients\/employee-engagement-survey\/\" \/>\n<meta property=\"og:locale\" content=\"en_US\" \/>\n<meta property=\"og:type\" content=\"article\" \/>\n<meta property=\"og:title\" content=\"Employee Engagement Survey - Emplonet\" \/>\n<meta property=\"og:description\" content=\"Hiring the right person reduces staff turnover, saves time and money, and enables teams to achieve long-term goals.\" \/>\n<meta property=\"og:url\" content=\"https:\/\/emplonet.lt\/en\/for-clients\/employee-engagement-survey\/\" \/>\n<meta property=\"og:site_name\" content=\"Emplonet\" \/>\n<meta property=\"article:modified_time\" content=\"2025-02-19T12:21:28+00:00\" \/>\n<meta property=\"og:image\" content=\"https:\/\/emplonet.lt\/wp-content\/uploads\/2021\/12\/logo_template.jpg\" \/>\n\t<meta property=\"og:image:width\" content=\"600\" \/>\n\t<meta property=\"og:image:height\" content=\"600\" \/>\n\t<meta property=\"og:image:type\" content=\"image\/jpeg\" \/>\n<meta name=\"twitter:card\" content=\"summary_large_image\" \/>\n<meta name=\"twitter:title\" content=\"For clients\" \/>\n<meta name=\"twitter:description\" content=\"Hiring the right person reduces staff turnover, saves time and money, and enables teams to achieve long-term goals.\" \/>\n<meta name=\"twitter:label1\" content=\"Est. reading time\" \/>\n\t<meta name=\"twitter:data1\" content=\"8 minutes\" \/>\n<script type=\"application\/ld+json\" class=\"yoast-schema-graph\">{\"@context\":\"https:\/\/schema.org\",\"@graph\":[{\"@type\":\"WebPage\",\"@id\":\"https:\/\/emplonet.lt\/en\/for-clients\/employee-engagement-survey\/\",\"url\":\"https:\/\/emplonet.lt\/en\/for-clients\/employee-engagement-survey\/\",\"name\":\"Employee Engagement Survey - Emplonet\",\"isPartOf\":{\"@id\":\"https:\/\/emplonet.lt\/#website\"},\"primaryImageOfPage\":{\"@id\":\"https:\/\/emplonet.lt\/en\/for-clients\/employee-engagement-survey\/#primaryimage\"},\"image\":{\"@id\":\"https:\/\/emplonet.lt\/en\/for-clients\/employee-engagement-survey\/#primaryimage\"},\"thumbnailUrl\":\"https:\/\/emplonet.lt\/wp-content\/uploads\/2021\/12\/logo_template.jpg\",\"datePublished\":\"2023-12-11T11:39:23+00:00\",\"dateModified\":\"2025-02-19T12:21:28+00:00\",\"description\":\"Employee Engagement Survey by Emplonet \u2611\ufe0f A comprehensive analysis of employee satisfaction, empowerment and loyalty to help organizations grow!\",\"breadcrumb\":{\"@id\":\"https:\/\/emplonet.lt\/en\/for-clients\/employee-engagement-survey\/#breadcrumb\"},\"inLanguage\":\"en-US\",\"potentialAction\":[{\"@type\":\"ReadAction\",\"target\":[\"https:\/\/emplonet.lt\/en\/for-clients\/employee-engagement-survey\/\"]}]},{\"@type\":\"ImageObject\",\"inLanguage\":\"en-US\",\"@id\":\"https:\/\/emplonet.lt\/en\/for-clients\/employee-engagement-survey\/#primaryimage\",\"url\":\"https:\/\/emplonet.lt\/wp-content\/uploads\/2021\/12\/logo_template.jpg\",\"contentUrl\":\"https:\/\/emplonet.lt\/wp-content\/uploads\/2021\/12\/logo_template.jpg\",\"width\":600,\"height\":600},{\"@type\":\"BreadcrumbList\",\"@id\":\"https:\/\/emplonet.lt\/en\/for-clients\/employee-engagement-survey\/#breadcrumb\",\"itemListElement\":[{\"@type\":\"ListItem\",\"position\":1,\"name\":\"Home\",\"item\":\"https:\/\/emplonet.lt\/en\/home\/\"},{\"@type\":\"ListItem\",\"position\":2,\"name\":\"For Clients\",\"item\":\"https:\/\/emplonet.lt\/en\/for-clients\/\"},{\"@type\":\"ListItem\",\"position\":3,\"name\":\"Employee engagement survey\"}]},{\"@type\":\"WebSite\",\"@id\":\"https:\/\/emplonet.lt\/#website\",\"url\":\"https:\/\/emplonet.lt\/\",\"name\":\"Emplonet\",\"description\":\"Erdv\u0117 augti verslams ir \u017emon\u0117ms\",\"potentialAction\":[{\"@type\":\"SearchAction\",\"target\":{\"@type\":\"EntryPoint\",\"urlTemplate\":\"https:\/\/emplonet.lt\/?s={search_term_string}\"},\"query-input\":\"required name=search_term_string\"}],\"inLanguage\":\"en-US\"}]}<\/script>\n<!-- \/ Yoast SEO plugin. -->","yoast_head_json":{"title":"Employee Engagement Survey - Emplonet","description":"Employee Engagement Survey by Emplonet \u2611\ufe0f A comprehensive analysis of employee satisfaction, empowerment and loyalty to help organizations grow!","robots":{"index":"index","follow":"follow","max-snippet":"max-snippet:-1","max-image-preview":"max-image-preview:large","max-video-preview":"max-video-preview:-1"},"canonical":"https:\/\/emplonet.lt\/en\/for-clients\/employee-engagement-survey\/","og_locale":"en_US","og_type":"article","og_title":"Employee Engagement Survey - Emplonet","og_description":"Hiring the right person reduces staff turnover, saves time and money, and enables teams to achieve long-term goals.","og_url":"https:\/\/emplonet.lt\/en\/for-clients\/employee-engagement-survey\/","og_site_name":"Emplonet","article_modified_time":"2025-02-19T12:21:28+00:00","og_image":[{"width":600,"height":600,"url":"https:\/\/emplonet.lt\/wp-content\/uploads\/2021\/12\/logo_template.jpg","type":"image\/jpeg"}],"twitter_card":"summary_large_image","twitter_title":"For clients","twitter_description":"Hiring the right person reduces staff turnover, saves time and money, and enables teams to achieve long-term goals.","twitter_misc":{"Est. reading time":"8 minutes"},"schema":{"@context":"https:\/\/schema.org","@graph":[{"@type":"WebPage","@id":"https:\/\/emplonet.lt\/en\/for-clients\/employee-engagement-survey\/","url":"https:\/\/emplonet.lt\/en\/for-clients\/employee-engagement-survey\/","name":"Employee Engagement Survey - Emplonet","isPartOf":{"@id":"https:\/\/emplonet.lt\/#website"},"primaryImageOfPage":{"@id":"https:\/\/emplonet.lt\/en\/for-clients\/employee-engagement-survey\/#primaryimage"},"image":{"@id":"https:\/\/emplonet.lt\/en\/for-clients\/employee-engagement-survey\/#primaryimage"},"thumbnailUrl":"https:\/\/emplonet.lt\/wp-content\/uploads\/2021\/12\/logo_template.jpg","datePublished":"2023-12-11T11:39:23+00:00","dateModified":"2025-02-19T12:21:28+00:00","description":"Employee Engagement Survey by Emplonet \u2611\ufe0f A comprehensive analysis of employee satisfaction, empowerment and loyalty to help organizations grow!","breadcrumb":{"@id":"https:\/\/emplonet.lt\/en\/for-clients\/employee-engagement-survey\/#breadcrumb"},"inLanguage":"en-US","potentialAction":[{"@type":"ReadAction","target":["https:\/\/emplonet.lt\/en\/for-clients\/employee-engagement-survey\/"]}]},{"@type":"ImageObject","inLanguage":"en-US","@id":"https:\/\/emplonet.lt\/en\/for-clients\/employee-engagement-survey\/#primaryimage","url":"https:\/\/emplonet.lt\/wp-content\/uploads\/2021\/12\/logo_template.jpg","contentUrl":"https:\/\/emplonet.lt\/wp-content\/uploads\/2021\/12\/logo_template.jpg","width":600,"height":600},{"@type":"BreadcrumbList","@id":"https:\/\/emplonet.lt\/en\/for-clients\/employee-engagement-survey\/#breadcrumb","itemListElement":[{"@type":"ListItem","position":1,"name":"Home","item":"https:\/\/emplonet.lt\/en\/home\/"},{"@type":"ListItem","position":2,"name":"For Clients","item":"https:\/\/emplonet.lt\/en\/for-clients\/"},{"@type":"ListItem","position":3,"name":"Employee engagement survey"}]},{"@type":"WebSite","@id":"https:\/\/emplonet.lt\/#website","url":"https:\/\/emplonet.lt\/","name":"Emplonet","description":"Erdv\u0117 augti verslams ir \u017emon\u0117ms","potentialAction":[{"@type":"SearchAction","target":{"@type":"EntryPoint","urlTemplate":"https:\/\/emplonet.lt\/?s={search_term_string}"},"query-input":"required name=search_term_string"}],"inLanguage":"en-US"}]}},"_links":{"self":[{"href":"https:\/\/emplonet.lt\/en\/wp-json\/wp\/v2\/pages\/7765"}],"collection":[{"href":"https:\/\/emplonet.lt\/en\/wp-json\/wp\/v2\/pages"}],"about":[{"href":"https:\/\/emplonet.lt\/en\/wp-json\/wp\/v2\/types\/page"}],"author":[{"embeddable":true,"href":"https:\/\/emplonet.lt\/en\/wp-json\/wp\/v2\/users\/38"}],"replies":[{"embeddable":true,"href":"https:\/\/emplonet.lt\/en\/wp-json\/wp\/v2\/comments?post=7765"}],"version-history":[{"count":6,"href":"https:\/\/emplonet.lt\/en\/wp-json\/wp\/v2\/pages\/7765\/revisions"}],"predecessor-version":[{"id":8336,"href":"https:\/\/emplonet.lt\/en\/wp-json\/wp\/v2\/pages\/7765\/revisions\/8336"}],"up":[{"embeddable":true,"href":"https:\/\/emplonet.lt\/en\/wp-json\/wp\/v2\/pages\/7934"}],"wp:featuredmedia":[{"embeddable":true,"href":"https:\/\/emplonet.lt\/en\/wp-json\/wp\/v2\/media\/1189"}],"wp:attachment":[{"href":"https:\/\/emplonet.lt\/en\/wp-json\/wp\/v2\/media?parent=7765"}],"curies":[{"name":"wp","href":"https:\/\/api.w.org\/{rel}","templated":true}]}}